{"id":16633,"date":"2024-02-29T12:43:18","date_gmt":"2024-02-29T10:43:18","guid":{"rendered":"https:\/\/mareksj17.sg-host.com\/?post_type=product&#038;p=16633"},"modified":"2026-02-27T20:52:05","modified_gmt":"2026-02-27T18:52:05","slug":"push-sports-celgalu-stiprinajums","status":"publish","type":"product","link":"https:\/\/medapp.lv\/et\/product\/push-sports-celgalu-stiprinajums\/","title":{"rendered":"PUSH P\u00f5lveortoos"},"content":{"rendered":"<p><strong>Millal tuleks Push Sportsi p\u00f5lvetugesid kasutada?<\/strong><\/p>\n<ul>\n<li>P\u00f5lve \u00fcldine ebastabiilsus,<\/li>\n<li>Ebastabiilsus p\u00e4rast sideme vigastust,<\/li>\n<li>Kerge ebastabiilsusega osteoartriit,<\/li>\n<li>meniski vigastus,<\/li>\n<li>patellofemoraalne valu s\u00fcndroom,<\/li>\n<\/ul>\n<p><strong>Kinnitusvahendi rakendamine.<\/strong><\/p>\n<p>Avage kaks konks- ja silmuskinnitust. T\u00f5mmake traks \u00fcle p\u00f5lve, kuni padi j\u00e4\u00e4b p\u00f5lve alla. \u00d5ige toe tagamiseks on oluline, et padi sobiks tihedalt \u00fcmber p\u00f5lve. Sulgege \u00fclemine konks- ja silmuskinnitus nii, et reie \u00fcmber oleks mugav surve. Sulgege alumine konks ja silmuskinnitus nii, et tunneksite p\u00f5lve all mugavat survet.<\/p>\n<p><iframe title=\"YouTube&#039;i videopleier\" src=\"https:\/\/www.youtube.com\/embed\/VReric3V5rg?si=x_Y1on8uIfx4Rkej\" width=\"560\" height=\"315\" frameborder=\"0\" allowfullscreen=\"allowfullscreen\"><\/iframe><\/p>","protected":false},"excerpt":{"rendered":"<p><strong>Push Sports p\u00f5lvetugi<\/strong> toetab p\u00f5lve erilisel viisil, kasutades mitteteljelisi lehtvedru hingesid m\u00f5lemal pool p\u00f5lve. K\u00fclgmine liikumine on piiratud, samas kui p\u00f5lve paindumine ja sirutamine ei ole kahjustatud. U-kujuline survepadi asetatakse \u00fcmber p\u00f5lvekedra ja see aitab p\u00f5lve stabiliseerida.<\/p>\n<p><strong>Push Sports p\u00f5lvetugi<\/strong> on saadaval neljas suuruses, mis on universaalselt kasutatavad vasakule ja paremale k\u00fcljele. Valige sobiv toote suurus, m\u00f5\u00f5tes s\u00e4\u00e4re \u00fcmberm\u00f5\u00f5tu vahetult p\u00f5lve all.<\/p>","protected":false},"featured_media":18329,"comment_status":"open","ping_status":"closed","template":"","meta":[],"product_brand":[],"product_cat":[137,133],"product_tag":[],"class_list":{"0":"post-16633","1":"product","2":"type-product","3":"status-publish","4":"has-post-thumbnail","6":"product_cat-kajai-cela-locitivai-un-pedai","7":"product_cat-ortozes","9":"first","10":"instock","11":"taxable","12":"shipping-taxable","13":"purchasable","14":"product-type-variable"},"_links":{"self":[{"href":"https:\/\/medapp.lv\/et\/wp-json\/wp\/v2\/product\/16633","targetHints":{"allow":["GET"]}}],"collection":[{"href":"https:\/\/medapp.lv\/et\/wp-json\/wp\/v2\/product"}],"about":[{"href":"https:\/\/medapp.lv\/et\/wp-json\/wp\/v2\/types\/product"}],"replies":[{"embeddable":true,"href":"https:\/\/medapp.lv\/et\/wp-json\/wp\/v2\/comments?post=16633"}],"version-history":[{"count":10,"href":"https:\/\/medapp.lv\/et\/wp-json\/wp\/v2\/product\/16633\/revisions"}],"predecessor-version":[{"id":20033,"href":"https:\/\/medapp.lv\/et\/wp-json\/wp\/v2\/product\/16633\/revisions\/20033"}],"wp:featuredmedia":[{"embeddable":true,"href":"https:\/\/medapp.lv\/et\/wp-json\/wp\/v2\/media\/18329"}],"wp:attachment":[{"href":"https:\/\/medapp.lv\/et\/wp-json\/wp\/v2\/media?parent=16633"}],"wp:term":[{"taxonomy":"product_brand","embeddable":true,"href":"https:\/\/medapp.lv\/et\/wp-json\/wp\/v2\/product_brand?post=16633"},{"taxonomy":"product_cat","embeddable":true,"href":"https:\/\/medapp.lv\/et\/wp-json\/wp\/v2\/product_cat?post=16633"},{"taxonomy":"product_tag","embeddable":true,"href":"https:\/\/medapp.lv\/et\/wp-json\/wp\/v2\/product_tag?post=16633"}],"curies":[{"name":"t\u00f6\u00f6leht","href":"https:\/\/api.w.org\/{rel}","templated":true}]}}