{"id":16682,"date":"2024-02-29T23:49:51","date_gmt":"2024-02-29T21:49:51","guid":{"rendered":"https:\/\/mareksj17.sg-host.com\/?post_type=product&#038;p=16682"},"modified":"2025-07-16T09:05:48","modified_gmt":"2025-07-16T07:05:48","slug":"reh4mat-sakralas-korsete","status":"publish","type":"product","link":"https:\/\/medapp.lv\/et\/product\/reh4mat-sakralas-korsete\/","title":{"rendered":"REH4MAT Sakraalkorsett"},"content":{"rendered":"<p>Sakraalortoos AM-OK\/CCA on valmistatud ActiveSpace\u2122 kangast.<\/p>\n<p>AM-OK\/CCA ristluuortoos on mugav, seega saab seda kanda riiete all terve p\u00e4eva.<\/p>\n<p>See on valmistatud kahest s\u00f5ltumatust anatoomiliselt kujundatud elemendist, mis v\u00f5imaldavad seadmel t\u00e4pselt kehaga kohaneda. Vaba ruum nende elementide vahel v\u00f5imaldab ristluu nahal hingata. Tagaosas on CCA-nimeline kompressioonis\u00fcsteem, mis stabiliseerib vaagnat ja v\u00f5imaldab ortoosi reguleerida isegi laiade puusade v\u00f5i eendiga patsientidel. Meie CCA s\u00fcsteem on parim ortopeediline uuendus turul.<\/p>\n<p>Lai mitteelastne v\u00f6\u00f6v\u00f6\u00f6 on stabiliseeriv element, mis reguleerib ristluu l\u00fclisamba kompressiooni. Ortoos on varustatud j\u00e4ikade ristluupadjanditega, mis on \u00fchendatud ka CCA s\u00fcsteemiga, mis tagab suurep\u00e4rase toe ja stabiliseerimise.<\/p>","protected":false},"excerpt":{"rendered":"<p>AM-OK\/CCA ristluuortoos on piisavalt mugav terve p\u00e4eva riiete all kandmiseks, pakkudes kandjale diskreetsust ja mugavust. Ortoos on varustatud j\u00e4ikade ristluupadjanditega, mis on \u00fchendatud CCA s\u00fcsteemiga, tagades k\u00f5rgema taseme toestuse ja stabiliseerimise.<\/p>","protected":false},"featured_media":16700,"comment_status":"open","ping_status":"closed","template":"","meta":[],"product_brand":[],"product_cat":[138,133],"product_tag":[],"class_list":{"0":"post-16682","1":"product","2":"type-product","3":"status-publish","4":"has-post-thumbnail","6":"product_cat-muguras-jostas","7":"product_cat-ortozes","9":"first","10":"instock","11":"taxable","12":"shipping-taxable","13":"purchasable","14":"product-type-variable"},"_links":{"self":[{"href":"https:\/\/medapp.lv\/et\/wp-json\/wp\/v2\/product\/16682","targetHints":{"allow":["GET"]}}],"collection":[{"href":"https:\/\/medapp.lv\/et\/wp-json\/wp\/v2\/product"}],"about":[{"href":"https:\/\/medapp.lv\/et\/wp-json\/wp\/v2\/types\/product"}],"replies":[{"embeddable":true,"href":"https:\/\/medapp.lv\/et\/wp-json\/wp\/v2\/comments?post=16682"}],"version-history":[{"count":3,"href":"https:\/\/medapp.lv\/et\/wp-json\/wp\/v2\/product\/16682\/revisions"}],"predecessor-version":[{"id":20002,"href":"https:\/\/medapp.lv\/et\/wp-json\/wp\/v2\/product\/16682\/revisions\/20002"}],"wp:featuredmedia":[{"embeddable":true,"href":"https:\/\/medapp.lv\/et\/wp-json\/wp\/v2\/media\/16700"}],"wp:attachment":[{"href":"https:\/\/medapp.lv\/et\/wp-json\/wp\/v2\/media?parent=16682"}],"wp:term":[{"taxonomy":"product_brand","embeddable":true,"href":"https:\/\/medapp.lv\/et\/wp-json\/wp\/v2\/product_brand?post=16682"},{"taxonomy":"product_cat","embeddable":true,"href":"https:\/\/medapp.lv\/et\/wp-json\/wp\/v2\/product_cat?post=16682"},{"taxonomy":"product_tag","embeddable":true,"href":"https:\/\/medapp.lv\/et\/wp-json\/wp\/v2\/product_tag?post=16682"}],"curies":[{"name":"t\u00f6\u00f6leht","href":"https:\/\/api.w.org\/{rel}","templated":true}]}}