{"id":16704,"date":"2024-03-01T00:02:07","date_gmt":"2024-02-29T22:02:07","guid":{"rendered":"https:\/\/mareksj17.sg-host.com\/?post_type=product&#038;p=16704"},"modified":"2026-01-28T22:41:13","modified_gmt":"2026-01-28T20:41:13","slug":"pavis-reklenators","status":"publish","type":"product","link":"https:\/\/medapp.lv\/et\/product\/pavis-reklenators\/","title":{"rendered":"PAVIS lamamistool"},"content":{"rendered":"<p>Ortopeediline seljaasendi sirgendaja sobib k\u00f5igile, kellel on seljaasendiga probleeme. \u00d5larihmad ristuvad seljal topelt-risti-pingutusrihmade s\u00fcsteemi abil, mida saab reguleerida vastavalt kandja pikkusele. Et tagada efektiivsus s\u00f5ltumata patsiendi f\u00fcsiognoomiast, on v\u00f5imalik kaks erinevat breketite sulgemisasendit. K\u00f5hupaela pikkust saab v\u00e4hendada k\u00e4\u00e4ridega. Mugavuse suurendamiseks on kaks erineva laiusega \u00f5larihma. See v\u00e4hendab valu, v\u00e4hendab kukkumisohtu k\u00f5ndimisel ja raske f\u00fc\u00fcsilise koormuse korral ning soodustab kandmisel kindlat tunnet. Hingav ja bakteriostaatiline t\u00e4nu Pavise tekstiilile.<\/p>\n<p><iframe title=\"YouTube&#039;i videopleier\" src=\"https:\/\/www.youtube.com\/embed\/KB58yt0cyxw?si=_GEB_-iNURL7B-Ti\" width=\"560\" height=\"315\" frameborder=\"0\" allowfullscreen=\"allowfullscreen\"><\/iframe><\/p>","protected":false},"excerpt":{"rendered":"<p>Ortopeediline seljaasendi sirgendaja on universaalne lahendus, mis tagab individuaalselt reguleeritava fikseerimise, parandades r\u00fchti ja pakkudes seljatuge. See toode on loodud rahuldama laia valikut kasutajaid, pakkudes paindlikke kohandamisv\u00f5imalusi ja kasutuslihtsust.<\/p>\n<p>&nbsp;<\/p>","protected":false},"featured_media":19345,"comment_status":"open","ping_status":"closed","template":"","meta":[],"product_brand":[],"product_cat":[138,133],"product_tag":[],"class_list":{"0":"post-16704","1":"product","2":"type-product","3":"status-publish","4":"has-post-thumbnail","6":"product_cat-muguras-jostas","7":"product_cat-ortozes","9":"first","10":"instock","11":"taxable","12":"shipping-taxable","13":"purchasable","14":"product-type-variable"},"_links":{"self":[{"href":"https:\/\/medapp.lv\/et\/wp-json\/wp\/v2\/product\/16704","targetHints":{"allow":["GET"]}}],"collection":[{"href":"https:\/\/medapp.lv\/et\/wp-json\/wp\/v2\/product"}],"about":[{"href":"https:\/\/medapp.lv\/et\/wp-json\/wp\/v2\/types\/product"}],"replies":[{"embeddable":true,"href":"https:\/\/medapp.lv\/et\/wp-json\/wp\/v2\/comments?post=16704"}],"version-history":[{"count":15,"href":"https:\/\/medapp.lv\/et\/wp-json\/wp\/v2\/product\/16704\/revisions"}],"predecessor-version":[{"id":20094,"href":"https:\/\/medapp.lv\/et\/wp-json\/wp\/v2\/product\/16704\/revisions\/20094"}],"wp:featuredmedia":[{"embeddable":true,"href":"https:\/\/medapp.lv\/et\/wp-json\/wp\/v2\/media\/19345"}],"wp:attachment":[{"href":"https:\/\/medapp.lv\/et\/wp-json\/wp\/v2\/media?parent=16704"}],"wp:term":[{"taxonomy":"product_brand","embeddable":true,"href":"https:\/\/medapp.lv\/et\/wp-json\/wp\/v2\/product_brand?post=16704"},{"taxonomy":"product_cat","embeddable":true,"href":"https:\/\/medapp.lv\/et\/wp-json\/wp\/v2\/product_cat?post=16704"},{"taxonomy":"product_tag","embeddable":true,"href":"https:\/\/medapp.lv\/et\/wp-json\/wp\/v2\/product_tag?post=16704"}],"curies":[{"name":"t\u00f6\u00f6leht","href":"https:\/\/api.w.org\/{rel}","templated":true}]}}