{"id":16858,"date":"2024-03-02T15:57:54","date_gmt":"2024-03-02T13:57:54","guid":{"rendered":"http:\/\/mareksj17.sg-host.com\/?post_type=product&#038;p=16858"},"modified":"2026-04-01T13:10:25","modified_gmt":"2026-04-01T11:10:25","slug":"ikska-cmc-ortoze","status":"publish","type":"product","link":"https:\/\/medapp.lv\/et\/product\/ikska-cmc-ortoze\/","title":{"rendered":"PUSH Ortho P\u00f6idla ortoos"},"content":{"rendered":"<p><strong><strong>Millal peaksite Push ortho thumb cmc ortoosi kasutama?<br \/>\n<\/strong><\/strong><\/p>\n<ul>\n<li>p\u00f6idla CMC liigese artroos,<\/li>\n<li>P\u00f6idla CMC liigese stabiliseerimine p\u00e4rast kirurgilist manipuleerimist,<\/li>\n<li>P\u00f6idla CMC liigese ebastabiilsus.<\/li>\n<\/ul>\n<p><strong>Ortoosi paigaldamine:<\/strong><\/p>\n<p>Avage k\u00f5ik konks- ja silmuskinnitused:<\/p>\n<ol>\n<li>M\u00f5\u00f5tke oma k\u00e4e \u00fcmberm\u00f5\u00f5t.<\/li>\n<li>Enne ortoosi esmast paigaldamist asetage ettevaatlikult metallist siset\u00fckk.<\/li>\n<li>Asetage ortoos k\u00e4ele\/p\u00f6idlale ja l\u00fckake see nii kaugele kui v\u00f5imalik p\u00f6idla suunas. K\u00f5igepealt sulgege randmele k\u00f5ige l\u00e4hemal asuv alumine rihm. Seej\u00e4rel sulgege \u00fclemine rihm.<\/li>\n<li>Hoidke p\u00f6ialt &quot;O&quot; asendis, kui lihased on l\u00f5dvestunud, ja pigistage metallist siset\u00fckki tugevalt, et see vastaks t\u00e4pselt seej\u00e4rel lihase kontuurile ja suurusele.<\/li>\n<\/ol>\n<p><iframe title=\"YouTube&#039;i videopleier\" src=\"https:\/\/www.youtube.com\/embed\/JImbfI88CaE?si=Ja091q05soEYUE0v\" width=\"560\" height=\"315\" frameborder=\"0\" allowfullscreen=\"allowfullscreen\"><\/iframe><\/p>","protected":false},"excerpt":{"rendered":"<p>Push CMC stabiliseerib p\u00f6idla p\u00f5hiliigest (CMC-1) ja asetab p\u00f6idla t\u00f6\u00f6asendisse. See tagab randme optimaalse funktsiooni ja v\u00e4hendab selliseid s\u00fcmptomeid nagu valu ja j\u00f5ukaotus. Valitud materjalid ja \u00fcmarad servad tagavad maksimaalse mugavuse, samas kui lihtne sulgemiss\u00fcsteem v\u00f5imaldab patsientidel manseti pingutuseta selga panna. Toode on antibakteriaalne, vees kasutatav ja kergesti kuivatatav. Push Ortho p\u00f6idlaortoos on saadaval 4 suuruses ning parem- ja vasakpoolses versioonis.<\/p>\n<div id=\"gtx-trans\" style=\"position: absolute; left: 660px; top: 37.8px;\">\n<div class=\"gtx-trans-icon\"><\/div>\n<\/div>","protected":false},"featured_media":17746,"comment_status":"open","ping_status":"closed","template":"","meta":[],"product_brand":[],"product_cat":[139,133],"product_tag":[],"class_list":{"0":"post-16858","1":"product","2":"type-product","3":"status-publish","4":"has-post-thumbnail","6":"product_cat-rokas-un-plaukstai","7":"product_cat-ortozes","9":"first","10":"instock","11":"taxable","12":"shipping-taxable","13":"purchasable","14":"product-type-variable"},"_links":{"self":[{"href":"https:\/\/medapp.lv\/et\/wp-json\/wp\/v2\/product\/16858","targetHints":{"allow":["GET"]}}],"collection":[{"href":"https:\/\/medapp.lv\/et\/wp-json\/wp\/v2\/product"}],"about":[{"href":"https:\/\/medapp.lv\/et\/wp-json\/wp\/v2\/types\/product"}],"replies":[{"embeddable":true,"href":"https:\/\/medapp.lv\/et\/wp-json\/wp\/v2\/comments?post=16858"}],"version-history":[{"count":14,"href":"https:\/\/medapp.lv\/et\/wp-json\/wp\/v2\/product\/16858\/revisions"}],"predecessor-version":[{"id":20032,"href":"https:\/\/medapp.lv\/et\/wp-json\/wp\/v2\/product\/16858\/revisions\/20032"}],"wp:featuredmedia":[{"embeddable":true,"href":"https:\/\/medapp.lv\/et\/wp-json\/wp\/v2\/media\/17746"}],"wp:attachment":[{"href":"https:\/\/medapp.lv\/et\/wp-json\/wp\/v2\/media?parent=16858"}],"wp:term":[{"taxonomy":"product_brand","embeddable":true,"href":"https:\/\/medapp.lv\/et\/wp-json\/wp\/v2\/product_brand?post=16858"},{"taxonomy":"product_cat","embeddable":true,"href":"https:\/\/medapp.lv\/et\/wp-json\/wp\/v2\/product_cat?post=16858"},{"taxonomy":"product_tag","embeddable":true,"href":"https:\/\/medapp.lv\/et\/wp-json\/wp\/v2\/product_tag?post=16858"}],"curies":[{"name":"t\u00f6\u00f6leht","href":"https:\/\/api.w.org\/{rel}","templated":true}]}}