{"id":16869,"date":"2024-03-02T16:22:52","date_gmt":"2024-03-02T14:22:52","guid":{"rendered":"http:\/\/mareksj17.sg-host.com\/?post_type=product&#038;p=16869"},"modified":"2026-04-06T09:49:53","modified_gmt":"2026-04-06T07:49:53","slug":"push-med-celgalu-stiprinajums","status":"publish","type":"product","link":"https:\/\/medapp.lv\/et\/product\/push-med-celgalu-stiprinajums\/","title":{"rendered":"PUSH Med p\u00f5lveortoos"},"content":{"rendered":"<p><strong><strong>Millal peaksite Push Med p\u00f5lvetuge kasutama?<br \/>\n<\/strong><\/strong><\/p>\n<ul>\n<li>Ebastabiilsusega artroos<\/li>\n<li>Reumatoidsed kaebused<\/li>\n<li>Sidemete vigastus<\/li>\n<li>Ebastabiilsus p\u00e4rast sideme vigastust<\/li>\n<li>Operatsioonij\u00e4rgne j\u00e4relravi<\/li>\n<\/ul>\n<p>Ortoos on valmistatud <strong>Sympress\u2122<\/strong>, kvaliteetne mugav materjal. Mikrokiudude kasutamine muudab seest pehmeks ja hoiab naha kuivana. <strong>Push med p\u00f5lvetugi<\/strong> on lihtne selga panna ja seda saab pesta.<\/p>\n<p><strong>Ortoosi paigaldamine:<\/strong><\/p>\n<ol>\n<li>L\u00fckake kinnitus \u00fcle p\u00f5lveliigese. Selleks hoidke kinnitust hingede kohal asuvatest plastsakkidest ja t\u00f5mmake see jalga \u00fcles. Veenduge, et k\u00f5ik rihmad oleksid lahti. Kinnitage ringtugi \u00f5igesti \u00fcmber p\u00f5lvekedra (p\u00f5lve).<\/li>\n<li>Sulgege reie taga- ja esiosa rihmad. Pikkuse muutmine taga ja ees v\u00f5imaldab optimaalselt paigutada kinnitused s\u00e4\u00e4re k\u00fclgedele, nii et kinnitus istub tihedalt ja t\u00f6\u00f6tab ideaalselt.<\/li>\n<li>Seej\u00e4rel sulgege rihmad, mis ristuvad s\u00e4\u00e4re ees.<\/li>\n<\/ol>\n<p><iframe title=\"YouTube&#039;i videopleier\" src=\"https:\/\/www.youtube.com\/embed\/LdO-P-Pu0cI?si=SnMAIbwEoViGWjzY\" width=\"560\" height=\"315\" frameborder=\"0\" allowfullscreen=\"allowfullscreen\"><\/iframe><\/p>","protected":false},"excerpt":{"rendered":"<p><strong>Push Med Hamstring<\/strong>pakub olulist tuge p\u00f5lveliigese k\u00fclgstruktuuridele. P\u00f5lve toetavad kaks n\u00fcri vedru hinge, mis j\u00e4rgivad ainulaadselt p\u00f5lve loomulikke p\u00f6\u00f6rlemisliigutusi. See t\u00e4hendab, et p\u00f5lve painutamine ja sirutamine ei ole takistatud. Hea anatoomiline sobivus ja silikoonrakendus aitavad k\u00f5ndimise ajal ortograafi asendit s\u00e4ilitada.<\/p>\n<p>Push Med Shin Support on saadaval 5 suuruses. Istuge p\u00f5lvedega 90\u00b0 nurga all. Seej\u00e4rel m\u00f5\u00f5tke \u00fcmberm\u00f5\u00f5t jala kitsaima osa \u00fcmbert p\u00f5lveliigese all. Pakendil olev tabel n\u00e4itab teie p\u00f5lve \u00f5iget suurust.<\/p>","protected":false},"featured_media":18310,"comment_status":"open","ping_status":"closed","template":"","meta":[],"product_brand":[],"product_cat":[137,133],"product_tag":[],"class_list":{"0":"post-16869","1":"product","2":"type-product","3":"status-publish","4":"has-post-thumbnail","6":"product_cat-kajai-cela-locitivai-un-pedai","7":"product_cat-ortozes","9":"first","10":"instock","11":"taxable","12":"shipping-taxable","13":"purchasable","14":"product-type-variable"},"_links":{"self":[{"href":"https:\/\/medapp.lv\/et\/wp-json\/wp\/v2\/product\/16869","targetHints":{"allow":["GET"]}}],"collection":[{"href":"https:\/\/medapp.lv\/et\/wp-json\/wp\/v2\/product"}],"about":[{"href":"https:\/\/medapp.lv\/et\/wp-json\/wp\/v2\/types\/product"}],"replies":[{"embeddable":true,"href":"https:\/\/medapp.lv\/et\/wp-json\/wp\/v2\/comments?post=16869"}],"version-history":[{"count":7,"href":"https:\/\/medapp.lv\/et\/wp-json\/wp\/v2\/product\/16869\/revisions"}],"predecessor-version":[{"id":20022,"href":"https:\/\/medapp.lv\/et\/wp-json\/wp\/v2\/product\/16869\/revisions\/20022"}],"wp:featuredmedia":[{"embeddable":true,"href":"https:\/\/medapp.lv\/et\/wp-json\/wp\/v2\/media\/18310"}],"wp:attachment":[{"href":"https:\/\/medapp.lv\/et\/wp-json\/wp\/v2\/media?parent=16869"}],"wp:term":[{"taxonomy":"product_brand","embeddable":true,"href":"https:\/\/medapp.lv\/et\/wp-json\/wp\/v2\/product_brand?post=16869"},{"taxonomy":"product_cat","embeddable":true,"href":"https:\/\/medapp.lv\/et\/wp-json\/wp\/v2\/product_cat?post=16869"},{"taxonomy":"product_tag","embeddable":true,"href":"https:\/\/medapp.lv\/et\/wp-json\/wp\/v2\/product_tag?post=16869"}],"curies":[{"name":"t\u00f6\u00f6leht","href":"https:\/\/api.w.org\/{rel}","templated":true}]}}