{"id":16890,"date":"2024-03-02T16:41:21","date_gmt":"2024-03-02T14:41:21","guid":{"rendered":"http:\/\/mareksj17.sg-host.com\/?post_type=product&#038;p=16890"},"modified":"2026-04-07T09:05:42","modified_gmt":"2026-04-07T07:05:42","slug":"push-med-patella-ortoze","status":"publish","type":"product","link":"https:\/\/medapp.lv\/et\/product\/push-med-patella-ortoze\/","title":{"rendered":"PUSH Med Patella ortoos"},"content":{"rendered":"<p><strong><strong>Millal tuleks Push Med p\u00f5lvekedra ortoose kasutada?<br \/>\n<\/strong><\/strong><\/p>\n<ul>\n<li>p\u00f5lvekedra k\u00f5\u00f5lusep\u00f5letik,<\/li>\n<li>Osgood-Schlatteri t\u00f5bi,<\/li>\n<li>patellofemoraalne valu s\u00fcndroom,<\/li>\n<li>Subluksatsioon\/h\u00fcpermobiilsus proksimaalses tibiofibulaarses liigeses.<\/li>\n<\/ul>\n<p><strong>Sympress\u2122<\/strong> tehnoloogia, ortoos on valmistatud <strong>Sympress\u2122<\/strong>, kvaliteetne mugav materjal. Mikrokiudude kasutamine muudab seest pehmeks ja hoiab naha kuivana. <strong>Push med Patella Orthosis<\/strong> on lihtne selga panna ja seda saab pesta.<\/p>\n<p><strong>Kinnitusvahendi paigaldamine:<\/strong><\/p>\n<ol>\n<li>Veenduge, et kinnituse survepunkt (logo tasemel) oleks vahetult p\u00f5lveluust allpool.<\/li>\n<li>Pingutage reguleeritav rihm ja sulgege see.<\/li>\n<\/ol>\n<p><iframe title=\"YouTube&#039;i videopleier\" src=\"https:\/\/www.youtube.com\/embed\/aj9HriQrlFk?si=oREVsU1WZKO6ORSP\" width=\"560\" height=\"315\" frameborder=\"0\" allowfullscreen=\"allowfullscreen\"><\/iframe><\/p>","protected":false},"excerpt":{"rendered":"<p><strong>Push Med Patella Brace<\/strong> avaldab kohalikku survet kannak\u00f5\u00f5lusele ja toetab p\u00f5lve. Padja koosneb nahaga \u00fchilduvast viskoelastsest pol\u00fcmeerist. Poolj\u00e4iga korgi esiosa tagab h\u00e4sti hajutatud r\u00f5hujaotuse.<\/p>\n<p>Push Med Patella Orthosis on saadaval 1 suuruses. M\u00f5\u00f5tmed on vahemikus 28 kuni 45 sentimeetrit.<\/p>\n<p><span class=\"selectable-text copyable-text\">Suurus: universaalne<\/span><strong><br \/>\n<\/strong><\/p>","protected":false},"featured_media":18428,"comment_status":"open","ping_status":"closed","template":"","meta":[],"product_brand":[],"product_cat":[137,133],"product_tag":[],"class_list":{"0":"post-16890","1":"product","2":"type-product","3":"status-publish","4":"has-post-thumbnail","6":"product_cat-kajai-cela-locitivai-un-pedai","7":"product_cat-ortozes","9":"first","10":"onbackorder","11":"taxable","12":"shipping-taxable","13":"purchasable","14":"product-type-simple"},"_links":{"self":[{"href":"https:\/\/medapp.lv\/et\/wp-json\/wp\/v2\/product\/16890","targetHints":{"allow":["GET"]}}],"collection":[{"href":"https:\/\/medapp.lv\/et\/wp-json\/wp\/v2\/product"}],"about":[{"href":"https:\/\/medapp.lv\/et\/wp-json\/wp\/v2\/types\/product"}],"replies":[{"embeddable":true,"href":"https:\/\/medapp.lv\/et\/wp-json\/wp\/v2\/comments?post=16890"}],"version-history":[{"count":12,"href":"https:\/\/medapp.lv\/et\/wp-json\/wp\/v2\/product\/16890\/revisions"}],"predecessor-version":[{"id":20025,"href":"https:\/\/medapp.lv\/et\/wp-json\/wp\/v2\/product\/16890\/revisions\/20025"}],"wp:featuredmedia":[{"embeddable":true,"href":"https:\/\/medapp.lv\/et\/wp-json\/wp\/v2\/media\/18428"}],"wp:attachment":[{"href":"https:\/\/medapp.lv\/et\/wp-json\/wp\/v2\/media?parent=16890"}],"wp:term":[{"taxonomy":"product_brand","embeddable":true,"href":"https:\/\/medapp.lv\/et\/wp-json\/wp\/v2\/product_brand?post=16890"},{"taxonomy":"product_cat","embeddable":true,"href":"https:\/\/medapp.lv\/et\/wp-json\/wp\/v2\/product_cat?post=16890"},{"taxonomy":"product_tag","embeddable":true,"href":"https:\/\/medapp.lv\/et\/wp-json\/wp\/v2\/product_tag?post=16890"}],"curies":[{"name":"t\u00f6\u00f6leht","href":"https:\/\/api.w.org\/{rel}","templated":true}]}}