{"id":16895,"date":"2024-03-02T16:56:47","date_gmt":"2024-03-02T14:56:47","guid":{"rendered":"http:\/\/mareksj17.sg-host.com\/?post_type=product&#038;p=16895"},"modified":"2025-07-16T09:05:38","modified_gmt":"2025-07-16T07:05:38","slug":"push-med-elkona-ortoze-epi","status":"publish","type":"product","link":"https:\/\/medapp.lv\/et\/product\/push-med-elkona-ortoze-epi\/","title":{"rendered":"PUSH Med k\u00fc\u00fcnarnuki ortoos epi"},"content":{"rendered":"<p><strong><strong>Millal tuleks push med k\u00fc\u00fcnarliigese ortoosi epi kasutada?<br \/>\n<\/strong><\/strong><\/p>\n<ul>\n<li>Tennise k\u00fc\u00fcnarnukk (lateraalne epikond\u00fcliit)<\/li>\n<li>Golfim\u00e4ngija k\u00fc\u00fcnarnukk (keskmine epikond\u00fcliit)<\/li>\n<\/ul>\n<p><strong>Sympress\u2122<\/strong> tehnoloogia abil on ortoos valmistatud Sympress\u2122-st, mis on kvaliteetne ja mugav materjal. Mikrokiudude kasutamine muudab seest pehmeks ja hoiab naha kuivana. Push med Elbow Orthosis Epi on lihtne peale kanda ja seda saab probleemideta pesta.<\/p>\n<p><strong>Ortoosi paigaldamine:<\/strong><\/p>\n<ol>\n<li>Veenduge, et kinnituse survepunkt (logo tasemel) oleks asetatud m\u00f5ne sentimeetri kaugusele valuliku lihase sisestuse k\u00f5rvale k\u00e4e poole.<\/li>\n<li>Pingutage reguleeritav rihm soovitud pingeni ja sulgege see.<\/li>\n<\/ol>\n<p><iframe title=\"YouTube&#039;i videopleier\" src=\"https:\/\/www.youtube.com\/embed\/hCvQbEHy6do?si=au_WRUjKNMIcoisy\" width=\"560\" height=\"315\" frameborder=\"0\" allowfullscreen=\"allowfullscreen\"><\/iframe><\/p>","protected":false},"excerpt":{"rendered":"<p><strong>Push med k\u00fc\u00fcnarnuki ortoos Epi<\/strong> liigeste tugi Epi leevendab tennise- v\u00f5i golfim\u00e4ngija k\u00fc\u00fcnarnuki valu. Polsterdus tagab surve suunamise randme sirutajalihastele (tennise k\u00fc\u00fcnarnuki puhul) v\u00f5i randmel\u00f6\u00f6vijatele (golfim\u00e4ngija k\u00fc\u00fcnarnuki puhul). See muudab nende lihaste k\u00f5\u00f5luste k\u00fc\u00fcnarnuki sisestamise lihtsamaks. Padja koosneb nahaga \u00fchilduvast viskoelastsest pol\u00fcmeerist. C-kujuline kest tagab h\u00e4sti jaotatud surve \u00fcmber k\u00e4e ja v\u00f5imaldab vaba vereringet.<\/p>\n<p>Push Med k\u00fc\u00fcnarnukiortoos Epi on saadaval \u00fches suuruses, universaalselt kasutatav nii vasakule kui ka paremale k\u00fcljele. M\u00f5\u00f5tmed on vahemikus 20 kuni 35 sentimeetrit.<br \/>\n<span class=\"selectable-text copyable-text\">Suurus: universaalne<\/span><strong><br \/>\n<\/strong><\/p>","protected":false},"featured_media":18418,"comment_status":"open","ping_status":"closed","template":"","meta":[],"product_brand":[],"product_cat":[139,133],"product_tag":[],"class_list":{"0":"post-16895","1":"product","2":"type-product","3":"status-publish","4":"has-post-thumbnail","6":"product_cat-rokas-un-plaukstai","7":"product_cat-ortozes","9":"first","10":"instock","11":"taxable","12":"shipping-taxable","13":"purchasable","14":"product-type-simple"},"_links":{"self":[{"href":"https:\/\/medapp.lv\/et\/wp-json\/wp\/v2\/product\/16895","targetHints":{"allow":["GET"]}}],"collection":[{"href":"https:\/\/medapp.lv\/et\/wp-json\/wp\/v2\/product"}],"about":[{"href":"https:\/\/medapp.lv\/et\/wp-json\/wp\/v2\/types\/product"}],"replies":[{"embeddable":true,"href":"https:\/\/medapp.lv\/et\/wp-json\/wp\/v2\/comments?post=16895"}],"version-history":[{"count":8,"href":"https:\/\/medapp.lv\/et\/wp-json\/wp\/v2\/product\/16895\/revisions"}],"predecessor-version":[{"id":20023,"href":"https:\/\/medapp.lv\/et\/wp-json\/wp\/v2\/product\/16895\/revisions\/20023"}],"wp:featuredmedia":[{"embeddable":true,"href":"https:\/\/medapp.lv\/et\/wp-json\/wp\/v2\/media\/18418"}],"wp:attachment":[{"href":"https:\/\/medapp.lv\/et\/wp-json\/wp\/v2\/media?parent=16895"}],"wp:term":[{"taxonomy":"product_brand","embeddable":true,"href":"https:\/\/medapp.lv\/et\/wp-json\/wp\/v2\/product_brand?post=16895"},{"taxonomy":"product_cat","embeddable":true,"href":"https:\/\/medapp.lv\/et\/wp-json\/wp\/v2\/product_cat?post=16895"},{"taxonomy":"product_tag","embeddable":true,"href":"https:\/\/medapp.lv\/et\/wp-json\/wp\/v2\/product_tag?post=16895"}],"curies":[{"name":"t\u00f6\u00f6leht","href":"https:\/\/api.w.org\/{rel}","templated":true}]}}