{"id":16965,"date":"2024-03-03T01:27:21","date_gmt":"2024-03-02T23:27:21","guid":{"rendered":"http:\/\/mareksj17.sg-host.com\/?post_type=product&#038;p=16965"},"modified":"2025-07-17T07:47:33","modified_gmt":"2025-07-17T05:47:33","slug":"push-med-rokas-stiprinajums-splint","status":"publish","type":"product","link":"https:\/\/medapp.lv\/et\/product\/push-med-rokas-stiprinajums-splint\/","title":{"rendered":"PUSH Med K\u00e4eortoos"},"content":{"rendered":"<p><strong><strong>Millal tuleks push med k\u00e4epideme lahast kasutada?<br \/>\n<\/strong><\/strong><\/p>\n<ul>\n<li>Kaebused randmesirutajate pinge \u00fcle,<\/li>\n<li>liigesevalu,<\/li>\n<li>Karpaalkanali s\u00fcndroom<\/li>\n<\/ul>\n<p><strong>Sympress\u2122<\/strong> tehnoloogia<br \/>\nKinnitused on valmistatud <strong>Sympress\u2122<\/strong>, kvaliteetne mugav materjal. Mikrokiudude kasutamine muudab seest pehmeks ja hoiab naha kuivana. <strong>Push med k\u00e4etugi Splint<\/strong> on lihtne selga panna ja seda saab pesta.<\/p>\n<p><strong>Ortoosi paigaldamine:<\/strong><\/p>\n<ol>\n<li>Reguleerimise \u00f5iget j\u00e4rjekorda n\u00e4itavad konks- ja silmuskinnitustel kasvavad molekuli s\u00fcmbolid. T\u00f5mmake alust \u00fcmber k\u00e4e, kuni see j\u00f5uab p\u00f6idlani. Kasutage mitteelastset rihma, et seada vajalik ortoos \u00fcmber randme.<\/li>\n<li>Sulgege kinnitus k\u00fc\u00fcnarvarre ja k\u00e4e \u00fcmber.<\/li>\n<\/ol>\n<p><iframe title=\"YouTube&#039;i videopleier\" src=\"https:\/\/www.youtube.com\/embed\/ciiGzbp3RaQ?si=OWI25ceRsPvCrS-k\" width=\"560\" height=\"315\" frameborder=\"0\" allowfullscreen=\"allowfullscreen\"><\/iframe><\/p>","protected":false},"excerpt":{"rendered":"<p><strong>Push med k\u00e4etugi Splint <\/strong>lahasega randmeortoos toetub randmele ilma randme funktsionaalsust piiramata. K\u00e4ev\u00f5ru on \u00fche k\u00e4ega lihtne \u00fcmber randme panna. Mitteelastne rihm tagab, et vormitud lahas vastab t\u00e4pselt randme anatoomiale. Push Med Hand Brace Splint on saadaval 4 suuruses ning parem- ja vasakpoolses versioonis. Valige \u00f5ige toote suurus, m\u00f5\u00f5tes randme \u00fcmberm\u00f5\u00f5tu.<\/p>","protected":false},"featured_media":18413,"comment_status":"open","ping_status":"closed","template":"","meta":[],"product_brand":[],"product_cat":[139,133],"product_tag":[],"class_list":{"0":"post-16965","1":"product","2":"type-product","3":"status-publish","4":"has-post-thumbnail","6":"product_cat-rokas-un-plaukstai","7":"product_cat-ortozes","9":"first","10":"instock","11":"taxable","12":"shipping-taxable","13":"purchasable","14":"product-type-variable"},"_links":{"self":[{"href":"https:\/\/medapp.lv\/et\/wp-json\/wp\/v2\/product\/16965","targetHints":{"allow":["GET"]}}],"collection":[{"href":"https:\/\/medapp.lv\/et\/wp-json\/wp\/v2\/product"}],"about":[{"href":"https:\/\/medapp.lv\/et\/wp-json\/wp\/v2\/types\/product"}],"replies":[{"embeddable":true,"href":"https:\/\/medapp.lv\/et\/wp-json\/wp\/v2\/comments?post=16965"}],"version-history":[{"count":10,"href":"https:\/\/medapp.lv\/et\/wp-json\/wp\/v2\/product\/16965\/revisions"}],"predecessor-version":[{"id":20020,"href":"https:\/\/medapp.lv\/et\/wp-json\/wp\/v2\/product\/16965\/revisions\/20020"}],"wp:featuredmedia":[{"embeddable":true,"href":"https:\/\/medapp.lv\/et\/wp-json\/wp\/v2\/media\/18413"}],"wp:attachment":[{"href":"https:\/\/medapp.lv\/et\/wp-json\/wp\/v2\/media?parent=16965"}],"wp:term":[{"taxonomy":"product_brand","embeddable":true,"href":"https:\/\/medapp.lv\/et\/wp-json\/wp\/v2\/product_brand?post=16965"},{"taxonomy":"product_cat","embeddable":true,"href":"https:\/\/medapp.lv\/et\/wp-json\/wp\/v2\/product_cat?post=16965"},{"taxonomy":"product_tag","embeddable":true,"href":"https:\/\/medapp.lv\/et\/wp-json\/wp\/v2\/product_tag?post=16965"}],"curies":[{"name":"t\u00f6\u00f6leht","href":"https:\/\/api.w.org\/{rel}","templated":true}]}}