{"id":16973,"date":"2024-03-03T01:51:18","date_gmt":"2024-03-02T23:51:18","guid":{"rendered":"http:\/\/mareksj17.sg-host.com\/?post_type=product&#038;p=16973"},"modified":"2026-04-07T08:44:54","modified_gmt":"2026-04-07T06:44:54","slug":"push-med-muguras-ortoze","status":"publish","type":"product","link":"https:\/\/medapp.lv\/et\/product\/push-med-muguras-ortoze\/","title":{"rendered":"PUSH Med Back ortoos"},"content":{"rendered":"<p><strong>Millal tuleks push med tagasi ortoose kasutada?<\/strong><\/p>\n<ul>\n<li>spond\u00fclol\u00fc\u00fcs,<\/li>\n<li>Kaebused valu kohta alaseljas,<\/li>\n<li>spond\u00fclolistees,<\/li>\n<li>nimmepiirkonna artroos,<\/li>\n<li>ketta song,<\/li>\n<li>Osteoporootilised nimme-ristluu murrud,<\/li>\n<li>Operatsioonij\u00e4rgsed operatsioonid.<\/li>\n<\/ul>\n<p><strong>Sympress\u2122<\/strong> tehnoloogia<br \/>\nOrtoos on valmistatud <strong>Sympress\u2122<\/strong> kvaliteetne, mugav materjal. Mikrokiudude kasutamine muudab seest pehmeks ja hoiab naha kuivana. Push med back ortoosi on lihtne peale panna ja seda saab pesta.<\/p>\n<p><strong>Kuidas ortoosi kasutada?<\/strong><\/p>\n<ol>\n<li>Seljaortoosi v\u00f5ib asetada naha k\u00f5rvale v\u00f5i aluspesu peale. Veenduge, et klamber oleks selgroo keskel, alaselja tasemel. V\u00f6\u00f6 p\u00f5hi katab puusi. Vormikinnitused peaksid sirge seljaga p\u00fcsti seistes selga sobima.<\/li>\n<li>Enne ortoosi panemist vabastage elastsed rihmad. Hoidke kinnitit alumise osa servast ning sulgege rihm ja aasa kinnitus v\u00f5i kasutage haaratseid.<\/li>\n<li>Pingutage ja sulgege elastsed rihmad. Kui rihmad on \u00f5igesti kinnitatud, peaksid need end p\u00fcstises asendis mugavalt tundma.<\/li>\n<\/ol>\n<p><iframe title=\"YouTube&#039;i videopleier\" src=\"https:\/\/www.youtube.com\/embed\/mZ6aBDXBIRM?si=JFYC_xQTHBIWFCtg\" width=\"560\" height=\"315\" frameborder=\"0\" allowfullscreen=\"allowfullscreen\"><\/iframe><\/p>","protected":false},"excerpt":{"rendered":"<p>Push care back ortoos v\u00e4hendab valu nimmepiirkonnas t\u00e4nu h\u00e4sti jaotunud kompressioonile. Mugav nelja survepunktiga nimmepadi tagab kergenduskompressiooni. Ortoosi kuju ja materjal tagavad mugava kandmise. Anatoomiline l\u00f5ige muudab selle sobivaks nii meestele kui naistele ning tagab hea asendi hoidmise.<\/p>\n<p>Seljarihm on saadaval 6 suuruses. Suuruse m\u00e4\u00e4rab \u00fcmberm\u00f5\u00f5t v\u00f6\u00f6st. Pakendil olev tabel n\u00e4itab teie v\u00f6\u00f6koha \u00f5iget ortoosi suurust.<\/p>","protected":false},"featured_media":18406,"comment_status":"open","ping_status":"closed","template":"","meta":[],"product_brand":[],"product_cat":[138,133],"product_tag":[],"class_list":{"0":"post-16973","1":"product","2":"type-product","3":"status-publish","4":"has-post-thumbnail","6":"product_cat-muguras-jostas","7":"product_cat-ortozes","9":"first","10":"instock","11":"taxable","12":"shipping-taxable","13":"purchasable","14":"product-type-variable"},"_links":{"self":[{"href":"https:\/\/medapp.lv\/et\/wp-json\/wp\/v2\/product\/16973","targetHints":{"allow":["GET"]}}],"collection":[{"href":"https:\/\/medapp.lv\/et\/wp-json\/wp\/v2\/product"}],"about":[{"href":"https:\/\/medapp.lv\/et\/wp-json\/wp\/v2\/types\/product"}],"replies":[{"embeddable":true,"href":"https:\/\/medapp.lv\/et\/wp-json\/wp\/v2\/comments?post=16973"}],"version-history":[{"count":8,"href":"https:\/\/medapp.lv\/et\/wp-json\/wp\/v2\/product\/16973\/revisions"}],"predecessor-version":[{"id":20012,"href":"https:\/\/medapp.lv\/et\/wp-json\/wp\/v2\/product\/16973\/revisions\/20012"}],"wp:featuredmedia":[{"embeddable":true,"href":"https:\/\/medapp.lv\/et\/wp-json\/wp\/v2\/media\/18406"}],"wp:attachment":[{"href":"https:\/\/medapp.lv\/et\/wp-json\/wp\/v2\/media?parent=16973"}],"wp:term":[{"taxonomy":"product_brand","embeddable":true,"href":"https:\/\/medapp.lv\/et\/wp-json\/wp\/v2\/product_brand?post=16973"},{"taxonomy":"product_cat","embeddable":true,"href":"https:\/\/medapp.lv\/et\/wp-json\/wp\/v2\/product_cat?post=16973"},{"taxonomy":"product_tag","embeddable":true,"href":"https:\/\/medapp.lv\/et\/wp-json\/wp\/v2\/product_tag?post=16973"}],"curies":[{"name":"t\u00f6\u00f6leht","href":"https:\/\/api.w.org\/{rel}","templated":true}]}}