{"id":16987,"date":"2024-03-03T02:31:28","date_gmt":"2024-03-03T00:31:28","guid":{"rendered":"http:\/\/mareksj17.sg-host.com\/?post_type=product&#038;p=16987"},"modified":"2026-02-09T20:02:39","modified_gmt":"2026-02-09T18:02:39","slug":"push-med-potites-ortoze-aequi-flex","status":"publish","type":"product","link":"https:\/\/medapp.lv\/et\/product\/push-med-potites-ortoze-aequi-flex\/","title":{"rendered":"PUSH Med H\u00fcppeliigese ortoos"},"content":{"rendered":"<p><strong><strong>Millal tuleks push med h\u00fcppeliigese ortoosi kasutada?<br \/>\n<\/strong><\/strong><\/p>\n<ul>\n<li>\u00c4ge k\u00fclgmine h\u00fcppeliigese nikastus<\/li>\n<li>H\u00fcppeliigese murd<\/li>\n<li>M\u00f5\u00f5dukas kuni t\u00f5sine ebastabiilsus<\/li>\n<li>M\u00f5\u00f5dukas osteoartriit<\/li>\n<\/ul>\n<p><strong>Aequi<\/strong> Mediaalse kesta ja diagonaalse ankrurihmaga kontseptsioon on olnud juba aastaid v\u00e4ga edukas. Uus <strong>L\u00fckake Aequi Flex<\/strong> disain on uuendus, mis p\u00f5hineb toe ja mugavuse vahelise tasakaalu algsel kontseptsioonil. &quot;<strong>Flex-Protect<\/strong>&quot;turvalist p\u00fcsivust. Mediaalne kest on keskelt kindel, kuid jalalaba ja servade \u00fcmber pehme. Esiosas kinnitab rihm jala kesta. Rihm koosneb elastsest ja mitteelastsest osast, mis on integreeritud madala profiiliga sulguriga. Koos kingakattega hoiab see rihm \u00e4ra korduva koormuse. Samal ajal tagab ortoos \u00fchtlaselt jaotatud kompressiooni valutava pahkluu \u00fcmber. &quot;Flex-protect&quot; uuendus: kindel kaitse ja paindlikkus mugavuse tagamiseks.<br \/>\n<iframe title=\"YouTube&#039;i videopleier\" src=\"https:\/\/www.youtube.com\/embed\/C7wD433G-kQ?si=Na34VCkdO41Vyilf\" width=\"560\" height=\"315\" frameborder=\"0\" allowfullscreen=\"allowfullscreen\"><\/iframe><\/p>","protected":false},"excerpt":{"rendered":"<p>Push med Aequi Flex tagab h\u00fcppeliigese stabiilsuse (ala\u00e4geda) h\u00fcppeliigese vigastuse funktsionaalse ravi ajal. Flex-protect s\u00fcsteemiga, mis koosneb mediaalsest kestast ja mediolateraalsest kinnitusrihmast, saab patsient turvaliselt ja mugavalt taastuda. Korpuse ja rihma suletud silmus tagab samaaegse inversiooni juhtimise ja kokkusurumise. Kompressiooni saab reguleerida vastavalt patsiendi vajadustele, pingutades v\u00f5i l\u00f5dvestades elastseid rihmasid.<\/p>\n<p>H\u00fcppeliigese tugi on saadaval 3 suuruses. Asetage jalg s\u00e4\u00e4re suhtes 90\u00b0 nurga all. Seej\u00e4rel m\u00f5\u00f5ta \u00fcmberm\u00f5\u00f5t kanna \u00fcmbert ja jalalaba \u00fclaosa.<\/p>","protected":false},"featured_media":18381,"comment_status":"open","ping_status":"closed","template":"","meta":[],"product_brand":[],"product_cat":[137,133],"product_tag":[],"class_list":{"0":"post-16987","1":"product","2":"type-product","3":"status-publish","4":"has-post-thumbnail","6":"product_cat-kajai-cela-locitivai-un-pedai","7":"product_cat-ortozes","9":"first","10":"instock","11":"taxable","12":"shipping-taxable","13":"purchasable","14":"product-type-variable"},"_links":{"self":[{"href":"https:\/\/medapp.lv\/et\/wp-json\/wp\/v2\/product\/16987","targetHints":{"allow":["GET"]}}],"collection":[{"href":"https:\/\/medapp.lv\/et\/wp-json\/wp\/v2\/product"}],"about":[{"href":"https:\/\/medapp.lv\/et\/wp-json\/wp\/v2\/types\/product"}],"replies":[{"embeddable":true,"href":"https:\/\/medapp.lv\/et\/wp-json\/wp\/v2\/comments?post=16987"}],"version-history":[{"count":10,"href":"https:\/\/medapp.lv\/et\/wp-json\/wp\/v2\/product\/16987\/revisions"}],"predecessor-version":[{"id":20017,"href":"https:\/\/medapp.lv\/et\/wp-json\/wp\/v2\/product\/16987\/revisions\/20017"}],"wp:featuredmedia":[{"embeddable":true,"href":"https:\/\/medapp.lv\/et\/wp-json\/wp\/v2\/media\/18381"}],"wp:attachment":[{"href":"https:\/\/medapp.lv\/et\/wp-json\/wp\/v2\/media?parent=16987"}],"wp:term":[{"taxonomy":"product_brand","embeddable":true,"href":"https:\/\/medapp.lv\/et\/wp-json\/wp\/v2\/product_brand?post=16987"},{"taxonomy":"product_cat","embeddable":true,"href":"https:\/\/medapp.lv\/et\/wp-json\/wp\/v2\/product_cat?post=16987"},{"taxonomy":"product_tag","embeddable":true,"href":"https:\/\/medapp.lv\/et\/wp-json\/wp\/v2\/product_tag?post=16987"}],"curies":[{"name":"t\u00f6\u00f6leht","href":"https:\/\/api.w.org\/{rel}","templated":true}]}}