{"id":16994,"date":"2024-03-03T02:50:46","date_gmt":"2024-03-03T00:50:46","guid":{"rendered":"http:\/\/mareksj17.sg-host.com\/?post_type=product&#038;p=16994"},"modified":"2025-07-17T09:58:08","modified_gmt":"2025-07-17T07:58:08","slug":"push-ortho-potites-ortoze-afo","status":"publish","type":"product","link":"https:\/\/medapp.lv\/et\/product\/push-ortho-potites-ortoze-afo\/","title":{"rendered":"PUSH H\u00fcppeliigese ortoos AFO"},"content":{"rendered":"<p><strong><strong>Millal tuleks Push orto h\u00fcppeliigese ortoose kasutada?<br \/>\n<\/strong><\/strong><\/p>\n<ul>\n<li>Kontrolli kaotus h\u00fcppeliigese dorsiflexorite \u00fcle \u00f5\u00f5tsumise ajal ja vastuseks koormusele (kannapuudus\/lamajalg) suure s\u00e4\u00e4reluu eesmise lihase probleemide ja h\u00fcppeliigese v\u00f5imaliku ebastabiilsuse t\u00f5ttu.<\/li>\n<li>Haigused, mis v\u00f5ivad h\u00f5lmata pahkluu dorsiflexori funktsiooni kaotust, on j\u00e4rgmised: CVA, song, sclerosis multiplex, poliom\u00fceliidi j\u00e4rgne s\u00fcndroom, lihasd\u00fcstroofia, seljaaju vigastus, pol\u00fcneuropaatia<\/li>\n<li>M\u00f5\u00f5dukas kuni raske spastilisus (neuromotoorne h\u00e4ire), jalalaba deformatsioon.<\/li>\n<\/ul>\n<p><strong>L\u00fckake AFO<\/strong> elastsed rihmad on reguleeritavad. See stabiliseerib jalga, takistades selle k\u00f5ikumist, eba\u00f5iget liikumist. Kannal\u00f6\u00f6gi korral hoiab elastne rihm, tagades h\u00e4sti kontrollitud jalatalla painde. Seistes <strong>L\u00fckake AFO<\/strong> v\u00f5imaldab h\u00fcppeliigeses painduda ja sirutust ning s\u00e4\u00e4relihaste liikumist liikumise ajal. Tulemus on t\u00f5hus ja loomuliku edenemisega.<\/p>\n<p>Kui tavalised kingad v\u00f5imaldavad kinnitada ortoosi jala \u00fcmber, <strong>L\u00fckake AFO<\/strong> on oma kinnitusrihmade s\u00fcsteem. See uuenduslik disain v\u00f5imaldab <strong>L\u00fckake AFO<\/strong> kandke kergete kingadega, n\u00e4iteks toasussid.<\/p>\n<p><iframe title=\"YouTube&#039;i videopleier\" src=\"https:\/\/www.youtube.com\/embed\/urvg5jvcCTY?si=8FmNODi4NRHaRi1W\" width=\"560\" height=\"315\" frameborder=\"0\" allowfullscreen=\"allowfullscreen\"><\/iframe><\/p>","protected":false},"excerpt":{"rendered":"<p>Push orto Ankle Foot Orthosis AFO pahkluu jala ortoos AFO pakub suurep\u00e4rast tuge, kui olete kaotanud v\u00f5ime jalga t\u00f5sta ja teil on k\u00f5ndimisel probleeme jala kontrollimisega. Uuenduslik disain tagab loomuliku k\u00f5nnaku ning teeb ohutu ja t\u00f5husa k\u00f5ndimise taas v\u00f5imalikuks. Push AFO t\u00f5stab jalga k\u00f5ikumise faasis, kontrollib jalatalla paindumist p\u00e4rast kannal\u00f6\u00f6ki ja laseb seej\u00e4rel jalal takistamatult veereda. Lisaks tagab ortoos h\u00fcppeliigese k\u00fclgmise stabiilsuse. H\u00fcppeliigese tugi on saadaval 3 suuruses. Asetage jalg s\u00e4\u00e4re suhtes 90\u00b0 nurga all. Seej\u00e4rel m\u00f5\u00f5ta \u00fcmberm\u00f5\u00f5t kanna ja jalalaba \u00fcmber.<\/p>","protected":false},"featured_media":18353,"comment_status":"open","ping_status":"closed","template":"","meta":[],"product_brand":[],"product_cat":[137,133],"product_tag":[],"class_list":{"0":"post-16994","1":"product","2":"type-product","3":"status-publish","4":"has-post-thumbnail","6":"product_cat-kajai-cela-locitivai-un-pedai","7":"product_cat-ortozes","9":"first","10":"instock","11":"taxable","12":"shipping-taxable","13":"purchasable","14":"product-type-variable"},"_links":{"self":[{"href":"https:\/\/medapp.lv\/et\/wp-json\/wp\/v2\/product\/16994","targetHints":{"allow":["GET"]}}],"collection":[{"href":"https:\/\/medapp.lv\/et\/wp-json\/wp\/v2\/product"}],"about":[{"href":"https:\/\/medapp.lv\/et\/wp-json\/wp\/v2\/types\/product"}],"replies":[{"embeddable":true,"href":"https:\/\/medapp.lv\/et\/wp-json\/wp\/v2\/comments?post=16994"}],"version-history":[{"count":9,"href":"https:\/\/medapp.lv\/et\/wp-json\/wp\/v2\/product\/16994\/revisions"}],"predecessor-version":[{"id":20013,"href":"https:\/\/medapp.lv\/et\/wp-json\/wp\/v2\/product\/16994\/revisions\/20013"}],"wp:featuredmedia":[{"embeddable":true,"href":"https:\/\/medapp.lv\/et\/wp-json\/wp\/v2\/media\/18353"}],"wp:attachment":[{"href":"https:\/\/medapp.lv\/et\/wp-json\/wp\/v2\/media?parent=16994"}],"wp:term":[{"taxonomy":"product_brand","embeddable":true,"href":"https:\/\/medapp.lv\/et\/wp-json\/wp\/v2\/product_brand?post=16994"},{"taxonomy":"product_cat","embeddable":true,"href":"https:\/\/medapp.lv\/et\/wp-json\/wp\/v2\/product_cat?post=16994"},{"taxonomy":"product_tag","embeddable":true,"href":"https:\/\/medapp.lv\/et\/wp-json\/wp\/v2\/product_tag?post=16994"}],"curies":[{"name":"t\u00f6\u00f6leht","href":"https:\/\/api.w.org\/{rel}","templated":true}]}}