{"id":17155,"date":"2024-03-05T00:27:07","date_gmt":"2024-03-04T22:27:07","guid":{"rendered":"https:\/\/mareksj17.sg-host.com\/?post_type=product&#038;p=17155"},"modified":"2026-02-11T09:26:30","modified_gmt":"2026-02-11T07:26:30","slug":"darco-tas-kaju-pirkstu-izlidzinasanas-ortoze","status":"publish","type":"product","link":"https:\/\/medapp.lv\/et\/product\/darco-tas-kaju-pirkstu-izlidzinasanas-ortoze\/","title":{"rendered":"DARCO TAS\u2122 varvaste joondusortoos"},"content":{"rendered":"<p><strong><strong>Millal peaksite kasutama Darco Toe Alignment Ortoose?<\/strong><\/strong><\/p>\n<ul>\n<li>Kinnitage p\u00f6ialuu rihm tihedalt \u00fcmber jalalaba just p\u00f6ialuupeade taha.<\/li>\n<li>Kinnitage kannarihm, asetades selle \u00fcmber kanna tagaosa ja kinnitades teise p\u00f6ialuu rihma mediaalse ja k\u00fclgmise serva k\u00fclge.<\/li>\n<\/ul>\n<p><strong>THAT\u2122<\/strong> on t\u00f5hus ja odav viis varvaste \u00f5iges asendis hoidmiseks paranemisprotsessi ajal. \u00d5huke kummist p\u00f6ialuu rihm v\u00e4hendab libisemist ja pehmed varbaaasad hoiavad varbad \u00f5iges asendis, et s\u00e4ilitada joond p\u00e4rast operatsiooni hallux valguse v\u00f5i vasarvarvaste korrigeerimiseks<br \/>\n<iframe title=\"YouTube&#039;i videopleier\" src=\"https:\/\/www.youtube.com\/embed\/CQwJvpwqBHA?si=RfWD-uNx5Ba7G4a3\" width=\"560\" height=\"315\" frameborder=\"0\" allowfullscreen=\"allowfullscreen\"><\/iframe><\/p>","protected":false},"excerpt":{"rendered":"<p><strong>Miks kasutada Darco Ortoosi?<\/strong><\/p>\n<ul>\n<li>Madala profiiliga p\u00f6ialuu rihm sobib kergesti enamiku jalan\u00f5udega ja v\u00e4hendab libisemist.<\/li>\n<li>Spetsiaalne t-rihm hoiab p\u00e4rast protseduuri paranemiseks \u00f5rnalt \u00f5iget joondust<\/li>\n<li>\u00dcks suurus sobib k\u00f5igile.<\/li>\n<li>Ei mingit lateksit<\/li>\n<\/ul>\n<p><span class=\"selectable-text copyable-text\"><strong>Suurus<\/strong>: Universaalne<\/span><\/p>","protected":false},"featured_media":17171,"comment_status":"open","ping_status":"closed","template":"","meta":[],"product_brand":[],"product_cat":[137,133],"product_tag":[],"class_list":{"0":"post-17155","1":"product","2":"type-product","3":"status-publish","4":"has-post-thumbnail","6":"product_cat-kajai-cela-locitivai-un-pedai","7":"product_cat-ortozes","9":"first","10":"instock","11":"taxable","12":"shipping-taxable","13":"purchasable","14":"product-type-simple"},"_links":{"self":[{"href":"https:\/\/medapp.lv\/et\/wp-json\/wp\/v2\/product\/17155","targetHints":{"allow":["GET"]}}],"collection":[{"href":"https:\/\/medapp.lv\/et\/wp-json\/wp\/v2\/product"}],"about":[{"href":"https:\/\/medapp.lv\/et\/wp-json\/wp\/v2\/types\/product"}],"replies":[{"embeddable":true,"href":"https:\/\/medapp.lv\/et\/wp-json\/wp\/v2\/comments?post=17155"}],"version-history":[{"count":6,"href":"https:\/\/medapp.lv\/et\/wp-json\/wp\/v2\/product\/17155\/revisions"}],"predecessor-version":[{"id":20001,"href":"https:\/\/medapp.lv\/et\/wp-json\/wp\/v2\/product\/17155\/revisions\/20001"}],"wp:featuredmedia":[{"embeddable":true,"href":"https:\/\/medapp.lv\/et\/wp-json\/wp\/v2\/media\/17171"}],"wp:attachment":[{"href":"https:\/\/medapp.lv\/et\/wp-json\/wp\/v2\/media?parent=17155"}],"wp:term":[{"taxonomy":"product_brand","embeddable":true,"href":"https:\/\/medapp.lv\/et\/wp-json\/wp\/v2\/product_brand?post=17155"},{"taxonomy":"product_cat","embeddable":true,"href":"https:\/\/medapp.lv\/et\/wp-json\/wp\/v2\/product_cat?post=17155"},{"taxonomy":"product_tag","embeddable":true,"href":"https:\/\/medapp.lv\/et\/wp-json\/wp\/v2\/product_tag?post=17155"}],"curies":[{"name":"t\u00f6\u00f6leht","href":"https:\/\/api.w.org\/{rel}","templated":true}]}}