{"id":17861,"date":"2024-03-08T21:35:23","date_gmt":"2024-03-08T19:35:23","guid":{"rendered":"https:\/\/mareksj17.sg-host.com\/?post_type=product&#038;p=17861"},"modified":"2025-07-16T10:21:29","modified_gmt":"2025-07-16T08:21:29","slug":"revvi-instant-cold-packtuliteja-aukstuma-iepakojums-280-gr","status":"publish","type":"product","link":"https:\/\/medapp.lv\/et\/product\/revvi-instant-cold-packtuliteja-aukstuma-iepakojums-280-gr\/","title":{"rendered":"R\u00c9VVI Instant k\u00fclmpakk 280gr."},"content":{"rendered":"<p>Revvi kiirk\u00fclmapakki kasutatakse lihaste jahutamiseks, k\u00fclmakotti saab kasutada koos k\u00fclmageeliga. R\u00c9VVI lihasgeel aktiveerib pikaajalise ja s\u00fcgava valu leevendamise. \u00c4rge kasutage p\u00e4rast p\u00f5letiku tekkimist kuumageeli ega muid soojust sisaldavaid tooteid, kuna kuumus v\u00f5ib probleemi ja valu veelgi hullemaks muuta. Kasutage soojust alles p\u00e4rast \u00e4geda probleemi ilmnemist.<\/p>\n<p><strong>Kuidas k\u00fclmakotti kasutada:<\/strong><\/p>\n<ol>\n<li>&quot;Puuduta&quot;<br \/>\nEemaldage jahutuspaki sisemine kott ja puudutage seda kahe k\u00e4ega, et jahutusprotsess aktiveerida.<\/li>\n<li>&quot;Raputage seda&quot;<br \/>\nSeej\u00e4rel raputage kotti, et tagada jahutusvedeliku jaotus kogu pakendis.<\/li>\n<li>&quot;m\u00e4hkida riidesse&quot;<br \/>\nEnne nahale kandmist m\u00e4hkige jahutuspakk r\u00e4tikusse. Riie toimib kaitsekihina.<\/li>\n<li>&quot;Jahutus&quot;<br \/>\nN\u00fc\u00fcd saate kiirk\u00fclmakotti kasutada soovitud kehaosa jahutamiseks. Suruge pakend \u00f5rnalt vastu p\u00f5letikulist v\u00f5i paistes kehaosa. Kott p\u00fcsib k\u00fclmas umbes kolmk\u00fcmmend minutit. P\u00e4rast jahutamist v\u00f5ib pakendi \u00e4ra visata. <strong>Seda saab kasutada ainult \u00fcks kord.<\/strong><\/li>\n<\/ol>\n<p>Sa v\u00f5id kasutada <strong>kohene k\u00fclmpakk<\/strong>kehaosa jahutamiseks j\u00e4rgmistes olukordades:<\/p>\n<ul>\n<li>Nikastuste korral;<\/li>\n<li>Lihaste vigastused;<\/li>\n<li>\u00dclekuumenemine;<\/li>\n<li>Verevalumid;<\/li>\n<li>Peavalude korral;<\/li>\n<li>P\u00f5letused;<\/li>\n<li>Turse;<\/li>\n<li>Krambid;<\/li>\n<li>Hambavalu vastu.<\/li>\n<\/ul>\n<p>Sellistes olukordades on esmaabi andmise hetkedel sageli t\u00f5hus kohene k\u00fclmakott. Eriti \u00e4gedate vigastuste, tursete ja p\u00f5letike korral on soovitatav kohene jahutamine.<\/p>\n<p>Kui on tekkinud p\u00f5letik v\u00f5i paistetus, on m\u00f5istlik koheselt jahutust rakendada. Nii hoiab \u00e4ra turse ja valu. Kuid \u00e4rge k\u00fclmutage korraga \u00fcle 15-20 minuti. K\u00fclm ahendab veresooni, aeglustab verevoolu. Jahutamist v\u00f5ib korrata regulaarselt, n\u00e4iteks iga kahe tunni tagant.<\/p>","protected":false},"excerpt":{"rendered":"<p>Kas teil on spordist tekkinud vigastus, p\u00f5letik v\u00f5i turse? Siis on v\u00e4ga oluline kohe tegutseda <strong>jahutamine<\/strong>. Seda saab teha koos <em><strong>kohene k\u00fclmpakk<\/strong><\/em>.<\/p>\n<p>See on pehme jahutuselement, mis kohandub t\u00e4ielikult teie keha kujuga. Sellel on sama jahutav ja valuvaigistav toime nagu j\u00e4\u00e4l, kuid seda on palju mugavam kasutada.<\/p>\n<p>Selle meditsiiniseadme suurep\u00e4rane omadus on see, et seda ei ole vaja s\u00fcgavk\u00fclmikus hoida. K\u00fclmapaki v\u00f5id kaasa v\u00f5tta k\u00f5ikjale \u2013 j\u00f5usaali, reisile jne. Nii on jahutuselement \u00f5nnetuse korral alati k\u00e4ep\u00e4rast.<\/p>\n<p><strong>Kohe k\u00fclm pakend<\/strong> koosneb vastupidavast, kuid pehmest pakendist, mille sees on jahutuskamber. Koti pigistamisel toimub keemiline reaktsioon, mis k\u00e4ivitab jahutusprotsessi. See muudab jahutuskoti koheselt k\u00fclmaks nagu j\u00e4\u00e4. Selle k\u00fclmetuse kestus on umbes 30 minutit. See annab teile piisavalt aega soovitud kehaosa jahutamiseks.<\/p>","protected":false},"featured_media":17862,"comment_status":"open","ping_status":"closed","template":"","meta":[],"product_brand":[],"product_cat":[143,141],"product_tag":[151],"class_list":{"0":"post-17861","1":"product","2":"type-product","3":"status-publish","4":"has-post-thumbnail","6":"product_cat-kermena-kopsanai","7":"product_cat-preces-muskuliem","8":"product_tag-pirms-sporta","10":"first","11":"instock","12":"taxable","13":"shipping-taxable","14":"purchasable","15":"product-type-simple"},"_links":{"self":[{"href":"https:\/\/medapp.lv\/et\/wp-json\/wp\/v2\/product\/17861","targetHints":{"allow":["GET"]}}],"collection":[{"href":"https:\/\/medapp.lv\/et\/wp-json\/wp\/v2\/product"}],"about":[{"href":"https:\/\/medapp.lv\/et\/wp-json\/wp\/v2\/types\/product"}],"replies":[{"embeddable":true,"href":"https:\/\/medapp.lv\/et\/wp-json\/wp\/v2\/comments?post=17861"}],"version-history":[{"count":12,"href":"https:\/\/medapp.lv\/et\/wp-json\/wp\/v2\/product\/17861\/revisions"}],"predecessor-version":[{"id":19911,"href":"https:\/\/medapp.lv\/et\/wp-json\/wp\/v2\/product\/17861\/revisions\/19911"}],"wp:featuredmedia":[{"embeddable":true,"href":"https:\/\/medapp.lv\/et\/wp-json\/wp\/v2\/media\/17862"}],"wp:attachment":[{"href":"https:\/\/medapp.lv\/et\/wp-json\/wp\/v2\/media?parent=17861"}],"wp:term":[{"taxonomy":"product_brand","embeddable":true,"href":"https:\/\/medapp.lv\/et\/wp-json\/wp\/v2\/product_brand?post=17861"},{"taxonomy":"product_cat","embeddable":true,"href":"https:\/\/medapp.lv\/et\/wp-json\/wp\/v2\/product_cat?post=17861"},{"taxonomy":"product_tag","embeddable":true,"href":"https:\/\/medapp.lv\/et\/wp-json\/wp\/v2\/product_tag?post=17861"}],"curies":[{"name":"t\u00f6\u00f6leht","href":"https:\/\/api.w.org\/{rel}","templated":true}]}}