{"id":17951,"date":"2024-03-08T23:31:02","date_gmt":"2024-03-08T21:31:02","guid":{"rendered":"https:\/\/mareksj17.sg-host.com\/?post_type=product&#038;p=17951"},"modified":"2025-12-29T09:00:00","modified_gmt":"2025-12-29T07:00:00","slug":"push-med-med-kakla-ortoze","status":"publish","type":"product","link":"https:\/\/medapp.lv\/et\/product\/push-med-med-kakla-ortoze\/","title":{"rendered":"PUSH Med Kaela ortoos"},"content":{"rendered":"<p><strong>Sympress\u2122<\/strong> tehnoloogia<br \/>\nSee kaelatugi on valmistatud Sympress\u2122-st, kvaliteetsest materjalist. Mikrofiibri kasutamine muudab seest pehmeks ja hoiab naha kuivana. Push med kaelaortoosi on lihtne peale panna ja seda saab pesta.<\/p>\n<p><strong>Kuidas ortoosi kasutada?<\/strong><\/p>\n<ol>\n<li>Hoidke ortoosi m\u00f5lemast otsast eest nii, et sisemus oleks n\u00e4htav, ortoosi keskpunkt peaks olema suunatud alla.<\/li>\n<li>Seej\u00e4rel sulgege kaela tagaosas olev kinnitusaas.<\/li>\n<li>Pingutage ja sulgege elastsed rihmad. Kui ortoos on korralikult paigaldatud, peaks see olema mugav.<\/li>\n<\/ol>\n<p><strong>Kinnitusvahendi eemaldamine ja paigaldamine:<\/strong><\/p>\n<p>Asetage kinnitus esik\u00fclg allapoole k\u00f5vale pinnale nii, et punkt oleks keskel, nii et klamber on teie poole. Paremal k\u00fcljel on t\u00f5mblukk.<br \/>\nKinnituse eemaldamiseks avage t\u00f5mblukk. Leidke kinnitus ja eemaldage see, hoides seda tihedalt kinni.<iframe title=\"YouTube&#039;i videopleier\" src=\"https:\/\/www.youtube.com\/embed\/8Skz0TtNjJU?si=8RQZng_cveXKqHDv\" width=\"560\" height=\"315\" frameborder=\"0\" allowfullscreen=\"allowfullscreen\"><\/iframe><\/p>","protected":false},"excerpt":{"rendered":"<p>Push med kaelaortoos toetab selgroogu t\u00e4nu oma anatoomilisele kujule ja poolk\u00f5vale materjalile. Kaelatugi sisaldab eemaldatavat elementi t\u00e4iendavaks toeks. See element toetub rangluule ja l\u00f5ualuule, pakkudes v\u00e4ga t\u00f5husat tuge. Sobiv anatoomiline sobivus ja nahka kuivana hoidvate materjalide kasutamine tagavad ortoosi \u00fclimugavuse kandmisel. Kaelatugi on saadaval kahes k\u00f5rguses. Sirge peaga m\u00f5\u00f5tke kaela \u00fcmberm\u00f5\u00f5tu seljast kaela esiosani. Pakendis olev tabel n\u00e4itab \u00f5ige ortoosi suurust vastavalt kaela \u00fcmberm\u00f5\u00f5dule.<\/p>","protected":false},"featured_media":18239,"comment_status":"open","ping_status":"closed","template":"","meta":[],"product_brand":[],"product_cat":[134,133],"product_tag":[],"class_list":{"0":"post-17951","1":"product","2":"type-product","3":"status-publish","4":"has-post-thumbnail","6":"product_cat-kaklam","7":"product_cat-ortozes","9":"first","10":"instock","11":"taxable","12":"shipping-taxable","13":"purchasable","14":"product-type-variable"},"_links":{"self":[{"href":"https:\/\/medapp.lv\/et\/wp-json\/wp\/v2\/product\/17951","targetHints":{"allow":["GET"]}}],"collection":[{"href":"https:\/\/medapp.lv\/et\/wp-json\/wp\/v2\/product"}],"about":[{"href":"https:\/\/medapp.lv\/et\/wp-json\/wp\/v2\/types\/product"}],"replies":[{"embeddable":true,"href":"https:\/\/medapp.lv\/et\/wp-json\/wp\/v2\/comments?post=17951"}],"version-history":[{"count":16,"href":"https:\/\/medapp.lv\/et\/wp-json\/wp\/v2\/product\/17951\/revisions"}],"predecessor-version":[{"id":20016,"href":"https:\/\/medapp.lv\/et\/wp-json\/wp\/v2\/product\/17951\/revisions\/20016"}],"wp:featuredmedia":[{"embeddable":true,"href":"https:\/\/medapp.lv\/et\/wp-json\/wp\/v2\/media\/18239"}],"wp:attachment":[{"href":"https:\/\/medapp.lv\/et\/wp-json\/wp\/v2\/media?parent=17951"}],"wp:term":[{"taxonomy":"product_brand","embeddable":true,"href":"https:\/\/medapp.lv\/et\/wp-json\/wp\/v2\/product_brand?post=17951"},{"taxonomy":"product_cat","embeddable":true,"href":"https:\/\/medapp.lv\/et\/wp-json\/wp\/v2\/product_cat?post=17951"},{"taxonomy":"product_tag","embeddable":true,"href":"https:\/\/medapp.lv\/et\/wp-json\/wp\/v2\/product_tag?post=17951"}],"curies":[{"name":"t\u00f6\u00f6leht","href":"https:\/\/api.w.org\/{rel}","templated":true}]}}