{"id":18245,"date":"2024-03-09T22:00:27","date_gmt":"2024-03-09T20:00:27","guid":{"rendered":"https:\/\/mareksj17.sg-host.com\/?post_type=product&#038;p=18245"},"modified":"2025-07-17T10:04:42","modified_gmt":"2025-07-17T08:04:42","slug":"vertebroplastic-vertebroplastijas-adata-plastmasas-rokturis","status":"publish","type":"product","link":"https:\/\/medapp.lv\/et\/product\/vertebroplastic-vertebroplastijas-adata-plastmasas-rokturis\/","title":{"rendered":"VERTEBROPLASTIC\u2122 Vertebroplastika n\u00f5el \u2013 plastikust k\u00e4epide."},"content":{"rendered":"<p>Vertebral compression roll (VCR) viitab pragule mis tahes l\u00fclisamba luu(de)s selgroos. See juhtub tavaliselt siis, kui l\u00fclikeha esiosa kukub kokku ja selle p\u00f5hjuseks v\u00f5ivad olla:<\/p>\n<p><strong>Osteoporoos:<\/strong> valulikud osteoporoosilised selgrool\u00fclide kompressioonil\u00f5hed seljas ilma tagumise seina haaratuseta<br \/>\n<strong>Vigastused:<\/strong> valulikud kompressioonil\u00f5hed seljal\u00fclides<br \/>\n<strong>V\u00e4hk:<\/strong> s\u00e4ilinud kortikaalse \u00fcmbrisega dorsaalsetes selgrool\u00fclikehades paiknevate osteol\u00fc\u00fctiliste kahjustuste ravi<\/p>\n<p>Kui konservatiivne ravi on ebapiisav, v\u00f5ib tsemendi suurendamise protseduur olla t\u00f5hus ravi, mis v\u00e4hendab tulevaste pragude ohtu.<\/p>\n<p>Vertebroplastika on v\u00e4ga v\u00e4ljakujunenud tehnika raskest osteoporoosist v\u00f5i kasvajatest p\u00f5hjustatud seljavalu raviks, millele j\u00e4rgneb pikkuse langus v\u00f5i selgrool\u00f5he.<\/p>\n<p>\u00dcmberm\u00f5\u00f5t: 11G \u2013 13G \u2013 15G<br \/>\nPikkus: 100 mm \u2013 120 mm \u2013 150 mm<\/p>","protected":false},"excerpt":{"rendered":"<p><strong>VERTEBROPLASTIC\u2122<\/strong> vertebroplastika protseduurides kasutatakse n\u00f5ela tsemendi s\u00fcstimiseks selja l\u00fclikehasse.<\/p>","protected":false},"featured_media":18246,"comment_status":"open","ping_status":"closed","template":"","meta":[],"product_brand":[],"product_cat":[108,125],"product_tag":[],"class_list":{"0":"post-18245","1":"product","2":"type-product","3":"status-publish","4":"has-post-thumbnail","6":"product_cat-produkti-profesionaliem","7":"product_cat-implanti","9":"first","10":"instock","11":"taxable","12":"shipping-taxable","13":"product-type-simple"},"_links":{"self":[{"href":"https:\/\/medapp.lv\/et\/wp-json\/wp\/v2\/product\/18245","targetHints":{"allow":["GET"]}}],"collection":[{"href":"https:\/\/medapp.lv\/et\/wp-json\/wp\/v2\/product"}],"about":[{"href":"https:\/\/medapp.lv\/et\/wp-json\/wp\/v2\/types\/product"}],"replies":[{"embeddable":true,"href":"https:\/\/medapp.lv\/et\/wp-json\/wp\/v2\/comments?post=18245"}],"version-history":[{"count":3,"href":"https:\/\/medapp.lv\/et\/wp-json\/wp\/v2\/product\/18245\/revisions"}],"predecessor-version":[{"id":18249,"href":"https:\/\/medapp.lv\/et\/wp-json\/wp\/v2\/product\/18245\/revisions\/18249"}],"wp:featuredmedia":[{"embeddable":true,"href":"https:\/\/medapp.lv\/et\/wp-json\/wp\/v2\/media\/18246"}],"wp:attachment":[{"href":"https:\/\/medapp.lv\/et\/wp-json\/wp\/v2\/media?parent=18245"}],"wp:term":[{"taxonomy":"product_brand","embeddable":true,"href":"https:\/\/medapp.lv\/et\/wp-json\/wp\/v2\/product_brand?post=18245"},{"taxonomy":"product_cat","embeddable":true,"href":"https:\/\/medapp.lv\/et\/wp-json\/wp\/v2\/product_cat?post=18245"},{"taxonomy":"product_tag","embeddable":true,"href":"https:\/\/medapp.lv\/et\/wp-json\/wp\/v2\/product_tag?post=18245"}],"curies":[{"name":"t\u00f6\u00f6leht","href":"https:\/\/api.w.org\/{rel}","templated":true}]}}