{"id":18250,"date":"2024-03-09T22:14:34","date_gmt":"2024-03-09T20:14:34","guid":{"rendered":"https:\/\/mareksj17.sg-host.com\/?post_type=product&#038;p=18250"},"modified":"2025-07-17T10:04:41","modified_gmt":"2025-07-17T08:04:41","slug":"spinos-kaulu-cements-lietosanai-muguras-aplikacijam","status":"publish","type":"product","link":"https:\/\/medapp.lv\/et\/product\/spinos-kaulu-cements-lietosanai-muguras-aplikacijam\/","title":{"rendered":"SPINOS Luutsement selja pealekandmiseks"},"content":{"rendered":"<p><strong>KEERRA<\/strong> vastama k\u00f5igile seljaoperatsioonis luutsemendi kasutamise n\u00f5uete rahuldavatele aspektidele.<\/p>\n<p><strong>KEERRA<\/strong> eelised:<\/p>\n<p><strong>KEERRA<\/strong> saab kasutada vertebroplastika ja kyphoplasty jaoks.<br \/>\nHeakskiidetud luukruvide suurendamiseks halva luukvaliteedi korral, n\u00e4iteks osteoporoosi v\u00f5i degeneratiivsete v\u00f5i neoplastiliste muutustega patsientidel.<br \/>\nL\u00fchike segamisaeg ja kiire viskoossuse saavutamine.<br \/>\nPol\u00fcmeeri koostis tagab k\u00f5rge esialgse kohesiooni, v\u00e4hendades seega tsemendi lekke ohtu. P\u00e4rast l\u00fchikest ooteaega saavutab tsement kasutamiseks ideaalse viskoossuse.<br \/>\nPikk kasutusaeg.<br \/>\nM\u00f5lemad komponendid (pulber 24 g ja vedelik 10 ml) seonduvad kiiresti perkutaanseks s\u00fcstimiseks sobiva viskoossusega homogeenseks pastaks.<br \/>\nP\u00e4rast l\u00fchikest segamisaega on kirurgil piisavalt aega SPINOSe \u00fclekandmiseks rakendusinstrumentidele, millele j\u00e4rgneb pikk pealekandmisaeg.<br \/>\nK\u00f5rge radioaktiivsusega 45% ZrO2.<br \/>\nTsinkdioksiidi (ZrO2) lisamine v\u00f5imaldab SPINOSe optimaalset r\u00f6ntgenikiirguse visualiseerimist ohutuks kasutamiseks.<br \/>\nHead v\u00e4simuskindluse omadused.<br \/>\nSPINOSe koostis tagab optimeeritud mehaanilised omadused, mis \u00fcletavad ISO 5833 standardi asjakohaseid n\u00f5udeid.<br \/>\nT\u00e4nu oma keskmisele viskoossusele saab SPINOSt kasutada sobivate heakskiidetud PMMA tsemendi pealekandmisvahenditega.<\/p>","protected":false},"excerpt":{"rendered":"<p>SPINOS vastab t\u00e4ielikult k\u00f5igile luutsemendi n\u00f5uetele seljaoperatsioonis.<\/p>","protected":false},"featured_media":18251,"comment_status":"open","ping_status":"closed","template":"","meta":[],"product_brand":[],"product_cat":[125,108,207],"product_tag":[],"class_list":{"0":"post-18250","1":"product","2":"type-product","3":"status-publish","4":"has-post-thumbnail","6":"product_cat-implanti","7":"product_cat-produkti-profesionaliem","8":"product_cat-vertebroplastijas-cements","10":"first","11":"instock","12":"taxable","13":"shipping-taxable","14":"product-type-simple"},"_links":{"self":[{"href":"https:\/\/medapp.lv\/et\/wp-json\/wp\/v2\/product\/18250","targetHints":{"allow":["GET"]}}],"collection":[{"href":"https:\/\/medapp.lv\/et\/wp-json\/wp\/v2\/product"}],"about":[{"href":"https:\/\/medapp.lv\/et\/wp-json\/wp\/v2\/types\/product"}],"replies":[{"embeddable":true,"href":"https:\/\/medapp.lv\/et\/wp-json\/wp\/v2\/comments?post=18250"}],"version-history":[{"count":1,"href":"https:\/\/medapp.lv\/et\/wp-json\/wp\/v2\/product\/18250\/revisions"}],"predecessor-version":[{"id":18252,"href":"https:\/\/medapp.lv\/et\/wp-json\/wp\/v2\/product\/18250\/revisions\/18252"}],"wp:featuredmedia":[{"embeddable":true,"href":"https:\/\/medapp.lv\/et\/wp-json\/wp\/v2\/media\/18251"}],"wp:attachment":[{"href":"https:\/\/medapp.lv\/et\/wp-json\/wp\/v2\/media?parent=18250"}],"wp:term":[{"taxonomy":"product_brand","embeddable":true,"href":"https:\/\/medapp.lv\/et\/wp-json\/wp\/v2\/product_brand?post=18250"},{"taxonomy":"product_cat","embeddable":true,"href":"https:\/\/medapp.lv\/et\/wp-json\/wp\/v2\/product_cat?post=18250"},{"taxonomy":"product_tag","embeddable":true,"href":"https:\/\/medapp.lv\/et\/wp-json\/wp\/v2\/product_tag?post=18250"}],"curies":[{"name":"t\u00f6\u00f6leht","href":"https:\/\/api.w.org\/{rel}","templated":true}]}}