{"id":18855,"date":"2024-03-11T12:58:38","date_gmt":"2024-03-11T10:58:38","guid":{"rendered":"https:\/\/mareksj17.sg-host.com\/?post_type=product&#038;p=18855"},"modified":"2025-07-17T10:04:41","modified_gmt":"2025-07-17T08:04:41","slug":"kakla-krusu-fiksacijas-sistema","status":"publish","type":"product","link":"https:\/\/medapp.lv\/et\/product\/kakla-krusu-fiksacijas-sistema\/","title":{"rendered":"Kaela-rindkere fikseerimise s\u00fcsteem"},"content":{"rendered":"<p>CTJ kruvipea disain on spetsiaalselt loodud patsiendi mugavuse tagamiseks. Tegelikult hoiab madala profiiliga tulbikruvi \u00e4ra p\u00f5letike tekke kaela- ja rindkere kudedes.<\/p>\n<p>CTJ kruvisid kasutatakse lisaks KM-s\u00fcsteemile pikkade konstruktsioonide puhul v\u00f5i lisaks JOC-s\u00fcsteemile kukla-emakakaela ristmiku jaoks.<\/p>","protected":false},"excerpt":{"rendered":"<p>CTJ kruvipea disain on spetsiaalselt loodud patsiendi mugavuse tagamiseks. Tegelikult hoiab madala profiiliga tulbikruvi \u00e4ra p\u00f5letike tekke kaela- ja rindkere kudedes.<\/p>\n<p>CTJ kruvisid kasutatakse lisaks KM-s\u00fcsteemile pikkade konstruktsioonide puhul v\u00f5i lisaks JOC-s\u00fcsteemile kukla-emakakaela ristmiku jaoks.<\/p>","protected":false},"featured_media":18858,"comment_status":"open","ping_status":"closed","template":"","meta":[],"product_brand":[],"product_cat":[203,108,125],"product_tag":[],"class_list":{"0":"post-18855","1":"product","2":"type-product","3":"status-publish","4":"has-post-thumbnail","6":"product_cat-titana-skruves-un-piederumi","7":"product_cat-produkti-profesionaliem","8":"product_cat-implanti","10":"first","11":"instock","12":"taxable","13":"shipping-taxable","14":"product-type-simple"},"_links":{"self":[{"href":"https:\/\/medapp.lv\/et\/wp-json\/wp\/v2\/product\/18855","targetHints":{"allow":["GET"]}}],"collection":[{"href":"https:\/\/medapp.lv\/et\/wp-json\/wp\/v2\/product"}],"about":[{"href":"https:\/\/medapp.lv\/et\/wp-json\/wp\/v2\/types\/product"}],"replies":[{"embeddable":true,"href":"https:\/\/medapp.lv\/et\/wp-json\/wp\/v2\/comments?post=18855"}],"version-history":[{"count":2,"href":"https:\/\/medapp.lv\/et\/wp-json\/wp\/v2\/product\/18855\/revisions"}],"predecessor-version":[{"id":18860,"href":"https:\/\/medapp.lv\/et\/wp-json\/wp\/v2\/product\/18855\/revisions\/18860"}],"wp:featuredmedia":[{"embeddable":true,"href":"https:\/\/medapp.lv\/et\/wp-json\/wp\/v2\/media\/18858"}],"wp:attachment":[{"href":"https:\/\/medapp.lv\/et\/wp-json\/wp\/v2\/media?parent=18855"}],"wp:term":[{"taxonomy":"product_brand","embeddable":true,"href":"https:\/\/medapp.lv\/et\/wp-json\/wp\/v2\/product_brand?post=18855"},{"taxonomy":"product_cat","embeddable":true,"href":"https:\/\/medapp.lv\/et\/wp-json\/wp\/v2\/product_cat?post=18855"},{"taxonomy":"product_tag","embeddable":true,"href":"https:\/\/medapp.lv\/et\/wp-json\/wp\/v2\/product_tag?post=18855"}],"curies":[{"name":"t\u00f6\u00f6leht","href":"https:\/\/api.w.org\/{rel}","templated":true}]}}