{"id":18866,"date":"2024-03-11T13:07:47","date_gmt":"2024-03-11T11:07:47","guid":{"rendered":"https:\/\/mareksj17.sg-host.com\/?post_type=product&#038;p=18866"},"modified":"2025-07-17T10:04:40","modified_gmt":"2025-07-17T08:04:40","slug":"plaksnes-visai-vai-dalejai-korpektomijai","status":"publish","type":"product","link":"https:\/\/medapp.lv\/et\/product\/plaksnes-visai-vai-dalejai-korpektomijai\/","title":{"rendered":"Plaadid t\u00e4ielikuks v\u00f5i osaliseks korpektoomiaks"},"content":{"rendered":"<p>Intervertebral plaadi fikseerimise s\u00fcsteem t\u00e4ielikuks v\u00f5i osaliseks korpektoomiaks.<\/p>\n<p>Plaadi erinevad suurused v\u00f5imaldavad fikseerida \u00fcht v\u00f5i mitut l\u00fclidevahelist ruumi.<\/p>\n<p>ARTHEMIS plaadid kinnituvad ideaalselt selgroo k\u00fclge. Saadaval on kaks plaadi kujundust. Laiem - l\u00fclisambaplaatide jaoks, v\u00e4iksem - rinnaplaatide jaoks.<\/p>","protected":false},"excerpt":{"rendered":"<p>Intervertebral plaadi fikseerimise s\u00fcsteem t\u00e4ielikuks v\u00f5i osaliseks korpektoomiaks.<\/p>\n<p>Plaadi erinevad suurused v\u00f5imaldavad fikseerida \u00fcht v\u00f5i mitut l\u00fclidevahelist ruumi.<\/p>\n<p>ARTHEMIS plaadid kinnituvad ideaalselt selgroo k\u00fclge. Saadaval on kaks plaadi kujundust. Laiem - l\u00fclisambaplaatide jaoks, v\u00e4iksem - rinnaplaatide jaoks.<\/p>","protected":false},"featured_media":18869,"comment_status":"open","ping_status":"closed","template":"","meta":[],"product_brand":[],"product_cat":[125,108,204],"product_tag":[],"class_list":{"0":"post-18866","1":"product","2":"type-product","3":"status-publish","4":"has-post-thumbnail","6":"product_cat-implanti","7":"product_cat-produkti-profesionaliem","8":"product_cat-mugurkaula-plaksnes","10":"first","11":"instock","12":"taxable","13":"shipping-taxable","14":"product-type-simple"},"_links":{"self":[{"href":"https:\/\/medapp.lv\/et\/wp-json\/wp\/v2\/product\/18866","targetHints":{"allow":["GET"]}}],"collection":[{"href":"https:\/\/medapp.lv\/et\/wp-json\/wp\/v2\/product"}],"about":[{"href":"https:\/\/medapp.lv\/et\/wp-json\/wp\/v2\/types\/product"}],"replies":[{"embeddable":true,"href":"https:\/\/medapp.lv\/et\/wp-json\/wp\/v2\/comments?post=18866"}],"version-history":[{"count":1,"href":"https:\/\/medapp.lv\/et\/wp-json\/wp\/v2\/product\/18866\/revisions"}],"predecessor-version":[{"id":18870,"href":"https:\/\/medapp.lv\/et\/wp-json\/wp\/v2\/product\/18866\/revisions\/18870"}],"wp:featuredmedia":[{"embeddable":true,"href":"https:\/\/medapp.lv\/et\/wp-json\/wp\/v2\/media\/18869"}],"wp:attachment":[{"href":"https:\/\/medapp.lv\/et\/wp-json\/wp\/v2\/media?parent=18866"}],"wp:term":[{"taxonomy":"product_brand","embeddable":true,"href":"https:\/\/medapp.lv\/et\/wp-json\/wp\/v2\/product_brand?post=18866"},{"taxonomy":"product_cat","embeddable":true,"href":"https:\/\/medapp.lv\/et\/wp-json\/wp\/v2\/product_cat?post=18866"},{"taxonomy":"product_tag","embeddable":true,"href":"https:\/\/medapp.lv\/et\/wp-json\/wp\/v2\/product_tag?post=18866"}],"curies":[{"name":"t\u00f6\u00f6leht","href":"https:\/\/api.w.org\/{rel}","templated":true}]}}