{"id":18876,"date":"2024-03-11T13:22:39","date_gmt":"2024-03-11T11:22:39","guid":{"rendered":"https:\/\/mareksj17.sg-host.com\/?post_type=product&#038;p=18876"},"modified":"2025-07-17T10:04:39","modified_gmt":"2025-07-17T08:04:39","slug":"ascot","status":"publish","type":"product","link":"https:\/\/medapp.lv\/et\/product\/ascot\/","title":{"rendered":"Ascot"},"content":{"rendered":"<p>Emakakaela plaadis\u00fcsteem peab tagama C2-C7 emakakaela l\u00fclisamba vajaliku stabiilsuse luude \u00fchendumise ajal. Samal ajal peaks s\u00fcsteem olema m\u00e4rkamatult integreeritud l\u00fclisamba kaelaosa biomehaanilisse s\u00fcsteemi. ASCOT saavutab tasakaalu maksimaalse stabiilsuse ja minimaalse j\u00e4ikuse vahel, v\u00f5imaldades seel\u00e4bi koormuse jagamist luuga, et soodustada segmentide liitumist (hundiseadus).<\/p>\n<p>Poolj\u00e4iga kruvi\/plaadi\u00fchenduse nurkade varieeruvusega ASCOT suudab paranemisprotsessi ajal kohaneda muutuva anatoomilise olukorraga. Integreeritud lukustusmehhanism ja isepuurivad kruvid v\u00f5imaldavad kruvide \u00fcheastmelist asetamist ja lukustamist, mille tulemuseks on t\u00f5hus t\u00f6\u00f6tlemisel ja patsiendile ohutu s\u00fcsteem.<\/p>","protected":false},"excerpt":{"rendered":"<p>Emakakaela plaadis\u00fcsteem peab tagama C2-C7 emakakaela l\u00fclisamba vajaliku stabiilsuse luude \u00fchendumise ajal. Samal ajal peaks s\u00fcsteem olema m\u00e4rkamatult integreeritud l\u00fclisamba kaelaosa biomehaanilisse s\u00fcsteemi. ASCOT saavutab tasakaalu maksimaalse stabiilsuse ja minimaalse j\u00e4ikuse vahel, v\u00f5imaldades seel\u00e4bi koormuse jagamist luuga, et soodustada segmentide liitumist (hundiseadus).<\/p>\n<p>Poolj\u00e4iga kruvi\/plaadi\u00fchenduse nurkade varieeruvusega ASCOT suudab paranemisprotsessi ajal kohaneda muutuva anatoomilise olukorraga. Integreeritud lukustusmehhanism ja isepuurivad kruvid v\u00f5imaldavad kruvide \u00fcheastmelist asetamist ja lukustamist, mille tulemuseks on t\u00f5hus t\u00f6\u00f6tlemisel ja patsiendile ohutu s\u00fcsteem.<\/p>","protected":false},"featured_media":18881,"comment_status":"open","ping_status":"closed","template":"","meta":[],"product_brand":[],"product_cat":[125,108,204],"product_tag":[],"class_list":{"0":"post-18876","1":"product","2":"type-product","3":"status-publish","4":"has-post-thumbnail","6":"product_cat-implanti","7":"product_cat-produkti-profesionaliem","8":"product_cat-mugurkaula-plaksnes","10":"first","11":"instock","12":"taxable","13":"shipping-taxable","14":"product-type-simple"},"_links":{"self":[{"href":"https:\/\/medapp.lv\/et\/wp-json\/wp\/v2\/product\/18876","targetHints":{"allow":["GET"]}}],"collection":[{"href":"https:\/\/medapp.lv\/et\/wp-json\/wp\/v2\/product"}],"about":[{"href":"https:\/\/medapp.lv\/et\/wp-json\/wp\/v2\/types\/product"}],"replies":[{"embeddable":true,"href":"https:\/\/medapp.lv\/et\/wp-json\/wp\/v2\/comments?post=18876"}],"version-history":[{"count":1,"href":"https:\/\/medapp.lv\/et\/wp-json\/wp\/v2\/product\/18876\/revisions"}],"predecessor-version":[{"id":18887,"href":"https:\/\/medapp.lv\/et\/wp-json\/wp\/v2\/product\/18876\/revisions\/18887"}],"wp:featuredmedia":[{"embeddable":true,"href":"https:\/\/medapp.lv\/et\/wp-json\/wp\/v2\/media\/18881"}],"wp:attachment":[{"href":"https:\/\/medapp.lv\/et\/wp-json\/wp\/v2\/media?parent=18876"}],"wp:term":[{"taxonomy":"product_brand","embeddable":true,"href":"https:\/\/medapp.lv\/et\/wp-json\/wp\/v2\/product_brand?post=18876"},{"taxonomy":"product_cat","embeddable":true,"href":"https:\/\/medapp.lv\/et\/wp-json\/wp\/v2\/product_cat?post=18876"},{"taxonomy":"product_tag","embeddable":true,"href":"https:\/\/medapp.lv\/et\/wp-json\/wp\/v2\/product_tag?post=18876"}],"curies":[{"name":"t\u00f6\u00f6leht","href":"https:\/\/api.w.org\/{rel}","templated":true}]}}