{"id":18890,"date":"2024-03-11T13:25:31","date_gmt":"2024-03-11T11:25:31","guid":{"rendered":"https:\/\/mareksj17.sg-host.com\/?post_type=product&#038;p=18890"},"modified":"2025-07-17T10:04:38","modified_gmt":"2025-07-17T08:04:38","slug":"poseidos-st","status":"publish","type":"product","link":"https:\/\/medapp.lv\/et\/product\/poseidos-st\/","title":{"rendered":"Poseidos ST"},"content":{"rendered":"<p>Materiaalsed defektid \u2013 p\u00f5hjustatud kasvajatest, luumurdudest v\u00f5i infektsioonidest \u2013 panevad rekonstrueerimiseks paigaldatavatele implantaatidele suure pinge alla, kuna on vaja v\u00e4lja l\u00f5igata kandekonstruktsioonid. Struktuuriliselt stabiilsed n\u00f5uded selgrool\u00fcli keha asendusimplantaatidele h\u00f5lmavad piisavat tuge kortikaalsele luule ja selgrool\u00fcli keha asendusimplantaadi enda usaldusv\u00e4\u00e4rset mehaanikat. POSEIDON\u00ae ST-ga minimeerivad vajumise riski alumised ja \u00fclemised plaadid, mis on v\u00f5imalikult suured, et tagada implantaadi p\u00f6\u00f6rlemisstabiilsus. Usaldusv\u00e4\u00e4rne mehaanika takistab implantaadi nihkumist plaatide otste pinge v\u00e4hendamise t\u00f5ttu.<\/p>","protected":false},"excerpt":{"rendered":"<p>Materiaalsed defektid \u2013 p\u00f5hjustatud kasvajatest, luumurdudest v\u00f5i infektsioonidest \u2013 panevad rekonstrueerimiseks paigaldatavatele implantaatidele suure pinge alla, kuna on vaja v\u00e4lja l\u00f5igata kandekonstruktsioonid. Struktuuriliselt stabiilsed n\u00f5uded selgrool\u00fcli keha asendusimplantaatidele h\u00f5lmavad piisavat tuge kortikaalsele luule ja selgrool\u00fcli keha asendusimplantaadi enda usaldusv\u00e4\u00e4rset mehaanikat. POSEIDON\u00ae ST-ga minimeerivad vajumise riski alumised ja \u00fclemised plaadid, mis on v\u00f5imalikult suured, et tagada implantaadi p\u00f6\u00f6rlemisstabiilsus. Usaldusv\u00e4\u00e4rne mehaanika takistab implantaadi nihkumist plaatide otste pinge v\u00e4hendamise t\u00f5ttu.<\/p>","protected":false},"featured_media":18885,"comment_status":"open","ping_status":"closed","template":"","meta":[],"product_brand":[],"product_cat":[125,108,206],"product_tag":[],"class_list":{"0":"post-18890","1":"product","2":"type-product","3":"status-publish","4":"has-post-thumbnail","6":"product_cat-implanti","7":"product_cat-produkti-profesionaliem","8":"product_cat-korpektomijas-skriemelu-protezes","10":"first","11":"instock","12":"taxable","13":"shipping-taxable","14":"product-type-simple"},"_links":{"self":[{"href":"https:\/\/medapp.lv\/et\/wp-json\/wp\/v2\/product\/18890","targetHints":{"allow":["GET"]}}],"collection":[{"href":"https:\/\/medapp.lv\/et\/wp-json\/wp\/v2\/product"}],"about":[{"href":"https:\/\/medapp.lv\/et\/wp-json\/wp\/v2\/types\/product"}],"replies":[{"embeddable":true,"href":"https:\/\/medapp.lv\/et\/wp-json\/wp\/v2\/comments?post=18890"}],"version-history":[{"count":1,"href":"https:\/\/medapp.lv\/et\/wp-json\/wp\/v2\/product\/18890\/revisions"}],"predecessor-version":[{"id":18891,"href":"https:\/\/medapp.lv\/et\/wp-json\/wp\/v2\/product\/18890\/revisions\/18891"}],"wp:featuredmedia":[{"embeddable":true,"href":"https:\/\/medapp.lv\/et\/wp-json\/wp\/v2\/media\/18885"}],"wp:attachment":[{"href":"https:\/\/medapp.lv\/et\/wp-json\/wp\/v2\/media?parent=18890"}],"wp:term":[{"taxonomy":"product_brand","embeddable":true,"href":"https:\/\/medapp.lv\/et\/wp-json\/wp\/v2\/product_brand?post=18890"},{"taxonomy":"product_cat","embeddable":true,"href":"https:\/\/medapp.lv\/et\/wp-json\/wp\/v2\/product_cat?post=18890"},{"taxonomy":"product_tag","embeddable":true,"href":"https:\/\/medapp.lv\/et\/wp-json\/wp\/v2\/product_tag?post=18890"}],"curies":[{"name":"t\u00f6\u00f6leht","href":"https:\/\/api.w.org\/{rel}","templated":true}]}}