{"id":18905,"date":"2024-03-11T14:23:47","date_gmt":"2024-03-11T12:23:47","guid":{"rendered":"https:\/\/mareksj17.sg-host.com\/?post_type=product&#038;p=18905"},"modified":"2025-07-17T10:04:37","modified_gmt":"2025-07-17T08:04:37","slug":"elektro-koagulacijas-ierices","status":"publish","type":"product","link":"https:\/\/medapp.lv\/et\/product\/elektro-koagulacijas-ierices\/","title":{"rendered":"Reger Medical \u2013 elektrokoagulatsiooniaparaadid"},"content":{"rendered":"<p><strong>Pakume Saksa tootja Reger Medical elektrokoagulatsiooniaparaate.<\/strong><\/p>\n<p><strong>Reger Medical<\/strong> on tuntud oma \u00fclit\u00e4psete ja usaldusv\u00e4\u00e4rsete kirurgiliste tehnoloogiate poolest. Nende laiast valikust pakume elektrokoagulatsiooniseadmeid, mis on m\u00f5eldud kudede l\u00f5ikamiseks, koagulatsiooniks ja verejooksu kontrollimiseks erinevatel kirurgilistel erialadel.<\/p>\n<p>\u26a1 Seadmed sobivad nii \u00fcldiseks, laparoskoopiliseks kui ka spetsialiseeritud kirurgiaks<br \/>\n\ud83d\udd0c Saadaval on erinevad mahutavused, lisatarvikud ja elektroodid vastavalt teie vajadustele<br \/>\n\ud83c\udde9\ud83c\uddea Valmistatud Saksamaal \u2013 k\u00f5rgeim kvaliteet, ohutus ja sertifikaadid<\/p>\n<p>\ud83c\udf10 Lisateavet Reger Medicali toodete kohta:<br \/>\n\ud83d\udc49 <a href=\"http:\/\/www.reger-medical.de\" rel=\"nofollow noopener\" target=\"_blank\">www.reger-medical.de<\/a><\/p>\n<p>\ud83d\udcac V\u00f5tke meiega \u00fchendust, et saada hinnapakkumine v\u00f5i tehnilised andmed sobiva elektrokoagulatsiooniseadme kohta!<\/p>","protected":false},"excerpt":{"rendered":"<p>Pakume Saksa tootja Reger Medical elektrokoagulatsiooniseadmeid. Reger Medical on tuntud oma \u00fclit\u00e4psete ja usaldusv\u00e4\u00e4rsete kirurgiliste tehnoloogiate poolest. Alates<\/p>","protected":false},"featured_media":18908,"comment_status":"open","ping_status":"closed","template":"","meta":[],"product_brand":[],"product_cat":[172],"product_tag":[],"class_list":{"0":"post-18905","1":"product","2":"type-product","3":"status-publish","4":"has-post-thumbnail","6":"product_cat-instrumenti","8":"first","9":"instock","10":"taxable","11":"shipping-taxable","12":"product-type-simple"},"_links":{"self":[{"href":"https:\/\/medapp.lv\/et\/wp-json\/wp\/v2\/product\/18905","targetHints":{"allow":["GET"]}}],"collection":[{"href":"https:\/\/medapp.lv\/et\/wp-json\/wp\/v2\/product"}],"about":[{"href":"https:\/\/medapp.lv\/et\/wp-json\/wp\/v2\/types\/product"}],"replies":[{"embeddable":true,"href":"https:\/\/medapp.lv\/et\/wp-json\/wp\/v2\/comments?post=18905"}],"version-history":[{"count":2,"href":"https:\/\/medapp.lv\/et\/wp-json\/wp\/v2\/product\/18905\/revisions"}],"predecessor-version":[{"id":21484,"href":"https:\/\/medapp.lv\/et\/wp-json\/wp\/v2\/product\/18905\/revisions\/21484"}],"wp:featuredmedia":[{"embeddable":true,"href":"https:\/\/medapp.lv\/et\/wp-json\/wp\/v2\/media\/18908"}],"wp:attachment":[{"href":"https:\/\/medapp.lv\/et\/wp-json\/wp\/v2\/media?parent=18905"}],"wp:term":[{"taxonomy":"product_brand","embeddable":true,"href":"https:\/\/medapp.lv\/et\/wp-json\/wp\/v2\/product_brand?post=18905"},{"taxonomy":"product_cat","embeddable":true,"href":"https:\/\/medapp.lv\/et\/wp-json\/wp\/v2\/product_cat?post=18905"},{"taxonomy":"product_tag","embeddable":true,"href":"https:\/\/medapp.lv\/et\/wp-json\/wp\/v2\/product_tag?post=18905"}],"curies":[{"name":"t\u00f6\u00f6leht","href":"https:\/\/api.w.org\/{rel}","templated":true}]}}