{"id":18966,"date":"2024-03-12T13:26:52","date_gmt":"2024-03-12T11:26:52","guid":{"rendered":"https:\/\/mareksj17.sg-host.com\/?post_type=product&#038;p=18966"},"modified":"2025-07-17T10:04:36","modified_gmt":"2025-07-17T08:04:36","slug":"koagulacijas-iekartas-gima","status":"publish","type":"product","link":"https:\/\/medapp.lv\/et\/product\/koagulacijas-iekartas-gima\/","title":{"rendered":"Koagulatsiooniseadmed - Gima"},"content":{"rendered":"<p>DIATERMO 80 \u2013 monopolaarne<\/p>\n<p>V\u00e4ikeste monopolaarsete operatsioonide jaoks sobivad raadiosageduslikud elektrokirurgia seadmed.<\/p>\n<p>Diatermo 80 on multifunktsionaalne valikul\u00fcliti, mis v\u00f5imaldab l\u00f5ikeid (CUT), l\u00f5igatud koagulatsiooni (BLEND), koagulatsiooni (COAG) ja mikrokoagulatsiooni (MICRO).<\/p>\n<p>\u00dche kaardi mikrokontroller ja digitaalne ekraan tagavad k\u00f5rge ohutuse ja t\u00f6\u00f6kindluse k\u00f5ikides tingimustes.<\/p>\n<p>T\u00e4nu ergonoomikale ja k\u00f5rgetele turvaelementidele pakuvad need suurep\u00e4raseid professionaalseid kirurgilisi tulemusi.<\/p>\n<p>Tehtud Itaalias.<\/p>","protected":false},"excerpt":{"rendered":"<p>DIATERMO 80 \u2013 monopolaarne raadiosageduslik elektrokirurgia aparaat, sobib v\u00e4ikese monopolaarse kirurgia jaoks. Diatermo 80 on multifunktsionaalne valikl\u00fcliti, mis v\u00f5imaldab<\/p>","protected":false},"featured_media":18967,"comment_status":"open","ping_status":"closed","template":"","meta":[],"product_brand":[],"product_cat":[131,108],"product_tag":[],"class_list":{"0":"post-18966","1":"product","2":"type-product","3":"status-publish","4":"has-post-thumbnail","6":"product_cat-med-iekartas","7":"product_cat-produkti-profesionaliem","9":"first","10":"instock","11":"taxable","12":"shipping-taxable","13":"product-type-simple"},"_links":{"self":[{"href":"https:\/\/medapp.lv\/et\/wp-json\/wp\/v2\/product\/18966","targetHints":{"allow":["GET"]}}],"collection":[{"href":"https:\/\/medapp.lv\/et\/wp-json\/wp\/v2\/product"}],"about":[{"href":"https:\/\/medapp.lv\/et\/wp-json\/wp\/v2\/types\/product"}],"replies":[{"embeddable":true,"href":"https:\/\/medapp.lv\/et\/wp-json\/wp\/v2\/comments?post=18966"}],"version-history":[{"count":2,"href":"https:\/\/medapp.lv\/et\/wp-json\/wp\/v2\/product\/18966\/revisions"}],"predecessor-version":[{"id":18969,"href":"https:\/\/medapp.lv\/et\/wp-json\/wp\/v2\/product\/18966\/revisions\/18969"}],"wp:featuredmedia":[{"embeddable":true,"href":"https:\/\/medapp.lv\/et\/wp-json\/wp\/v2\/media\/18967"}],"wp:attachment":[{"href":"https:\/\/medapp.lv\/et\/wp-json\/wp\/v2\/media?parent=18966"}],"wp:term":[{"taxonomy":"product_brand","embeddable":true,"href":"https:\/\/medapp.lv\/et\/wp-json\/wp\/v2\/product_brand?post=18966"},{"taxonomy":"product_cat","embeddable":true,"href":"https:\/\/medapp.lv\/et\/wp-json\/wp\/v2\/product_cat?post=18966"},{"taxonomy":"product_tag","embeddable":true,"href":"https:\/\/medapp.lv\/et\/wp-json\/wp\/v2\/product_tag?post=18966"}],"curies":[{"name":"t\u00f6\u00f6leht","href":"https:\/\/api.w.org\/{rel}","templated":true}]}}