{"id":18975,"date":"2024-03-12T13:37:55","date_gmt":"2024-03-12T11:37:55","guid":{"rendered":"https:\/\/mareksj17.sg-host.com\/?post_type=product&#038;p=18975"},"modified":"2025-07-17T10:04:35","modified_gmt":"2025-07-17T08:04:35","slug":"negativa-spiediena-brucu-terapija-suknis","status":"publish","type":"product","link":"https:\/\/medapp.lv\/et\/product\/negativa-spiediena-brucu-terapija-suknis\/","title":{"rendered":"Negatiivse r\u00f5huga haavaravi - pump"},"content":{"rendered":"<p>Exsudex\u00ae XL-i on kaasaegne kompaktne meditsiiniseade, mida kasutatakse rutiinseks alar\u00f5huhaavaraviks, avatud k\u00f5hu\u00f5\u00f5ne alar\u00f5huraviks ja instillatsiooniga kombineeritud alar\u00f5huraviks. Kolm v\u00f5imalust \u00fche seadmega.<\/p>","protected":false},"excerpt":{"rendered":"<p>Exsudex\u00ae XL-i on kaasaegne kompaktne meditsiiniseade, mida kasutatakse rutiinseks alar\u00f5huhaavaraviks, avatud k\u00f5hupiirkonna alar\u00f5huraviks.<\/p>","protected":false},"featured_media":18976,"comment_status":"open","ping_status":"closed","template":"","meta":[],"product_brand":[],"product_cat":[131,108],"product_tag":[],"class_list":{"0":"post-18975","1":"product","2":"type-product","3":"status-publish","4":"has-post-thumbnail","6":"product_cat-med-iekartas","7":"product_cat-produkti-profesionaliem","9":"first","10":"instock","11":"taxable","12":"shipping-taxable","13":"product-type-simple"},"_links":{"self":[{"href":"https:\/\/medapp.lv\/et\/wp-json\/wp\/v2\/product\/18975","targetHints":{"allow":["GET"]}}],"collection":[{"href":"https:\/\/medapp.lv\/et\/wp-json\/wp\/v2\/product"}],"about":[{"href":"https:\/\/medapp.lv\/et\/wp-json\/wp\/v2\/types\/product"}],"replies":[{"embeddable":true,"href":"https:\/\/medapp.lv\/et\/wp-json\/wp\/v2\/comments?post=18975"}],"version-history":[{"count":1,"href":"https:\/\/medapp.lv\/et\/wp-json\/wp\/v2\/product\/18975\/revisions"}],"predecessor-version":[{"id":18977,"href":"https:\/\/medapp.lv\/et\/wp-json\/wp\/v2\/product\/18975\/revisions\/18977"}],"wp:featuredmedia":[{"embeddable":true,"href":"https:\/\/medapp.lv\/et\/wp-json\/wp\/v2\/media\/18976"}],"wp:attachment":[{"href":"https:\/\/medapp.lv\/et\/wp-json\/wp\/v2\/media?parent=18975"}],"wp:term":[{"taxonomy":"product_brand","embeddable":true,"href":"https:\/\/medapp.lv\/et\/wp-json\/wp\/v2\/product_brand?post=18975"},{"taxonomy":"product_cat","embeddable":true,"href":"https:\/\/medapp.lv\/et\/wp-json\/wp\/v2\/product_cat?post=18975"},{"taxonomy":"product_tag","embeddable":true,"href":"https:\/\/medapp.lv\/et\/wp-json\/wp\/v2\/product_tag?post=18975"}],"curies":[{"name":"t\u00f6\u00f6leht","href":"https:\/\/api.w.org\/{rel}","templated":true}]}}