{"id":18978,"date":"2024-03-12T13:43:50","date_gmt":"2024-03-12T11:43:50","guid":{"rendered":"https:\/\/mareksj17.sg-host.com\/?post_type=product&#038;p=18978"},"modified":"2025-07-17T10:04:35","modified_gmt":"2025-07-17T08:04:35","slug":"elektroniskais-pneimatiskais-znaugs","status":"publish","type":"product","link":"https:\/\/medapp.lv\/et\/product\/elektroniskais-pneimatiskais-znaugs\/","title":{"rendered":"Elektrooniline\/pneumaatiline \u00f5huklapp"},"content":{"rendered":"<p>EASY PUMP DUAL\u00ae NG \u017egutt on DDM-i uue p\u00f5lvkonna elektrooniline pneumaatiline \u017egutt, mis tagab alaj\u00e4semete operatsioonide jaoks ohutu ja verekaotuseta t\u00f6\u00f6v\u00e4lja. V\u00f5rreldes eelmise p\u00f5lvkonnaga on see loodud liidese oluliste tehnoloogiliste t\u00e4iustustega, pakkudes kasutajatele paremat kasutusmugavust ja patsiendi ohutust. \u2022 2 s\u00f5ltumatu pneumaatilise ahelaga mudel:<br \/>\nEasy Pump Dual\u00ae G10904 on m\u00f5eldud kasutamiseks \u00fche- v\u00f5i kaherihmaga v\u00f5i kahe \u00fcksiku rihmaga.<br \/>\nSee v\u00f5imaldab lukustada 2 erineva r\u00f5huga v\u00f6\u00f6d kahepoolseteks operatsioonideks v\u00f5i intravenoosseks regionaalanesteesiaks: ALRIV v\u00f5i IVRA.<\/p>","protected":false},"excerpt":{"rendered":"<p>EASY PUMP DUAL\u00ae NG \u017egutt on DDM-i uue p\u00f5lvkonna elektrooniline pneumaatiline \u017egutt, mis tagab turvalise, verekaotuseta t\u00f6\u00f6v\u00e4lja<\/p>","protected":false},"featured_media":18979,"comment_status":"open","ping_status":"closed","template":"","meta":[],"product_brand":[],"product_cat":[131,108],"product_tag":[],"class_list":{"0":"post-18978","1":"product","2":"type-product","3":"status-publish","4":"has-post-thumbnail","6":"product_cat-med-iekartas","7":"product_cat-produkti-profesionaliem","9":"first","10":"instock","11":"taxable","12":"shipping-taxable","13":"product-type-simple"},"_links":{"self":[{"href":"https:\/\/medapp.lv\/et\/wp-json\/wp\/v2\/product\/18978","targetHints":{"allow":["GET"]}}],"collection":[{"href":"https:\/\/medapp.lv\/et\/wp-json\/wp\/v2\/product"}],"about":[{"href":"https:\/\/medapp.lv\/et\/wp-json\/wp\/v2\/types\/product"}],"replies":[{"embeddable":true,"href":"https:\/\/medapp.lv\/et\/wp-json\/wp\/v2\/comments?post=18978"}],"version-history":[{"count":1,"href":"https:\/\/medapp.lv\/et\/wp-json\/wp\/v2\/product\/18978\/revisions"}],"predecessor-version":[{"id":18980,"href":"https:\/\/medapp.lv\/et\/wp-json\/wp\/v2\/product\/18978\/revisions\/18980"}],"wp:featuredmedia":[{"embeddable":true,"href":"https:\/\/medapp.lv\/et\/wp-json\/wp\/v2\/media\/18979"}],"wp:attachment":[{"href":"https:\/\/medapp.lv\/et\/wp-json\/wp\/v2\/media?parent=18978"}],"wp:term":[{"taxonomy":"product_brand","embeddable":true,"href":"https:\/\/medapp.lv\/et\/wp-json\/wp\/v2\/product_brand?post=18978"},{"taxonomy":"product_cat","embeddable":true,"href":"https:\/\/medapp.lv\/et\/wp-json\/wp\/v2\/product_cat?post=18978"},{"taxonomy":"product_tag","embeddable":true,"href":"https:\/\/medapp.lv\/et\/wp-json\/wp\/v2\/product_tag?post=18978"}],"curies":[{"name":"t\u00f6\u00f6leht","href":"https:\/\/api.w.org\/{rel}","templated":true}]}}