{"id":18981,"date":"2024-03-12T13:49:23","date_gmt":"2024-03-12T11:49:23","guid":{"rendered":"https:\/\/mareksj17.sg-host.com\/?post_type=product&#038;p=18981"},"modified":"2025-07-17T10:04:34","modified_gmt":"2025-07-17T08:04:34","slug":"galvas-lampas","status":"publish","type":"product","link":"https:\/\/medapp.lv\/et\/product\/galvas-lampas\/","title":{"rendered":"Esituled"},"content":{"rendered":"<p>Lamp tagab selge vaatev\u00e4lja optimaalse varjuvaba valgustusega t\u00f6\u00f6piirkonnas \u2013 kogu p\u00e4eva ja patareisid vahetamata.<\/p>\n<p>Keskendume olulisele: kompaktsed, kerged ja v\u00e4ga eredad valguss\u00fcsteemid v\u00f5imsate akudega. Lisaks tagavad ohutuse t\u00e4nu veekindlale konstruktsioonile optimaalsed puhastusv\u00f5imalused.<\/p>\n<p>Meie uuenduslik disain kvaliteetsete ja j\u00e4tkusuutlike materjalidega on ka esteetiliselt meeldiv.<\/p>\n<p>OMADUSED CRI v\u00e4\u00e4rtus: 92+ Ala suurus: 80mm \/ WD 35cm<br \/>\nKiire k\u00f5rguse ja nurga reguleerimine<br \/>\nSuurep\u00e4rane puhastusv\u00f5ime t\u00e4nu veekindlale konstruktsioonile<br \/>\nAku vahetus v\u00e4hem kui 5 sekundiga<br \/>\nHeleduse reguleerimine 5 astmega &quot;Boost&quot; re\u017eiimiga<br \/>\nLisavarustusena UV-filtriga<\/p>","protected":false},"excerpt":{"rendered":"<p>Lamp tagab selge vaatev\u00e4lja optimaalse varjuvaba valgustusega t\u00f6\u00f6piirkonnas \u2013 kogu p\u00e4eva ja patareisid vahetamata.<\/p>","protected":false},"featured_media":18983,"comment_status":"open","ping_status":"closed","template":"","meta":[],"product_brand":[],"product_cat":[131,108],"product_tag":[],"class_list":{"0":"post-18981","1":"product","2":"type-product","3":"status-publish","4":"has-post-thumbnail","6":"product_cat-med-iekartas","7":"product_cat-produkti-profesionaliem","9":"first","10":"instock","11":"taxable","12":"shipping-taxable","13":"product-type-simple"},"_links":{"self":[{"href":"https:\/\/medapp.lv\/et\/wp-json\/wp\/v2\/product\/18981","targetHints":{"allow":["GET"]}}],"collection":[{"href":"https:\/\/medapp.lv\/et\/wp-json\/wp\/v2\/product"}],"about":[{"href":"https:\/\/medapp.lv\/et\/wp-json\/wp\/v2\/types\/product"}],"replies":[{"embeddable":true,"href":"https:\/\/medapp.lv\/et\/wp-json\/wp\/v2\/comments?post=18981"}],"version-history":[{"count":1,"href":"https:\/\/medapp.lv\/et\/wp-json\/wp\/v2\/product\/18981\/revisions"}],"predecessor-version":[{"id":18984,"href":"https:\/\/medapp.lv\/et\/wp-json\/wp\/v2\/product\/18981\/revisions\/18984"}],"wp:featuredmedia":[{"embeddable":true,"href":"https:\/\/medapp.lv\/et\/wp-json\/wp\/v2\/media\/18983"}],"wp:attachment":[{"href":"https:\/\/medapp.lv\/et\/wp-json\/wp\/v2\/media?parent=18981"}],"wp:term":[{"taxonomy":"product_brand","embeddable":true,"href":"https:\/\/medapp.lv\/et\/wp-json\/wp\/v2\/product_brand?post=18981"},{"taxonomy":"product_cat","embeddable":true,"href":"https:\/\/medapp.lv\/et\/wp-json\/wp\/v2\/product_cat?post=18981"},{"taxonomy":"product_tag","embeddable":true,"href":"https:\/\/medapp.lv\/et\/wp-json\/wp\/v2\/product_tag?post=18981"}],"curies":[{"name":"t\u00f6\u00f6leht","href":"https:\/\/api.w.org\/{rel}","templated":true}]}}