{"id":18999,"date":"2024-03-12T14:17:33","date_gmt":"2024-03-12T12:17:33","guid":{"rendered":"https:\/\/mareksj17.sg-host.com\/?post_type=product&#038;p=18999"},"modified":"2025-07-17T10:04:32","modified_gmt":"2025-07-17T08:04:32","slug":"kirurgiskie-sukni","status":"publish","type":"product","link":"https:\/\/medapp.lv\/et\/product\/kirurgiskie-sukni\/","title":{"rendered":"Kirurgilised pumbad"},"content":{"rendered":"<p>VEGA IMUMISEADMED<br \/>\nStiilsete, kompaktsete ja t\u00f6\u00f6kindlate aspiraatorite sari v\u00e4iksemateks operatsioonideks. Vaiksed, suure vooluhulga ja hooldusvabad pumbad tagavad toote pika eluea ja vastupidavuse. Soovitatav nasaalseks, suukaudseks aspiratsiooniks, kehavedelike (lima, katarr v\u00f5i veri) aspireerimiseks l\u00e4bi hingetoru t\u00e4iskasvanutel v\u00f5i lastel. Varustatud pidevalt reguleeritava vaakumregulaatori, vaakumi indikaatoriga, purunematu 1000ml v\u00f5i 2000ml Makrolon\u00ae purgiga, autoklaavitav 121\u00b0C juures, \u00fclevoolu v\u00e4ltimiseks ohutu ujuki juhtklapiga. Valikuline APEC\u00ae purk autoklaavitav 143\u00b0C juures. Toodetud elektriliselt ja soojusisolatsiooniga plastikust korpuses.<\/p>\n<p>Tehtud Itaalias.<\/p>","protected":false},"excerpt":{"rendered":"<p>VEGA IMUMISEADMED Stiilsete, kompaktsete ja t\u00f6\u00f6kindlate aspiraatorite sari v\u00e4ikesteks operatsioonideks. Vaiksed, suure vooluhulga ja hooldusvabad pumbad tagavad pika eluea<\/p>","protected":false},"featured_media":19000,"comment_status":"open","ping_status":"closed","template":"","meta":[],"product_brand":[],"product_cat":[131,108],"product_tag":[],"class_list":{"0":"post-18999","1":"product","2":"type-product","3":"status-publish","4":"has-post-thumbnail","6":"product_cat-med-iekartas","7":"product_cat-produkti-profesionaliem","9":"first","10":"instock","11":"taxable","12":"shipping-taxable","13":"product-type-simple"},"_links":{"self":[{"href":"https:\/\/medapp.lv\/et\/wp-json\/wp\/v2\/product\/18999","targetHints":{"allow":["GET"]}}],"collection":[{"href":"https:\/\/medapp.lv\/et\/wp-json\/wp\/v2\/product"}],"about":[{"href":"https:\/\/medapp.lv\/et\/wp-json\/wp\/v2\/types\/product"}],"replies":[{"embeddable":true,"href":"https:\/\/medapp.lv\/et\/wp-json\/wp\/v2\/comments?post=18999"}],"version-history":[{"count":1,"href":"https:\/\/medapp.lv\/et\/wp-json\/wp\/v2\/product\/18999\/revisions"}],"predecessor-version":[{"id":19001,"href":"https:\/\/medapp.lv\/et\/wp-json\/wp\/v2\/product\/18999\/revisions\/19001"}],"wp:featuredmedia":[{"embeddable":true,"href":"https:\/\/medapp.lv\/et\/wp-json\/wp\/v2\/media\/19000"}],"wp:attachment":[{"href":"https:\/\/medapp.lv\/et\/wp-json\/wp\/v2\/media?parent=18999"}],"wp:term":[{"taxonomy":"product_brand","embeddable":true,"href":"https:\/\/medapp.lv\/et\/wp-json\/wp\/v2\/product_brand?post=18999"},{"taxonomy":"product_cat","embeddable":true,"href":"https:\/\/medapp.lv\/et\/wp-json\/wp\/v2\/product_cat?post=18999"},{"taxonomy":"product_tag","embeddable":true,"href":"https:\/\/medapp.lv\/et\/wp-json\/wp\/v2\/product_tag?post=18999"}],"curies":[{"name":"t\u00f6\u00f6leht","href":"https:\/\/api.w.org\/{rel}","templated":true}]}}