{"id":19051,"date":"2024-03-12T20:33:06","date_gmt":"2024-03-12T18:33:06","guid":{"rendered":"https:\/\/mareksj17.sg-host.com\/?post_type=product&#038;p=19051"},"modified":"2025-07-17T10:04:29","modified_gmt":"2025-07-17T08:04:29","slug":"uzsucosie-diegi","status":"publish","type":"product","link":"https:\/\/medapp.lv\/et\/product\/uzsucosie-diegi\/","title":{"rendered":"Imenduvad \u00f5mblused"},"content":{"rendered":"<p>Otsuse kasutatavate n\u00f5elte valiku kohta peab langetama kirurg ja see v\u00f5ib v\u00f5tta arvesse mitmeid tegureid, nagu protseduuri spetsiifilised n\u00f5uded, \u00f5mmeldava koe laad, operatsiooni jaoks saadaval olev ala ja tehnika. eelistab iga kirurg eraldi. Vitrexi kirurgilisi \u00f5mblusniite toodetakse mitmesuguste stiilide, kujundite, pikkuste ja l\u00e4bim\u00f5\u00f5tudega, et vastata ka k\u00f5ige n\u00f5udlikumatele n\u00f5uetele.<\/p>\n<p>&nbsp;<\/p>","protected":false},"excerpt":{"rendered":"<p>Otsuse kasutatavate n\u00f5elte kohta peab tegema kirurg ja see v\u00f5ib v\u00f5tta arvesse mitmeid tegureid, nagu konkreetse protseduuri n\u00f5uded, kude,<\/p>","protected":false},"featured_media":19066,"comment_status":"open","ping_status":"closed","template":"","meta":[],"product_brand":[],"product_cat":[214,108],"product_tag":[],"class_list":{"0":"post-19051","1":"product","2":"type-product","3":"status-publish","4":"has-post-thumbnail","6":"product_cat-kirurgiskie-diegi-un-tikli","7":"product_cat-produkti-profesionaliem","9":"first","10":"instock","11":"taxable","12":"shipping-taxable","13":"product-type-simple"},"_links":{"self":[{"href":"https:\/\/medapp.lv\/et\/wp-json\/wp\/v2\/product\/19051","targetHints":{"allow":["GET"]}}],"collection":[{"href":"https:\/\/medapp.lv\/et\/wp-json\/wp\/v2\/product"}],"about":[{"href":"https:\/\/medapp.lv\/et\/wp-json\/wp\/v2\/types\/product"}],"replies":[{"embeddable":true,"href":"https:\/\/medapp.lv\/et\/wp-json\/wp\/v2\/comments?post=19051"}],"version-history":[{"count":1,"href":"https:\/\/medapp.lv\/et\/wp-json\/wp\/v2\/product\/19051\/revisions"}],"predecessor-version":[{"id":19067,"href":"https:\/\/medapp.lv\/et\/wp-json\/wp\/v2\/product\/19051\/revisions\/19067"}],"wp:featuredmedia":[{"embeddable":true,"href":"https:\/\/medapp.lv\/et\/wp-json\/wp\/v2\/media\/19066"}],"wp:attachment":[{"href":"https:\/\/medapp.lv\/et\/wp-json\/wp\/v2\/media?parent=19051"}],"wp:term":[{"taxonomy":"product_brand","embeddable":true,"href":"https:\/\/medapp.lv\/et\/wp-json\/wp\/v2\/product_brand?post=19051"},{"taxonomy":"product_cat","embeddable":true,"href":"https:\/\/medapp.lv\/et\/wp-json\/wp\/v2\/product_cat?post=19051"},{"taxonomy":"product_tag","embeddable":true,"href":"https:\/\/medapp.lv\/et\/wp-json\/wp\/v2\/product_tag?post=19051"}],"curies":[{"name":"t\u00f6\u00f6leht","href":"https:\/\/api.w.org\/{rel}","templated":true}]}}