{"id":19058,"date":"2024-03-12T20:35:16","date_gmt":"2024-03-12T18:35:16","guid":{"rendered":"https:\/\/mareksj17.sg-host.com\/?post_type=product&#038;p=19058"},"modified":"2025-07-17T10:04:29","modified_gmt":"2025-07-17T08:04:29","slug":"neuzsucosie-diegi","status":"publish","type":"product","link":"https:\/\/medapp.lv\/et\/product\/neuzsucosie-diegi\/","title":{"rendered":"Mitteimenduvad \u00f5mblused"},"content":{"rendered":"<p>Kasutatavate n\u00f5elte valik tuleks j\u00e4tta kirurgi otsustada ja see v\u00f5ib v\u00f5tta arvesse mitmeid tegureid, nagu konkreetse protseduuri n\u00f5uded, \u00f5mmeldava koe olemus, operatsiooniv\u00e4lja k\u00e4ttesaadavus ja eelistatud tehnikad. iga kirurg eraldi. Vitrexi kirurgilisi \u00f5mblusi valmistatakse laias valikus kuju, suuruse, pikkuse ja l\u00e4bim\u00f5\u00f5duga, et vastata ka k\u00f5ige n\u00f5udlikumatele n\u00f5uetele.<\/p>","protected":false},"excerpt":{"rendered":"<p>Kasutatavate n\u00f5elte valik tuleks j\u00e4tta kirurgi otsustada ja see v\u00f5ib v\u00f5tta arvesse mitmeid tegureid, nagu konkreetse protseduuri n\u00f5uded,<\/p>","protected":false},"featured_media":19071,"comment_status":"open","ping_status":"closed","template":"","meta":[],"product_brand":[],"product_cat":[214],"product_tag":[],"class_list":{"0":"post-19058","1":"product","2":"type-product","3":"status-publish","4":"has-post-thumbnail","6":"product_cat-kirurgiskie-diegi-un-tikli","8":"first","9":"instock","10":"taxable","11":"shipping-taxable","12":"product-type-simple"},"_links":{"self":[{"href":"https:\/\/medapp.lv\/et\/wp-json\/wp\/v2\/product\/19058","targetHints":{"allow":["GET"]}}],"collection":[{"href":"https:\/\/medapp.lv\/et\/wp-json\/wp\/v2\/product"}],"about":[{"href":"https:\/\/medapp.lv\/et\/wp-json\/wp\/v2\/types\/product"}],"replies":[{"embeddable":true,"href":"https:\/\/medapp.lv\/et\/wp-json\/wp\/v2\/comments?post=19058"}],"version-history":[{"count":1,"href":"https:\/\/medapp.lv\/et\/wp-json\/wp\/v2\/product\/19058\/revisions"}],"predecessor-version":[{"id":19074,"href":"https:\/\/medapp.lv\/et\/wp-json\/wp\/v2\/product\/19058\/revisions\/19074"}],"wp:featuredmedia":[{"embeddable":true,"href":"https:\/\/medapp.lv\/et\/wp-json\/wp\/v2\/media\/19071"}],"wp:attachment":[{"href":"https:\/\/medapp.lv\/et\/wp-json\/wp\/v2\/media?parent=19058"}],"wp:term":[{"taxonomy":"product_brand","embeddable":true,"href":"https:\/\/medapp.lv\/et\/wp-json\/wp\/v2\/product_brand?post=19058"},{"taxonomy":"product_cat","embeddable":true,"href":"https:\/\/medapp.lv\/et\/wp-json\/wp\/v2\/product_cat?post=19058"},{"taxonomy":"product_tag","embeddable":true,"href":"https:\/\/medapp.lv\/et\/wp-json\/wp\/v2\/product_tag?post=19058"}],"curies":[{"name":"t\u00f6\u00f6leht","href":"https:\/\/api.w.org\/{rel}","templated":true}]}}