{"id":19581,"date":"2024-04-09T10:41:40","date_gmt":"2024-04-09T08:41:40","guid":{"rendered":"https:\/\/medapp.lv\/?post_type=product&#038;p=19581"},"modified":"2026-03-16T09:40:34","modified_gmt":"2026-03-16T07:40:34","slug":"push-care-kakla-ortoze","status":"publish","type":"product","link":"https:\/\/medapp.lv\/et\/product\/push-care-kakla-ortoze\/","title":{"rendered":"PUSH Care Kaela ortoos"},"content":{"rendered":"<p>Push care Neck Brace Kaelatugi toetab kaelal\u00fclisid t\u00e4nu oma anatoomilisele kujule ja poolk\u00f5vale materjalile. See pakub funktsionaalset tuge kaelale ja peale l\u00f5ualuu ja rangluu vahel. Selle tagab piisavalt j\u00e4ik materjal, mis ei piira liikuvust. Anatoomiline kuju, \u00fcmarad servad ja pehme vooder, mis hoiab naha kuivana, tagavad, et breketid on v\u00e4ga mugavad kanda.<\/p>\n<p>Sympress\u2122 tehnoloogia Tugi on valmistatud Sympress\u2122-st, mis on kvaliteetne ja mugav materjal. Mikrofiibri kasutamine muudab seest pehmeks ja hoiab naha kuivana. Push care Neck Brace on lihtne peale panna ja seda saab pesta.<\/p>\n<p><iframe title=\"YouTube&#039;i videopleier\" src=\"https:\/\/www.youtube.com\/embed\/HeQGYQiDVKs?si=tJPuBaNkm-GY3Xnc\" width=\"560\" height=\"315\" frameborder=\"0\" allowfullscreen=\"allowfullscreen\"><\/iframe><\/p>","protected":false},"excerpt":{"rendered":"<p>Push Care kaelaortoos pakub funktsionaalset tuge kaelale ja peale l\u00f5ualuu ja rangluu vahel. Kaelarihm toetab l\u00fclisamba kaelaosa t\u00e4nu oma anatoomilisele kujule.<\/p>","protected":false},"featured_media":19584,"comment_status":"open","ping_status":"closed","template":"","meta":[],"product_brand":[],"product_cat":[134,133],"product_tag":[],"class_list":{"0":"post-19581","1":"product","2":"type-product","3":"status-publish","4":"has-post-thumbnail","6":"product_cat-kaklam","7":"product_cat-ortozes","9":"first","10":"instock","11":"taxable","12":"shipping-taxable","13":"purchasable","14":"product-type-variable"},"_links":{"self":[{"href":"https:\/\/medapp.lv\/et\/wp-json\/wp\/v2\/product\/19581","targetHints":{"allow":["GET"]}}],"collection":[{"href":"https:\/\/medapp.lv\/et\/wp-json\/wp\/v2\/product"}],"about":[{"href":"https:\/\/medapp.lv\/et\/wp-json\/wp\/v2\/types\/product"}],"replies":[{"embeddable":true,"href":"https:\/\/medapp.lv\/et\/wp-json\/wp\/v2\/comments?post=19581"}],"version-history":[{"count":7,"href":"https:\/\/medapp.lv\/et\/wp-json\/wp\/v2\/product\/19581\/revisions"}],"predecessor-version":[{"id":20015,"href":"https:\/\/medapp.lv\/et\/wp-json\/wp\/v2\/product\/19581\/revisions\/20015"}],"wp:featuredmedia":[{"embeddable":true,"href":"https:\/\/medapp.lv\/et\/wp-json\/wp\/v2\/media\/19584"}],"wp:attachment":[{"href":"https:\/\/medapp.lv\/et\/wp-json\/wp\/v2\/media?parent=19581"}],"wp:term":[{"taxonomy":"product_brand","embeddable":true,"href":"https:\/\/medapp.lv\/et\/wp-json\/wp\/v2\/product_brand?post=19581"},{"taxonomy":"product_cat","embeddable":true,"href":"https:\/\/medapp.lv\/et\/wp-json\/wp\/v2\/product_cat?post=19581"},{"taxonomy":"product_tag","embeddable":true,"href":"https:\/\/medapp.lv\/et\/wp-json\/wp\/v2\/product_tag?post=19581"}],"curies":[{"name":"t\u00f6\u00f6leht","href":"https:\/\/api.w.org\/{rel}","templated":true}]}}