{"id":19614,"date":"2024-04-29T21:02:11","date_gmt":"2024-04-29T19:02:11","guid":{"rendered":"https:\/\/medapp.lv\/?post_type=product&#038;p=19614"},"modified":"2025-07-17T07:44:51","modified_gmt":"2025-07-17T05:44:51","slug":"jostas-atbalsts","status":"publish","type":"product","link":"https:\/\/medapp.lv\/et\/product\/jostas-atbalsts\/","title":{"rendered":"PAVIS V\u00f6\u00f6 tugi"},"content":{"rendered":"<ul>\n<li>Seljavalu leevendamine<\/li>\n<li>L\u00fclisamba \u00f5ige asend<\/li>\n<li>Olukorrad, kus nimmepiirkonna lihased on pikka aega pinges, n\u00e4iteks reisides<\/li>\n<li>M\u00d5\u00d5TMED (CM): 37 x 31 x 5\/7<\/li>\n<\/ul>","protected":false},"excerpt":{"rendered":"<p>Seljavalu leevendamine L\u00fclisamba \u00f5ige asend Olukorrad, kus nimmepiirkonna lihased on pikka aega pinges, n\u00e4iteks reisimisel M\u00d5\u00d5TMED (CM): 37 x 31<\/p>","protected":false},"featured_media":19616,"comment_status":"open","ping_status":"closed","template":"","meta":[],"product_brand":[],"product_cat":[221],"product_tag":[],"class_list":{"0":"post-19614","1":"product","2":"type-product","3":"status-publish","4":"has-post-thumbnail","6":"product_cat-ortopediskie-spilveni","8":"first","9":"instock","10":"taxable","11":"shipping-taxable","12":"purchasable","13":"product-type-simple"},"_links":{"self":[{"href":"https:\/\/medapp.lv\/et\/wp-json\/wp\/v2\/product\/19614","targetHints":{"allow":["GET"]}}],"collection":[{"href":"https:\/\/medapp.lv\/et\/wp-json\/wp\/v2\/product"}],"about":[{"href":"https:\/\/medapp.lv\/et\/wp-json\/wp\/v2\/types\/product"}],"replies":[{"embeddable":true,"href":"https:\/\/medapp.lv\/et\/wp-json\/wp\/v2\/comments?post=19614"}],"version-history":[{"count":3,"href":"https:\/\/medapp.lv\/et\/wp-json\/wp\/v2\/product\/19614\/revisions"}],"predecessor-version":[{"id":19977,"href":"https:\/\/medapp.lv\/et\/wp-json\/wp\/v2\/product\/19614\/revisions\/19977"}],"wp:featuredmedia":[{"embeddable":true,"href":"https:\/\/medapp.lv\/et\/wp-json\/wp\/v2\/media\/19616"}],"wp:attachment":[{"href":"https:\/\/medapp.lv\/et\/wp-json\/wp\/v2\/media?parent=19614"}],"wp:term":[{"taxonomy":"product_brand","embeddable":true,"href":"https:\/\/medapp.lv\/et\/wp-json\/wp\/v2\/product_brand?post=19614"},{"taxonomy":"product_cat","embeddable":true,"href":"https:\/\/medapp.lv\/et\/wp-json\/wp\/v2\/product_cat?post=19614"},{"taxonomy":"product_tag","embeddable":true,"href":"https:\/\/medapp.lv\/et\/wp-json\/wp\/v2\/product_tag?post=19614"}],"curies":[{"name":"t\u00f6\u00f6leht","href":"https:\/\/api.w.org\/{rel}","templated":true}]}}