{"id":19615,"date":"2024-04-29T21:03:44","date_gmt":"2024-04-29T19:03:44","guid":{"rendered":"https:\/\/medapp.lv\/?post_type=product&#038;p=19615"},"modified":"2025-07-17T07:44:50","modified_gmt":"2025-07-17T05:44:50","slug":"kvadratveida-ortopedisks-spilvens","status":"publish","type":"product","link":"https:\/\/medapp.lv\/et\/product\/kvadratveida-ortopedisks-spilvens\/","title":{"rendered":"PAVIS Square ortopeediline padi"},"content":{"rendered":"<ul>\n<li>M\u00f5jutatud piirkondade asetamine nii, et need oleksid ventileeritud ja survevabad<\/li>\n<li>Valulike protsesside leevendamine, eriti p\u00e4rast s\u00fcnnitust, p\u00e4rast vaagna- ja p\u00e4rasooleoperatsioone<\/li>\n<li>Hemorroidide patoloogiad<\/li>\n<li>Armide ennetamine sakraalsetes piirkondades<\/li>\n<li>Abi teatud t\u00fc\u00fcpi survehaavandite ravis<\/li>\n<li>Armide ennetamine sakraalsetes piirkondades<\/li>\n<li>Puuvillane kate (art. 935) \u2013 eemaldatav ja pestav kuni 30 \u00baC<\/li>\n<li>M\u00d5\u00d5TMED (CM): 40 x 40 x 5<\/li>\n<\/ul>","protected":false},"excerpt":{"rendered":"<p>M\u00f5jutatud piirkondade paigutamine nii, et need oleksid ventileeritud ja survevabad Valulike protsesside leevendamine, eriti p\u00e4rast s\u00fcnnitust, p\u00e4rast vaagna- ja p\u00e4rasoole<\/p>","protected":false},"featured_media":19618,"comment_status":"open","ping_status":"closed","template":"","meta":[],"product_brand":[],"product_cat":[221],"product_tag":[],"class_list":{"0":"post-19615","1":"product","2":"type-product","3":"status-publish","4":"has-post-thumbnail","6":"product_cat-ortopediskie-spilveni","8":"first","9":"instock","10":"taxable","11":"shipping-taxable","12":"purchasable","13":"product-type-simple"},"_links":{"self":[{"href":"https:\/\/medapp.lv\/et\/wp-json\/wp\/v2\/product\/19615","targetHints":{"allow":["GET"]}}],"collection":[{"href":"https:\/\/medapp.lv\/et\/wp-json\/wp\/v2\/product"}],"about":[{"href":"https:\/\/medapp.lv\/et\/wp-json\/wp\/v2\/types\/product"}],"replies":[{"embeddable":true,"href":"https:\/\/medapp.lv\/et\/wp-json\/wp\/v2\/comments?post=19615"}],"version-history":[{"count":3,"href":"https:\/\/medapp.lv\/et\/wp-json\/wp\/v2\/product\/19615\/revisions"}],"predecessor-version":[{"id":19978,"href":"https:\/\/medapp.lv\/et\/wp-json\/wp\/v2\/product\/19615\/revisions\/19978"}],"wp:featuredmedia":[{"embeddable":true,"href":"https:\/\/medapp.lv\/et\/wp-json\/wp\/v2\/media\/19618"}],"wp:attachment":[{"href":"https:\/\/medapp.lv\/et\/wp-json\/wp\/v2\/media?parent=19615"}],"wp:term":[{"taxonomy":"product_brand","embeddable":true,"href":"https:\/\/medapp.lv\/et\/wp-json\/wp\/v2\/product_brand?post=19615"},{"taxonomy":"product_cat","embeddable":true,"href":"https:\/\/medapp.lv\/et\/wp-json\/wp\/v2\/product_cat?post=19615"},{"taxonomy":"product_tag","embeddable":true,"href":"https:\/\/medapp.lv\/et\/wp-json\/wp\/v2\/product_tag?post=19615"}],"curies":[{"name":"t\u00f6\u00f6leht","href":"https:\/\/api.w.org\/{rel}","templated":true}]}}