{"id":19716,"date":"2024-05-21T10:52:42","date_gmt":"2024-05-21T08:52:42","guid":{"rendered":"https:\/\/medapp.lv\/?post_type=product&#038;p=19716"},"modified":"2025-11-05T20:50:07","modified_gmt":"2025-11-05T18:50:07","slug":"dorsala-lumbala-krustu-modulara-korsete","status":"publish","type":"product","link":"https:\/\/medapp.lv\/et\/product\/dorsala-lumbala-krustu-modulara-korsete\/","title":{"rendered":"PAVIS Rindkere-nimme-ristluu ortoos"},"content":{"rendered":"<p>Uus disain \u00f5lapiirkonnas parandab mugavust\/sobivust. Poolj\u00e4igad alumiiniumliistud loovad t\u00f5husa toe selja-nimme-ristluu l\u00fclisambale ja on eemaldatavad. Seljaosa on varustatud tugevdatud seljaosaga, et v\u00e4ltida liistu liikumist paravertebraalsest piirkonnast eemale. \u00d5lapaelad on anatoomilise kujuga ja vooderdatud pehme Radyarn kangaga optimaalse mugavuse tagamiseks. Elastne seljaaas lihtsustab rihma kasutamist<\/p>\n<p>Saadaval k\u00f5rgus: 60 cm<\/p>","protected":false},"excerpt":{"rendered":"<p>Uus ortopeediline lamamistool surutakse vastu keha topelt-risti-pingutusrihmade s\u00fcsteemi abil, mis v\u00e4hendab valu, v\u00e4hendab k\u00f5ndimisel kukkumisohtu ning soodustab kandmisel kindlat tunnet.<\/p>\n<h1 class=\"product_title entry-title wd-entities-title\"><\/h1>","protected":false},"featured_media":19757,"comment_status":"open","ping_status":"closed","template":"","meta":[],"product_brand":[],"product_cat":[133,138],"product_tag":[],"class_list":{"0":"post-19716","1":"product","2":"type-product","3":"status-publish","4":"has-post-thumbnail","6":"product_cat-ortozes","7":"product_cat-muguras-jostas","9":"first","10":"instock","11":"taxable","12":"shipping-taxable","13":"purchasable","14":"product-type-variable"},"_links":{"self":[{"href":"https:\/\/medapp.lv\/et\/wp-json\/wp\/v2\/product\/19716","targetHints":{"allow":["GET"]}}],"collection":[{"href":"https:\/\/medapp.lv\/et\/wp-json\/wp\/v2\/product"}],"about":[{"href":"https:\/\/medapp.lv\/et\/wp-json\/wp\/v2\/types\/product"}],"replies":[{"embeddable":true,"href":"https:\/\/medapp.lv\/et\/wp-json\/wp\/v2\/comments?post=19716"}],"version-history":[{"count":5,"href":"https:\/\/medapp.lv\/et\/wp-json\/wp\/v2\/product\/19716\/revisions"}],"predecessor-version":[{"id":19960,"href":"https:\/\/medapp.lv\/et\/wp-json\/wp\/v2\/product\/19716\/revisions\/19960"}],"wp:featuredmedia":[{"embeddable":true,"href":"https:\/\/medapp.lv\/et\/wp-json\/wp\/v2\/media\/19757"}],"wp:attachment":[{"href":"https:\/\/medapp.lv\/et\/wp-json\/wp\/v2\/media?parent=19716"}],"wp:term":[{"taxonomy":"product_brand","embeddable":true,"href":"https:\/\/medapp.lv\/et\/wp-json\/wp\/v2\/product_brand?post=19716"},{"taxonomy":"product_cat","embeddable":true,"href":"https:\/\/medapp.lv\/et\/wp-json\/wp\/v2\/product_cat?post=19716"},{"taxonomy":"product_tag","embeddable":true,"href":"https:\/\/medapp.lv\/et\/wp-json\/wp\/v2\/product_tag?post=19716"}],"curies":[{"name":"t\u00f6\u00f6leht","href":"https:\/\/api.w.org\/{rel}","templated":true}]}}