{"id":19732,"date":"2024-05-21T11:10:59","date_gmt":"2024-05-21T09:10:59","guid":{"rendered":"https:\/\/medapp.lv\/?post_type=product&#038;p=19732"},"modified":"2026-02-12T13:03:43","modified_gmt":"2026-02-12T11:03:43","slug":"ortho-e-muguras-josta-h-21-cm","status":"publish","type":"product","link":"https:\/\/medapp.lv\/et\/product\/ortho-e-muguras-josta-h-21-cm\/","title":{"rendered":"PAVIS seljaortoos (38cm)"},"content":{"rendered":"<p>Anatoomiliselt kujundatud, et kohaneda ideaalselt patsiendi pikkusega. Poolj\u00e4ik materjal paravertebraalses piirkonnas, et tagada maksimaalne v\u00f5imalik stabiilsus. Saadaval erinevad k\u00f5rgused, mis sobivad erinevate seljaprobleemidega. T\u00e4iendavad eesmised rihmad tugevdavad t\u00f5husalt tuge. Rihmade arv varieerub s\u00f5ltuvalt korseti k\u00f5rgusest (et pinget saaks reguleerida erinevate seljaosade jaoks). Seljal on eemaldatavad kinnitused, et kohandada tuge vastavalt patsiendi vajadustele ja taastusravi erinevatele etappidele. Uuenduslik bakteriostaatiline kangas tagab maksimaalse h\u00fcgieeni, mugavuse ja hingavuse.<br \/>\nMaterjal on m\u00f5eldud bakterite tekke v\u00e4ltimiseks.<br \/>\nN\u00e4idustused:<\/p>\n<ul>\n<li>Valu alaseljas,<\/li>\n<li>P\u00e4rast ketta songa operatsioone,<\/li>\n<li>artroos,<\/li>\n<li>v\u00e4ljaulatuvad osad,<\/li>\n<li>Sakkaalne h\u00fcperk\u00fcfoos\/h\u00fcpok\u00fcfoos,<\/li>\n<li>spond\u00fcloartroos,<\/li>\n<li>osteol\u00fc\u00fcs,<\/li>\n<li>Nimme- ja lumbosakraalsed tendinopaatiad.<\/li>\n<\/ul>","protected":false},"excerpt":{"rendered":"<p>Pavis seljaortoos on anatoomiliselt kujundatud aktiivne tugi, millel on individuaalne reguleerimine ja k\u00f5rge kandmismugavus. Seljaortoosil on sisseehitatud ja anatoomiliselt vormitud korsetir\u00f5ngad, mis toetavad l\u00fclisamba nimmepiirkonna anatoomiliselt \u00f5iget kehahoiakut. Mugav ja lihtne ortoosi paigaldamine t\u00e4nu praktilistele breketitele. Saadaval mitu suurust.<\/p>","protected":false},"featured_media":19758,"comment_status":"open","ping_status":"closed","template":"","meta":[],"product_brand":[],"product_cat":[133,138],"product_tag":[],"class_list":{"0":"post-19732","1":"product","2":"type-product","3":"status-publish","4":"has-post-thumbnail","6":"product_cat-ortozes","7":"product_cat-muguras-jostas","9":"first","10":"instock","11":"taxable","12":"shipping-taxable","13":"purchasable","14":"product-type-variable"},"_links":{"self":[{"href":"https:\/\/medapp.lv\/et\/wp-json\/wp\/v2\/product\/19732","targetHints":{"allow":["GET"]}}],"collection":[{"href":"https:\/\/medapp.lv\/et\/wp-json\/wp\/v2\/product"}],"about":[{"href":"https:\/\/medapp.lv\/et\/wp-json\/wp\/v2\/types\/product"}],"replies":[{"embeddable":true,"href":"https:\/\/medapp.lv\/et\/wp-json\/wp\/v2\/comments?post=19732"}],"version-history":[{"count":11,"href":"https:\/\/medapp.lv\/et\/wp-json\/wp\/v2\/product\/19732\/revisions"}],"predecessor-version":[{"id":20054,"href":"https:\/\/medapp.lv\/et\/wp-json\/wp\/v2\/product\/19732\/revisions\/20054"}],"wp:featuredmedia":[{"embeddable":true,"href":"https:\/\/medapp.lv\/et\/wp-json\/wp\/v2\/media\/19758"}],"wp:attachment":[{"href":"https:\/\/medapp.lv\/et\/wp-json\/wp\/v2\/media?parent=19732"}],"wp:term":[{"taxonomy":"product_brand","embeddable":true,"href":"https:\/\/medapp.lv\/et\/wp-json\/wp\/v2\/product_brand?post=19732"},{"taxonomy":"product_cat","embeddable":true,"href":"https:\/\/medapp.lv\/et\/wp-json\/wp\/v2\/product_cat?post=19732"},{"taxonomy":"product_tag","embeddable":true,"href":"https:\/\/medapp.lv\/et\/wp-json\/wp\/v2\/product_tag?post=19732"}],"curies":[{"name":"t\u00f6\u00f6leht","href":"https:\/\/api.w.org\/{rel}","templated":true}]}}