{"id":19861,"date":"2024-05-29T10:32:50","date_gmt":"2024-05-29T08:32:50","guid":{"rendered":"https:\/\/medapp.lv\/?post_type=product&#038;p=19861"},"modified":"2025-07-17T09:56:36","modified_gmt":"2025-07-17T07:56:36","slug":"push-med-cela-ortoze","status":"publish","type":"product","link":"https:\/\/medapp.lv\/et\/product\/push-med-cela-ortoze\/","title":{"rendered":"PUSH Care P\u00f5lveortoos"},"content":{"rendered":"<p>Push care Knee Brace pakub kompressiooni \u00fcmber p\u00f5lveliigese ja toetab p\u00f5lvekedra, mis parandab stabiilsustunnet ja leevendab valu. Kinnitusdetailid v\u00f5imaldavad r\u00f5hku individuaalselt reguleerida. Seda ortoosi kasutades tunnete mugavat tuge, seega tunnete end turvaliselt aktiivses liikumises.<br \/>\nKvaliteetne, painduv materjal ja silikoonrakendused ortoosil tagavad t\u00e4iusliku sobivuse ja s\u00e4ilitavad ka oma positsiooni.<\/p>\n<p>Sympress\u2122 tehnoloogia. Ortoos on valmistatud kvaliteetsest ja mugavast materjalist Sympress\u2122. Mikrokiudude kasutamine muudab seest pehmeks ja hoiab naha kuivana. Push care Knee Brace&#039;i on lihtne peale panna ja seda saab pesta.<\/p>\n<p>N\u00e4idustused:<\/p>\n<ul>\n<li>P\u00e4rast vigastusi<\/li>\n<li>P\u00e4rast operatsioone<\/li>\n<li>Valu p\u00f5lveliigeses<\/li>\n<li>Osteoartriit<\/li>\n<li>Artriit<\/li>\n<li>Kalduvus ebastabiilsusele<\/li>\n<li>Patellar tendinopaatia<\/li>\n<li>Reumatoidartriit<\/li>\n<\/ul>","protected":false},"excerpt":{"rendered":"<p>Push care Knee Brace on uue p\u00f5lvkonna ortoos, mida kasutatakse p\u00f5lvevalu v\u00f5i vigastuste korral.<\/p>","protected":false},"featured_media":19867,"comment_status":"open","ping_status":"closed","template":"","meta":[],"product_brand":[],"product_cat":[133,137],"product_tag":[],"class_list":{"0":"post-19861","1":"product","2":"type-product","3":"status-publish","4":"has-post-thumbnail","6":"product_cat-ortozes","7":"product_cat-kajai-cela-locitivai-un-pedai","9":"first","10":"instock","11":"taxable","12":"shipping-taxable","13":"purchasable","14":"product-type-variable"},"_links":{"self":[{"href":"https:\/\/medapp.lv\/et\/wp-json\/wp\/v2\/product\/19861","targetHints":{"allow":["GET"]}}],"collection":[{"href":"https:\/\/medapp.lv\/et\/wp-json\/wp\/v2\/product"}],"about":[{"href":"https:\/\/medapp.lv\/et\/wp-json\/wp\/v2\/types\/product"}],"replies":[{"embeddable":true,"href":"https:\/\/medapp.lv\/et\/wp-json\/wp\/v2\/comments?post=19861"}],"version-history":[{"count":5,"href":"https:\/\/medapp.lv\/et\/wp-json\/wp\/v2\/product\/19861\/revisions"}],"predecessor-version":[{"id":19980,"href":"https:\/\/medapp.lv\/et\/wp-json\/wp\/v2\/product\/19861\/revisions\/19980"}],"wp:featuredmedia":[{"embeddable":true,"href":"https:\/\/medapp.lv\/et\/wp-json\/wp\/v2\/media\/19867"}],"wp:attachment":[{"href":"https:\/\/medapp.lv\/et\/wp-json\/wp\/v2\/media?parent=19861"}],"wp:term":[{"taxonomy":"product_brand","embeddable":true,"href":"https:\/\/medapp.lv\/et\/wp-json\/wp\/v2\/product_brand?post=19861"},{"taxonomy":"product_cat","embeddable":true,"href":"https:\/\/medapp.lv\/et\/wp-json\/wp\/v2\/product_cat?post=19861"},{"taxonomy":"product_tag","embeddable":true,"href":"https:\/\/medapp.lv\/et\/wp-json\/wp\/v2\/product_tag?post=19861"}],"curies":[{"name":"t\u00f6\u00f6leht","href":"https:\/\/api.w.org\/{rel}","templated":true}]}}