{"id":19872,"date":"2024-05-29T11:56:08","date_gmt":"2024-05-29T09:56:08","guid":{"rendered":"https:\/\/medapp.lv\/?post_type=product&#038;p=19872"},"modified":"2025-11-07T15:05:29","modified_gmt":"2025-11-07T13:05:29","slug":"taurus-h-staigasanas-ramis-ar-riteniem","status":"publish","type":"product","link":"https:\/\/medapp.lv\/et\/product\/taurus-h-staigasanas-ramis-ar-riteniem\/","title":{"rendered":"TAURUS H ratastega k\u00e4imisraam"},"content":{"rendered":"<div>Taurus H on h\u00e4sti disainitud ja funktsionaalne k\u00f5ndija, mis on loodud pakkuma head \u00fclakeha tuge. See on piisavalt k\u00f5rge pikkadele kasutajatele (kuni 2,10 m) ja selle h\u00f5lpsaks kasutamiseks on h\u00fcdrauliline k\u00f5rguse reguleerimine ja seda saab kasutada du\u0161i all.<\/div>\n<div><\/div>\n<div>Kaks varustustaset: Basic ja Premium.<\/div>\n<div>M\u00f5lemal mudelil on reguleeritavad k\u00e4etoed ja jalgpidurid. Premium mudel on t\u00e4ielikult komplekteeritud reguleeritavate k\u00e4epidemetega, k\u00e4epidemetel s\u00f5idu- ja seisupiduritega ning v\u00f5imalusega kiige lukustada (suunalukk).<\/div>\n<div>T\u00dcV sertifitseeritud vastavalt EN ISO 11199-3 (standard k\u00f5nnijatele ja muudele liikumisabivahenditele) ning sellel on 2-aastane defektide ja kahjustusteta garantii (erandiks on eba\u00f5igest kasutamisest tingitud kahjustused v\u00f5i loomuliku kulumisega seotud osad).<\/div>\n<div>TOPRO Taurus on saadaval ka elektrilise k\u00f5rguse reguleerimisega, kus Premium mudel saab t\u00e4nu k\u00e4epidemete h\u00f5lpsale k\u00e4sitsemisele olla p\u00fcstitoena (pange t\u00e4hele: see ei ole patsiendit\u00f5stuk). Lisateabe saamiseks v\u00f5tke \u00fchendust MedAppi meeskonnaga.<\/div>\n<div>\n<div>\n<div>Kasutuslihtsus h\u00fcdraulilise k\u00f5rguse reguleerimise ja h\u00f5lpsasti ligip\u00e4\u00e4setavate k\u00e4epidemetega eesmiste k\u00e4etugede esik\u00fcljel ning h\u00f5lpsasti loetava k\u00f5rgusskaalaga.<\/div>\n<div>Reguleeritav kaugus k\u00fc\u00fcnarvarretugede vahel.<\/div>\n<div>Kesksammas tagab \u00f5endust\u00f6\u00f6tajatele h\u00f5lpsa juurdep\u00e4\u00e4su.<\/div>\n<div>Laua maksimaalne laius on vaid 66 cm.<\/div>\n<div>12,5 cm l\u00e4bim\u00f5\u00f5duga rattad tagavad, et Taurus H on piisavalt suur, et minna \u00fcle vaibaservadest, uksel\u00e4vedest jne, kuid piisavalt v\u00e4ike, et minna voodite alla.<\/div>\n<div>\u00d5huke disain koos stabiilsete jalgadega tagab turvalise k\u00f5ndimise.<\/div>\n<div>Jalgpidur k\u00f5igil neljal rattal.<\/div>\n<\/div>\n<div><\/div>\n<\/div>","protected":false},"excerpt":{"rendered":"<div>Taurus H on h\u00e4sti disainitud ja funktsionaalne k\u00f5ndija, mis on loodud pakkuma head \u00fclakeha tuge. See on piisavalt k\u00f5rge pikkadele kasutajatele (kuni 2,10 m) ja selle h\u00f5lpsaks kasutamiseks on h\u00fcdrauliline k\u00f5rguse reguleerimine ja seda saab kasutada du\u0161i all.<\/div>\n<div><\/div>","protected":false},"featured_media":19873,"comment_status":"open","ping_status":"closed","template":"","meta":[],"product_brand":[],"product_cat":[222],"product_tag":[],"class_list":{"0":"post-19872","1":"product","2":"type-product","3":"status-publish","4":"has-post-thumbnail","6":"product_cat-paligierices","8":"first","9":"outofstock","10":"taxable","11":"shipping-taxable","12":"purchasable","13":"product-type-simple"},"_links":{"self":[{"href":"https:\/\/medapp.lv\/et\/wp-json\/wp\/v2\/product\/19872","targetHints":{"allow":["GET"]}}],"collection":[{"href":"https:\/\/medapp.lv\/et\/wp-json\/wp\/v2\/product"}],"about":[{"href":"https:\/\/medapp.lv\/et\/wp-json\/wp\/v2\/types\/product"}],"replies":[{"embeddable":true,"href":"https:\/\/medapp.lv\/et\/wp-json\/wp\/v2\/comments?post=19872"}],"version-history":[{"count":5,"href":"https:\/\/medapp.lv\/et\/wp-json\/wp\/v2\/product\/19872\/revisions"}],"predecessor-version":[{"id":20007,"href":"https:\/\/medapp.lv\/et\/wp-json\/wp\/v2\/product\/19872\/revisions\/20007"}],"wp:featuredmedia":[{"embeddable":true,"href":"https:\/\/medapp.lv\/et\/wp-json\/wp\/v2\/media\/19873"}],"wp:attachment":[{"href":"https:\/\/medapp.lv\/et\/wp-json\/wp\/v2\/media?parent=19872"}],"wp:term":[{"taxonomy":"product_brand","embeddable":true,"href":"https:\/\/medapp.lv\/et\/wp-json\/wp\/v2\/product_brand?post=19872"},{"taxonomy":"product_cat","embeddable":true,"href":"https:\/\/medapp.lv\/et\/wp-json\/wp\/v2\/product_cat?post=19872"},{"taxonomy":"product_tag","embeddable":true,"href":"https:\/\/medapp.lv\/et\/wp-json\/wp\/v2\/product_tag?post=19872"}],"curies":[{"name":"t\u00f6\u00f6leht","href":"https:\/\/api.w.org\/{rel}","templated":true}]}}