{"id":20206,"date":"2025-01-16T16:32:46","date_gmt":"2025-01-16T14:32:46","guid":{"rendered":"https:\/\/medapp.lv\/?post_type=product&#038;p=20206"},"modified":"2025-07-17T09:55:32","modified_gmt":"2025-07-17T07:55:32","slug":"grutniecibas-josta","status":"publish","type":"product","link":"https:\/\/medapp.lv\/et\/product\/grutniecibas-josta\/","title":{"rendered":"Rasedusv\u00f6\u00f6"},"content":{"rendered":"<p>See v\u00f6\u00f6 on professionaalne meditsiinitoode, mis on toodetud ja kohandatud spetsiaalselt rasedatele naistele. V\u00f6\u00f6 toetab k\u00f5hupiirkonda ja aitab v\u00e4hendada ebamugavustunnet raseduse ajal. V\u00f6\u00f6 on valmistatud hingavast ja nahas\u00f5bralikust materjalist AirRubber\u2122. Rasedusv\u00f6\u00f6 tagak\u00fcljel on ortopeedilised r\u00f5ngad, mis jaotavad \u00fchtlaselt survet alaseljale ning toetavad seljalihaseid ja sidemeid. Rasedusv\u00f6\u00f6 on varustatud spetsiaalse k\u00f5hurihmaga, mis hoiab v\u00f6\u00f6d paigal ning ei lase sellel veereda ega libiseda. Sellel rasedust toetaval v\u00f6\u00f6l on uuenduslik disain, mis v\u00e4hendab survet p\u00f5iele ja jaotab lapse raskuse \u00fchtlasemalt. Lisaks v\u00e4hendab pidev k\u00f5hu toetamine venitusarmide tekkeriski. Rasedusv\u00f6\u00f6 igap\u00e4evane kasutamine v\u00e4hendab valu vaagnas, puusas ja alaseljas. V\u00f6\u00f6 aitab parandada r\u00fchti ja v\u00e4hendab raseduse ajal levinud venitusarme.<\/p>","protected":false},"excerpt":{"rendered":"<p>Rasedus on aeg, mil kehas toimub palju muutusi. Raskuskese liigub ette, mis m\u00f5jutab lihaseid ja sidemeid ning v\u00f5ib p\u00f5hjustada valu. Kui tunnete raseduse ajal valu, on soovitatav teha harjutusi v\u00f5i proovida rasedusv\u00f6\u00f6d.<\/p>","protected":false},"featured_media":20200,"comment_status":"open","ping_status":"closed","template":"","meta":[],"product_brand":[],"product_cat":[138,133],"product_tag":[],"class_list":{"0":"post-20206","1":"product","2":"type-product","3":"status-publish","4":"has-post-thumbnail","6":"product_cat-muguras-jostas","7":"product_cat-ortozes","9":"first","10":"instock","11":"taxable","12":"shipping-taxable","13":"purchasable","14":"product-type-variable"},"_links":{"self":[{"href":"https:\/\/medapp.lv\/et\/wp-json\/wp\/v2\/product\/20206","targetHints":{"allow":["GET"]}}],"collection":[{"href":"https:\/\/medapp.lv\/et\/wp-json\/wp\/v2\/product"}],"about":[{"href":"https:\/\/medapp.lv\/et\/wp-json\/wp\/v2\/types\/product"}],"replies":[{"embeddable":true,"href":"https:\/\/medapp.lv\/et\/wp-json\/wp\/v2\/comments?post=20206"}],"version-history":[{"count":3,"href":"https:\/\/medapp.lv\/et\/wp-json\/wp\/v2\/product\/20206\/revisions"}],"predecessor-version":[{"id":20217,"href":"https:\/\/medapp.lv\/et\/wp-json\/wp\/v2\/product\/20206\/revisions\/20217"}],"wp:featuredmedia":[{"embeddable":true,"href":"https:\/\/medapp.lv\/et\/wp-json\/wp\/v2\/media\/20200"}],"wp:attachment":[{"href":"https:\/\/medapp.lv\/et\/wp-json\/wp\/v2\/media?parent=20206"}],"wp:term":[{"taxonomy":"product_brand","embeddable":true,"href":"https:\/\/medapp.lv\/et\/wp-json\/wp\/v2\/product_brand?post=20206"},{"taxonomy":"product_cat","embeddable":true,"href":"https:\/\/medapp.lv\/et\/wp-json\/wp\/v2\/product_cat?post=20206"},{"taxonomy":"product_tag","embeddable":true,"href":"https:\/\/medapp.lv\/et\/wp-json\/wp\/v2\/product_tag?post=20206"}],"curies":[{"name":"t\u00f6\u00f6leht","href":"https:\/\/api.w.org\/{rel}","templated":true}]}}