{"id":20299,"date":"2025-02-11T10:35:04","date_gmt":"2025-02-11T08:35:04","guid":{"rendered":"https:\/\/medapp.lv\/?post_type=product&#038;p=20299"},"modified":"2025-09-29T15:32:24","modified_gmt":"2025-09-29T13:32:24","slug":"plecu-krusu-akupresuras-astonkajis","status":"publish","type":"product","link":"https:\/\/medapp.lv\/et\/product\/plecu-krusu-akupresuras-astonkajis\/","title":{"rendered":"\u00d5lad-Rind ACUPRESSURE KAheksajalg"},"content":{"rendered":"<h4><strong>Peamised omadused:<\/strong><\/h4>\n<ul>\n<li><strong>Akupressuuri massaa\u017ei efekt:<\/strong>\u00a0Stimuleerib \u00f5rnalt vereringet \u00f5la- ja rinnalihastes, soodustab lihaste l\u00f5dvestamist ja leevendab valu.<\/li>\n<li><strong>Ergonoomiline kuju:<\/strong>\u00a0Kohandub keha loomulike joontega, parandab r\u00fchti ja selgroo asendit.<\/li>\n<li><strong>Reguleeritavad kinnitusdetailid:<\/strong>\u00a0Pakub kohandatud pinget ja mugavust igap\u00e4evaseks kasutamiseks.<\/li>\n<li><strong>Ohutus ja mugavus:<\/strong>\u00a0Kasutatavad materjalid on inimkehale kahjutud ja sobivad pikaajaliseks kandmiseks.<\/li>\n<\/ul>\n<h3><strong>Soovitused kasutamiseks<\/strong><\/h3>\n<p><strong>Sobib:<\/strong><\/p>\n<ul>\n<li>L\u00fclisamba rindkere valu (\u00e4ge ja krooniline) leevendamiseks.<\/li>\n<li>Operatsioonij\u00e4rgseks ja rehabilitatsiooniperioodiks.<\/li>\n<li>Lihaspingete leevendamiseks p\u00e4rast f\u00fc\u00fcsilist pingutust.<\/li>\n<li>Ennetavaks kasutamiseks selgroo tervise ja liikuvuse parandamiseks.<\/li>\n<\/ul>\n<p><strong>Vastun\u00e4idustused:<\/strong><\/p>\n<ul>\n<li>Rasked seljaaju vigastused v\u00f5i infektsioonid.<\/li>\n<li>Rindkere onkoloogilised haigused.<\/li>\n<li>Nahap\u00f5letik v\u00f5i haavad kasutuspiirkonnas.<\/li>\n<li>Rasedus ja krooniline obstruktiivne kopsuhaigus (KOK).<\/li>\n<\/ul>\n<h3><strong>Kasutusjuhend<\/strong><\/h3>\n<ol>\n<li>H\u00fcgieeni ja mugavuse huvides kandke korsetti \u00f5hukeste riiete peal.<\/li>\n<li>Veenduge, et keskne logo oleks v\u00e4lisk\u00fcljel ja korsett oleks korralikult kinnitatud.<\/li>\n<li>Alustage minimaalse pingega ja suurendage seda j\u00e4rk-j\u00e4rgult kahe n\u00e4dala jooksul, kohandades seda vastavalt oma vajadustele.<\/li>\n<li>Kandke korsetti kuni 2 tundi korraga v\u00e4hemalt 2-tunniste pausidega.<\/li>\n<\/ol>","protected":false},"excerpt":{"rendered":"<p>Dynamic 4-tsooniline Acupressure Octopus on m\u00f5eldud rindkere-\u00f5lgade piirkonnale. Aitab leevendada valu rindkere seljas ja leevendada pingeid \u00f5lav\u00f6\u00f6tme lihastes. Aitab s\u00e4ilitada f\u00fcsioloogiliselt \u00f5iget kehahoiakut. Parandab vereringet trapetsis. Leevendab lihaspingeid ja f\u00fcsioloogilist stressi.<\/p>\n<h5>21-P\u00c4EVANE PROOVIperiood<\/h5>\n<p class=\"elementor-icon-box-description\">Oleme kindlad, et &quot;Acupressure Octopus&quot; aitab teil parandada oma selja tervist. Seet\u00f5ttu anname teile v\u00f5imaluse testida selle efektiivsust 3 n\u00e4dala jooksul. Kui korsett ei aita, tagastame raha.<\/p>","protected":false},"featured_media":20295,"comment_status":"open","ping_status":"closed","template":"","meta":[],"product_brand":[],"product_cat":[138,133],"product_tag":[],"class_list":{"0":"post-20299","1":"product","2":"type-product","3":"status-publish","4":"has-post-thumbnail","6":"product_cat-muguras-jostas","7":"product_cat-ortozes","9":"first","10":"instock","11":"sale","12":"taxable","13":"shipping-taxable","14":"purchasable","15":"product-type-variable"},"_links":{"self":[{"href":"https:\/\/medapp.lv\/et\/wp-json\/wp\/v2\/product\/20299","targetHints":{"allow":["GET"]}}],"collection":[{"href":"https:\/\/medapp.lv\/et\/wp-json\/wp\/v2\/product"}],"about":[{"href":"https:\/\/medapp.lv\/et\/wp-json\/wp\/v2\/types\/product"}],"replies":[{"embeddable":true,"href":"https:\/\/medapp.lv\/et\/wp-json\/wp\/v2\/comments?post=20299"}],"version-history":[{"count":1,"href":"https:\/\/medapp.lv\/et\/wp-json\/wp\/v2\/product\/20299\/revisions"}],"predecessor-version":[{"id":20305,"href":"https:\/\/medapp.lv\/et\/wp-json\/wp\/v2\/product\/20299\/revisions\/20305"}],"wp:featuredmedia":[{"embeddable":true,"href":"https:\/\/medapp.lv\/et\/wp-json\/wp\/v2\/media\/20295"}],"wp:attachment":[{"href":"https:\/\/medapp.lv\/et\/wp-json\/wp\/v2\/media?parent=20299"}],"wp:term":[{"taxonomy":"product_brand","embeddable":true,"href":"https:\/\/medapp.lv\/et\/wp-json\/wp\/v2\/product_brand?post=20299"},{"taxonomy":"product_cat","embeddable":true,"href":"https:\/\/medapp.lv\/et\/wp-json\/wp\/v2\/product_cat?post=20299"},{"taxonomy":"product_tag","embeddable":true,"href":"https:\/\/medapp.lv\/et\/wp-json\/wp\/v2\/product_tag?post=20299"}],"curies":[{"name":"t\u00f6\u00f6leht","href":"https:\/\/api.w.org\/{rel}","templated":true}]}}