{"id":20315,"date":"2025-02-11T10:41:17","date_gmt":"2025-02-11T08:41:17","guid":{"rendered":"https:\/\/medapp.lv\/?post_type=product&#038;p=20315"},"modified":"2025-09-29T15:34:56","modified_gmt":"2025-09-29T13:34:56","slug":"paaugstinatas-jostas-akupresuras-astonkajis","status":"publish","type":"product","link":"https:\/\/medapp.lv\/et\/product\/paaugstinatas-jostas-akupresuras-astonkajis\/","title":{"rendered":"K\u00f5rgendatud v\u00f6\u00f6d &quot;ACUPRESURE OCTOPUS&quot;"},"content":{"rendered":"<p>D\u00fcnaamiline 6-tsooniline akupressuurikorsett aitab leevendada seljavalusid, toniseerib selja- ja k\u00fcljelihaseid, soodustab l\u00fclisamba nimmepiirkonna \u00f5ige kumeruse taastumist ning parandab keha \u00fcldist heaolutunnet.<\/p>\n<h4><strong>Peamised omadused:<\/strong><\/h4>\n<ul>\n<li><strong>Akupressuuri tehnoloogia:<\/strong>Korseti massaa\u017eielemendid soodustavad vere mikrotsirkulatsiooni, leevendavad lihaspingeid ja parandavad kudede hapnikuga varustamist.<\/li>\n<li><strong>Ergonoomiline disain:<\/strong>Parandab l\u00fclisamba asendit ja v\u00e4hendab ebamugavustunnet, kohanedes kehaliigutustega.<\/li>\n<li><strong>Reguleeritav pinge:<\/strong>T\u00e4nu spetsiaalsetele pingutusmehhanismidele tagab korsett individuaalselt reguleeritud surve.<\/li>\n<li><strong>D\u00fcnaamiline tugis\u00fcsteem:<\/strong>Tagab stabiilsuse f\u00fc\u00fcsilise tegevuse ajal ilma liikumisvabadust piiramata.<\/li>\n<\/ul>\n<h3><strong>Soovitused kasutamiseks<\/strong><\/h3>\n<p><strong>Sobib:<\/strong><\/p>\n<ul>\n<li>\u00dcldine valu ristluu- ja nimmepiirkonnas (\u00e4ge ja krooniline);<\/li>\n<li>L\u00f5\u00f5gastumine ja keha taastumine p\u00e4rast f\u00fc\u00fcsilist pingutust;<\/li>\n<li>seljalihaste pinge v\u00e4hendamine;<\/li>\n<li>L\u00fclisamba nimmepiirkonna liikumisulatuse suurendamine.<\/li>\n<li>Taastumine vigastustest ja operatsioonij\u00e4rgne periood;<\/li>\n<li>L\u00fclisamba valuvaigistav toime ennetuslikel eesm\u00e4rkidel;<\/li>\n<li>Selle toote eelised on eriti tunda kehalise aktiivsuse ajal, v\u00e4lja arvatud kontaktsport.<\/li>\n<\/ul>\n<p><strong>Vastun\u00e4idustused:<\/strong><\/p>\n<ul>\n<li>Rasked seljaaju vigastused v\u00f5i infektsioonid.<\/li>\n<li>Onkoloogilised haigused l\u00fclisamba piirkonnas.<\/li>\n<li>Nahap\u00f5letik v\u00f5i haavad kasutuspiirkonnas.<\/li>\n<li>\u00c4ge k\u00f5huvalu.<\/li>\n<li>Rasedus ja krooniline obstruktiivne kopsuhaigus (KOK).<\/li>\n<\/ul>\n<h3><strong>Kasutusjuhend<\/strong><\/h3>\n<ol>\n<li>Veenduge, et korsett oleks \u00f5igesti selga pandud \u2013 logo peaks j\u00e4\u00e4ma v\u00e4ljapoole.<\/li>\n<li>Pingutage korsetti, suurendades j\u00e4rk-j\u00e4rgult survet, et v\u00e4ltida ebamugavusi.<\/li>\n<li>Korsetti kandke kuni 2 tundi korraga, tehes v\u00e4hemalt 2-tunniseid pause.<\/li>\n<li>Alustage minimaalse pingega ja kohandage seda j\u00e4rk-j\u00e4rgult vastavalt oma vajadustele.<\/li>\n<\/ol>","protected":false},"excerpt":{"rendered":"<p>D\u00fcnaamiline 6-tsooniline akupressuurikorsett &quot;Acupressure Octopus&quot; on m\u00f5eldud l\u00fclisamba nimme- ja rindkere jaoks. Erinevalt nimmepiirkonna akupressuurikorsetist, mis leevendab valu l\u00fclisamba alaosas, on k\u00f5rge nimmekorsett m\u00f5eldud valu jaoks, mis on lokaliseeritud laiemale piirkonnale kogu nimmepiirkonnas, siirdudes rindkere piirkonda. Korsetil on kaks t\u00e4iendavat akupressuuritsooni, et suurendada ravi ulatust ja parandada ravitoimet. Korseti iga tsooni saab reguleerida oma pingetugevusega, kohandades seda vastavalt patsiendi vajadustele.<\/p>\n<p>D\u00fcnaamiline 6-tsooniline akupressuurikorsett aitab leevendada seljavalusid, toniseerib selja- ja k\u00fcljelihaseid, soodustab l\u00fclisamba nimmepiirkonna \u00f5ige kumeruse taastumist ning parandab keha \u00fcldist heaolutunnet.<\/p>","protected":false},"featured_media":20311,"comment_status":"open","ping_status":"closed","template":"","meta":[],"product_brand":[],"product_cat":[138,133],"product_tag":[],"class_list":{"0":"post-20315","1":"product","2":"type-product","3":"status-publish","4":"has-post-thumbnail","6":"product_cat-muguras-jostas","7":"product_cat-ortozes","9":"first","10":"instock","11":"sale","12":"taxable","13":"shipping-taxable","14":"purchasable","15":"product-type-variable"},"_links":{"self":[{"href":"https:\/\/medapp.lv\/et\/wp-json\/wp\/v2\/product\/20315","targetHints":{"allow":["GET"]}}],"collection":[{"href":"https:\/\/medapp.lv\/et\/wp-json\/wp\/v2\/product"}],"about":[{"href":"https:\/\/medapp.lv\/et\/wp-json\/wp\/v2\/types\/product"}],"replies":[{"embeddable":true,"href":"https:\/\/medapp.lv\/et\/wp-json\/wp\/v2\/comments?post=20315"}],"version-history":[{"count":1,"href":"https:\/\/medapp.lv\/et\/wp-json\/wp\/v2\/product\/20315\/revisions"}],"predecessor-version":[{"id":20330,"href":"https:\/\/medapp.lv\/et\/wp-json\/wp\/v2\/product\/20315\/revisions\/20330"}],"wp:featuredmedia":[{"embeddable":true,"href":"https:\/\/medapp.lv\/et\/wp-json\/wp\/v2\/media\/20311"}],"wp:attachment":[{"href":"https:\/\/medapp.lv\/et\/wp-json\/wp\/v2\/media?parent=20315"}],"wp:term":[{"taxonomy":"product_brand","embeddable":true,"href":"https:\/\/medapp.lv\/et\/wp-json\/wp\/v2\/product_brand?post=20315"},{"taxonomy":"product_cat","embeddable":true,"href":"https:\/\/medapp.lv\/et\/wp-json\/wp\/v2\/product_cat?post=20315"},{"taxonomy":"product_tag","embeddable":true,"href":"https:\/\/medapp.lv\/et\/wp-json\/wp\/v2\/product_tag?post=20315"}],"curies":[{"name":"t\u00f6\u00f6leht","href":"https:\/\/api.w.org\/{rel}","templated":true}]}}