{"id":20375,"date":"2025-02-11T11:15:45","date_gmt":"2025-02-11T09:15:45","guid":{"rendered":"https:\/\/medapp.lv\/?post_type=product&#038;p=20375"},"modified":"2025-07-17T08:12:31","modified_gmt":"2025-07-17T06:12:31","slug":"akupresuras-sapju-mazinatajs-celim-plata-ortoze","status":"publish","type":"product","link":"https:\/\/medapp.lv\/et\/product\/akupresuras-sapju-mazinatajs-celim-plata-ortoze\/","title":{"rendered":"Akupressuuri p\u00f5lvevalu leevendaja \u2013 lai ortoos"},"content":{"rendered":"<p><strong><u>Akupressuuri valuvaigisti p\u00f5lvele\u00a0\u00a0<\/u><\/strong>\u00a0Uuenduslik toode valu, ebamugavustunde ja liikumispiirangute v\u00e4hendamiseks. Parandab elukvaliteeti ja aitab nii igap\u00e4evastes tegevustes kui ka sportides. Akupressuuri elemendid parandavad vereringet pehmetes kudedes, aidates anatoomilistel struktuuridel p\u00e4rast vigastusi kiiremini paraneda ja v\u00e4hendades vananemisprotsessist tingitud kaebusi. Sarnast toodet, millel oleks sama disainip\u00f5him\u00f5te, turul ei ole.<\/p>\n<h4>Kuidas valida sobivaim ortoos?<\/h4>\n<p><a href=\"https:\/\/drmertensinnovations.com\/wp-content\/uploads\/2024\/12\/Orthoses-Table-LV.webp\" rel=\"nofollow noopener\" target=\"_blank\"><img decoding=\"async\" class=\"wp-image-38815 size-large aligncenter\" title=\"Akupressuuri p\u00f5lvevalu leevendaja \u2013 lai ortoos 24\" src=\"https:\/\/drmertensinnovations.com\/wp-content\/uploads\/2024\/12\/Orthoses-Table-LV-1024x609.webp\" sizes=\"(max-width: 1024px) 100vw, 1024px\" srcset=\"https:\/\/drmertensinnovations.com\/wp-content\/uploads\/2024\/12\/Orthoses-Table-LV-1024x609.webp 1024w, https:\/\/drmertensinnovations.com\/wp-content\/uploads\/2024\/12\/Orthoses-Table-LV-300x178.webp 300w, https:\/\/drmertensinnovations.com\/wp-content\/uploads\/2024\/12\/Orthoses-Table-LV-768x457.webp 768w, https:\/\/drmertensinnovations.com\/wp-content\/uploads\/2024\/12\/Orthoses-Table-LV-800x476.webp 800w, https:\/\/drmertensinnovations.com\/wp-content\/uploads\/2024\/12\/Orthoses-Table-LV.webp 1408w\" alt=\"Ortoosid Tabel LV\" width=\"1024\" height=\"609\" \/><\/a><\/p>\n<h4><strong>N\u00e4idustused kasutamiseks:<\/strong><\/h4>\n<ul>\n<li>Krooniline p\u00f5lvevalu<\/li>\n<li>P\u00f5lve k\u00f5hre kahjustus<\/li>\n<li>P\u00f5lveliigese artroos \u2013 on seotud vananemisprotsessiga, mille tagaj\u00e4rjeks on liigesek\u00f5hre kulumine ja valu.<\/li>\n<li>P\u00f5lveliigese chondropaatia \u2013 liigesek\u00f5hre muutuste algstaadium koos libiseva pinna pindmiste kahjustustega, esineb noortel patsientidel.<\/li>\n<li>P\u00f5lvemeniski rebend \u2013 valu levinuim koht on p\u00f5lveliigese l\u00f5he piirkonnas ja \u00e4geneb k\u00f5ndimisel v\u00f5i s\u00fcgaval k\u00fckkimisel.<\/li>\n<li>P\u00f5lveliigese sidemete p\u00f5letik<\/li>\n<li>Patellar sideme p\u00f5letik \u2013 on seotud sidemeaparaadi \u00fclekoormusega, mille tagaj\u00e4rjel tekib sidemete kinnituskohas lokaalne p\u00f5letik. K\u00f5ige levinumad p\u00f5hjused on suurenenud sportlik aktiivsus p\u00e4rast pikkade vahemaade l\u00e4bimist v\u00f5i aiat\u00f6\u00f6del v\u00f5i ehitusel p\u00f5lvili k\u00fckitades t\u00f6\u00f6tamine. Patellar sideme kinnituskoht on s\u00e4\u00e4reluu esik\u00fcljel.<\/li>\n<li>P\u00f5lveliigese k\u00fclgmiste sidemete p\u00f5letik \u2013 valu lokaliseerub p\u00f5lveliigese k\u00fclgmistes osades valuga, mis kiirgub s\u00e4\u00e4reluu v\u00f5i pindluu.<\/li>\n<li>Beckeri ts\u00fcst \u2013 moodustis p\u00f5lveliigese tagaosas (p\u00f5lvekedras), mis v\u00f5ib suure koormuse korral paisuda ja tekitada vaevusi.<\/li>\n<li>Vigastuste j\u00e4rgne valu taastusravi faasis \u2013 traumaj\u00e4rgne valu v\u00f5ib olla l\u00fchiajaline, kuni 3 kuud v\u00f5i kesta pikalt, kogu elu. Akupressuuriga p\u00f5lveortoos on t\u00f5hus vahend nii taastusravi perioodil kui ka hilisemal vigastuse tagaj\u00e4rgede ravimisel.<\/li>\n<li>Valu p\u00e4rast p\u00f5lveoperatsiooni \u2013 sageli ei kao p\u00f5lvevalu p\u00e4rast operatsiooni t\u00e4ielikult v\u00f5i m\u00f5nel juhul isegi suureneb.   Akupressuuri p\u00f5lveortoosid on t\u00f5hus vahend operatsioonieelse aktiivsuse taastamiseks.<\/li>\n<\/ul>\n<h4><strong>Disain ja omadused:<\/strong><\/h4>\n<p>Akupressuuritehnoloogia on end pikaajaliselt t\u00f5husa ja ohutu ravimeetodina t\u00f5estanud.<\/p>\n<p>Anatoomiline ja ergonoomiline kuju. Disain p\u00f5hineb anatoomiliste struktuuride omadustel, mis v\u00f5imaldab lihtsat kasutamist, funktsionaalsust ja k\u00f5rget raviefekti.<\/p>\n<p>Reguleeritav tihendus ja isikup\u00e4rastamine. Akupressuurielementide uuenduslik mitmetasandiline pingutusmehhanism v\u00f5imaldab iga kasutaja jaoks individuaalset reguleerimist mugavaks ja t\u00f5husaks kasutamiseks.<\/p>\n<p>Vastupidavus ja kergus: Majanduslikult eluj\u00f5uline toode, kuna see on valmistatud v\u00e4ga vastupidavatest materjalidest, pestav ja allergiavaba.<\/p>\n<h3><strong>Eelised:<\/strong><\/h3>\n<ul>\n<li>Mugav ja mugav kasutamine<\/li>\n<li>V\u00e4hendab p\u00f5lvevalu pikemas perspektiivis<\/li>\n<li>Ei piira liikumist<\/li>\n<li>V\u00e4hendab vajadust valuvaigistite j\u00e4rele<\/li>\n<li>Pestav ja kauakestev<\/li>\n<li>Mehaaniliselt vastupidavad ja h\u00fcpoallergeensed materjalid<\/li>\n<\/ul>\n<h3><strong>Vastun\u00e4idustused:<\/strong><\/h3>\n<ul>\n<li>Nahakahjustused v\u00f5i allergilised reaktsioonid ortoosi manustamiskohas.<\/li>\n<li>Troofilised haavandid, m\u00e4dased haavad v\u00f5i lamatised j\u00e4semetes.<\/li>\n<li>S\u00fcvaveenide tromboos.<\/li>\n<li>Jalgade aterosklerootilised dekompenseeritud vereringeh\u00e4ired.<\/li>\n<li>Vere h\u00fc\u00fcbimish\u00e4iretega seotud haigused.<\/li>\n<li>P\u00f5lveliigese v\u00e4ljendunud ebastabiilsus p\u00e4rast sidemete kahjustusega vigastust.<\/li>\n<li>Onkoloogilised protsessid kehas.<\/li>\n<li>P\u00f5lveliigese endoproteesimine.<\/li>\n<\/ul>\n<h4>Akupressuuriga p\u00f5lvevalu vaigisti on professionaalne lahendus p\u00f5lveliigese tervise parandamiseks ja kaitsmiseks, \u00fchendades meditsiinilise t\u00e4psuse mugava kasutamisega igap\u00e4evaelus v\u00f5i sporditegevuses.<\/h4>","protected":false},"excerpt":{"rendered":"<h4><strong>Lai jalaalune ortoos<\/strong>\u00a0Kitsast tallaalust ortoosi on t\u00e4iustatud laiemate akupressuuritsoonidega, mis annavad intensiivsema ja t\u00f5husama ravitoime. See ortoos on loodud pakkuma suuremat mugavust ja tuge<\/h4>\n<h5>Uuenduslik akupressuuritehnoloogia parandab vereringet ja v\u00e4hendab ebamugavustunnet, soodustades kiiremat taastumist.<\/h5>\n<h5>Ergonoomiline disain ja reguleeritav kompressioon tagavad maksimaalse mugavuse ja kohandatavuse vastavalt teie vajadustele.<\/h5>\n<h5>Aitab kroonilise valu, vigastuste, taastusravi ja intensiivse treeningu ajal.<\/h5>\n<h5>H\u00fcpoallergeensed materjalid, kergesti pestavad ja sobivad pikaajaliseks kasutamiseks.<\/h5>","protected":false},"featured_media":20394,"comment_status":"open","ping_status":"closed","template":"","meta":[],"product_brand":[],"product_cat":[137,133],"product_tag":[],"class_list":{"0":"post-20375","1":"product","2":"type-product","3":"status-publish","4":"has-post-thumbnail","6":"product_cat-kajai-cela-locitivai-un-pedai","7":"product_cat-ortozes","9":"first","10":"instock","11":"taxable","12":"shipping-taxable","13":"purchasable","14":"product-type-variable"},"_links":{"self":[{"href":"https:\/\/medapp.lv\/et\/wp-json\/wp\/v2\/product\/20375","targetHints":{"allow":["GET"]}}],"collection":[{"href":"https:\/\/medapp.lv\/et\/wp-json\/wp\/v2\/product"}],"about":[{"href":"https:\/\/medapp.lv\/et\/wp-json\/wp\/v2\/types\/product"}],"replies":[{"embeddable":true,"href":"https:\/\/medapp.lv\/et\/wp-json\/wp\/v2\/comments?post=20375"}],"version-history":[{"count":2,"href":"https:\/\/medapp.lv\/et\/wp-json\/wp\/v2\/product\/20375\/revisions"}],"predecessor-version":[{"id":20447,"href":"https:\/\/medapp.lv\/et\/wp-json\/wp\/v2\/product\/20375\/revisions\/20447"}],"wp:featuredmedia":[{"embeddable":true,"href":"https:\/\/medapp.lv\/et\/wp-json\/wp\/v2\/media\/20394"}],"wp:attachment":[{"href":"https:\/\/medapp.lv\/et\/wp-json\/wp\/v2\/media?parent=20375"}],"wp:term":[{"taxonomy":"product_brand","embeddable":true,"href":"https:\/\/medapp.lv\/et\/wp-json\/wp\/v2\/product_brand?post=20375"},{"taxonomy":"product_cat","embeddable":true,"href":"https:\/\/medapp.lv\/et\/wp-json\/wp\/v2\/product_cat?post=20375"},{"taxonomy":"product_tag","embeddable":true,"href":"https:\/\/medapp.lv\/et\/wp-json\/wp\/v2\/product_tag?post=20375"}],"curies":[{"name":"t\u00f6\u00f6leht","href":"https:\/\/api.w.org\/{rel}","templated":true}]}}