{"id":20571,"date":"2025-02-11T11:50:07","date_gmt":"2025-02-11T09:50:07","guid":{"rendered":"https:\/\/medapp.lv\/?post_type=product&#038;p=20571"},"modified":"2025-07-17T08:10:11","modified_gmt":"2025-07-17T06:10:11","slug":"akupresuras-sapju-mazinatajs-elkonim-liela-elkona-ortoze","status":"publish","type":"product","link":"https:\/\/medapp.lv\/et\/product\/akupresuras-sapju-mazinatajs-elkonim-liela-elkona-ortoze\/","title":{"rendered":"Akupressuuriga k\u00fc\u00fcnarnukivalu leevendaja \u2013 k\u00fc\u00fcnarnukitugi"},"content":{"rendered":"<h3><strong>Suuruste tabel:<\/strong><\/h3>\n<p>\u00d5ige suuruse valimiseks m\u00f5\u00f5ta \u00fcmberm\u00f5\u00f5t 5 cm k\u00fc\u00fcnarliigendi kohalt ja 3 cm k\u00fc\u00fcnarliigesest allpool, painutades k\u00fc\u00fcnarnukki 90\u00b0 nurga all.<\/p>\n<p><a href=\"https:\/\/drmertensinnovations.com\/wp-content\/uploads\/2024\/12\/Izmeru-tabula-Liela-elkona-ortoze.webp\" rel=\"nofollow noopener\" target=\"_blank\"><img decoding=\"async\" class=\"alignnone wp-image-34065 size-large\" title=\"Akupressuuriga valuvaigisti k\u00fc\u00fcnarnuki jaoks \u2013 suure k\u00fc\u00fcnarnuki ortoos 20\" src=\"https:\/\/drmertensinnovations.com\/wp-content\/uploads\/2024\/12\/Izmeru-tabula-Liela-elkona-ortoze-1024x517.webp\" sizes=\"(max-width: 1024px) 100vw, 1024px\" srcset=\"https:\/\/drmertensinnovations.com\/wp-content\/uploads\/2024\/12\/Izmeru-tabula-Liela-elkona-ortoze-1024x517.webp 1024w, https:\/\/drmertensinnovations.com\/wp-content\/uploads\/2024\/12\/Izmeru-tabula-Liela-elkona-ortoze-300x151.webp 300w, https:\/\/drmertensinnovations.com\/wp-content\/uploads\/2024\/12\/Izmeru-tabula-Liela-elkona-ortoze-768x388.webp 768w, https:\/\/drmertensinnovations.com\/wp-content\/uploads\/2024\/12\/Izmeru-tabula-Liela-elkona-ortoze-800x404.webp 800w, https:\/\/drmertensinnovations.com\/wp-content\/uploads\/2024\/12\/Izmeru-tabula-Liela-elkona-ortoze.webp 1365w\" alt=\"Suuruste tabel Suure k\u00fc\u00fcnarnuki ortoos\" width=\"1024\" height=\"517\" \/><\/a><\/p>\n<h3><strong>N\u00e4idustused kasutamiseks:<\/strong><\/h3>\n<p><strong>Tennise k\u00fc\u00fcnarnukk (lateraalne epikond\u00fcliit)<\/strong><br \/>\nSeda seisundit iseloomustab valu ja hellus k\u00fc\u00fcnarliigese v\u00e4lispinnal, samuti valu haardefunktsiooni ajal, eriti k\u00e4e kasutamisel. See on tavaline f\u00fc\u00fcsilist t\u00f6\u00f6d tegevatel inimestel, kuid v\u00f5ib m\u00f5jutada ka kontorit\u00f6\u00f6tajaid, kes t\u00f6\u00f6tavad pikka aega arvutihiirega. Akupressuuri k\u00fc\u00fcnarliigese ortoosi saab kasutada sportimisel, v\u00e4lja arvatud kontaktspordialadel, kus on v\u00f5imalik otsem\u00f5ju (n\u00e4iteks poks). Ortoos on efektiivne ka p\u00e4rast sportlikku tegevust, soodustades piimhappe eemaldamist lihastest ja lihaste kiiremat taastumist.<\/p>\n<p><strong>Golfim\u00e4ngija k\u00fc\u00fcnarnukk (keskmine epikond\u00fcliit)<\/strong><br \/>\nSee seisund v\u00e4ljendub valus ja helluses k\u00fc\u00fcnarliigese sisepinnal, samuti valus haardefunktsiooni ajal k\u00e4e kasutamisel. See esineb k\u00f5ige sagedamini inimestel, kes teevad f\u00fc\u00fcsilist t\u00f6\u00f6d. Akupressuuri k\u00fc\u00fcnarliigese ortoosi saab kasutada ka sportimisel, v\u00e4lja arvatud kontaktspordialadel, kus on v\u00f5imalikud otsesed m\u00f5jud (n\u00e4iteks poks). Ortoos on efektiivne ka p\u00e4rast sportlikku tegevust, aidates parandada piimhappe eemaldamist lihastest ja soodustades lihaste kiiremat taastumist.<\/p>\n<p><strong>K\u00fc\u00fcnarliigese artroos<\/strong><br \/>\nSee probleem on seotud vananemisprotsessidega v\u00f5i v\u00f5ib tekkida vigastuse v\u00f5i luumurru tagaj\u00e4rjel, mis p\u00f5hjustab liigesek\u00f5hre kulumist ja valu ilmnemist.<\/p>\n<p><strong>K\u00fc\u00fcnarliigese kondropaatia<\/strong><br \/>\nLiigesek\u00f5hre kahjustuse algstaadium, kus kahjustus on pindmine ja m\u00f5jutab libisevat pinda. Sageli on see artroosi arengu algstaadium.<\/p>\n<p><strong>Posttraumaatiline valu<\/strong><br \/>\nSee valu v\u00f5ib olla l\u00fchiajaline (kuni kolm kuud) v\u00f5i p\u00fcsida pikalt kogu elu. K\u00fc\u00fcnarnuki akupressuuriortoosid on t\u00f5husad nii rehabilitatsiooniperioodil kui ka p\u00e4rast seda, ravides vigastuste tagaj\u00e4rgi.<\/p>\n<p><strong>Valu p\u00e4rast k\u00fc\u00fcnarliigese operatsiooni<\/strong><br \/>\nP\u00e4rast operatsiooni ei pruugi valu t\u00e4ielikult kaduda ja m\u00f5nel juhul v\u00f5ib see isegi s\u00fcveneda. Operatsioonij\u00e4rgsel perioodil tekivad sageli liikumispiirangud (kontraktsioonid), mida v\u00f5ib olla raske lahendada. Akupressuuriga k\u00fc\u00fcnarnukiortoosid on t\u00f5hus vahend k\u00fc\u00fcnarliigese liikumisulatuse taastamiseks ja enne operatsiooni tekkinud valu v\u00e4hendamiseks.<\/p>\n<h4><strong>Disain ja omadused:<\/strong><\/h4>\n<p>Akupressuuritehnoloogia on end pikaajaliselt t\u00f5husa ja ohutu ravimeetodina t\u00f5estanud.<\/p>\n<p>Anatoomiline ja ergonoomiline kuju. Disain p\u00f5hineb anatoomiliste struktuuride omadustel, mis v\u00f5imaldab lihtsat kasutamist, funktsionaalsust ja k\u00f5rget raviefekti.<\/p>\n<p>Reguleeritav tihendus ja isikup\u00e4rastamine. Akupressuurielementide uuenduslik mitmetasandiline pingutusmehhanism v\u00f5imaldab iga kasutaja jaoks individuaalset reguleerimist mugavaks ja t\u00f5husaks kasutamiseks.<\/p>\n<p>Vastupidavus ja kergus: Majanduslikult eluj\u00f5uline toode, kuna see on valmistatud v\u00e4ga vastupidavatest materjalidest, pestav ja allergiavaba.<\/p>\n<h3><strong>Eelised:<\/strong><\/h3>\n<ul>\n<li>Mugav ja mugav kasutamine<\/li>\n<li>V\u00e4hendab p\u00f5lvevalu pikemas perspektiivis<\/li>\n<li>Ei piira liikumist<\/li>\n<li>V\u00e4hendab vajadust valuvaigistite j\u00e4rele<\/li>\n<li>Pestav ja kauakestev<\/li>\n<li>Mehaaniliselt vastupidavad ja h\u00fcpoallergeensed materjalid<\/li>\n<\/ul>\n<h3><strong>Vastun\u00e4idustused<\/strong><\/h3>\n<p>Nahakahjustused v\u00f5i allergilised reaktsioonid ortoosi manustamiskohas.<\/p>\n<p>Troofilised haavandid, m\u00e4dased haavad v\u00f5i lamatised j\u00e4semetes.<\/p>\n<p>S\u00fcvaveenide tromboos,<\/p>\n<p>Aterosklerootilised dekompenseeritud k\u00e4te vereringeh\u00e4ired<\/p>\n<p>Ulnaarn\u00e4rvi \u00fclis\u00fcgav krooniline kokkusurumine kubitaaltunnelis koos radikulopaatiaga.<\/p>\n<p>Vere h\u00fc\u00fcbimish\u00e4iretega seotud haigused.<\/p>\n<p>Onkoloogilised protsessid kehas.<\/p>","protected":false},"excerpt":{"rendered":"<h5>Avastage Large Elbow Orthosis \u2013 kaasaegne meditsiiniline lahendus, mis \u00fchendab patenteeritud akupressuuritehnoloogia ja anatoomilise disaini, et v\u00e4hendada valu ja parandada k\u00fc\u00fcnarnuki funktsionaalsust. See ortoos tagab suunatud surve, parandab vereringet ja pakub optimaalset tuge nii igap\u00e4evasteks tegevusteks kui ka sportimiseks.<\/h5>\n<h5><\/h5>\n<p><strong>Uuenduslik akupressuuritehnoloogia parandab vereringet ja v\u00e4hendab ebamugavustunnet, soodustades kiiremat taastumist.<\/strong><\/p>\n<p><strong>Ergonoomiline disain ja reguleeritav kompressioon tagavad maksimaalse mugavuse ja kohandatavuse vastavalt teie vajadustele.<\/strong><\/p>\n<p><strong>Aitab kroonilise valu, vigastuste, taastusravi ja intensiivse treeningu ajal.<\/strong><\/p>\n<p><strong>H\u00fcpoallergeensed materjalid, kergesti pestavad ja sobivad pikaajaliseks kasutamiseks.<\/strong><\/p>\n<p>&nbsp;<\/p>\n<p><strong>M\u00e4rkus.<\/strong><br \/>\nSuure k\u00fc\u00fcnarnuki ortoos ei ole j\u00e4ik ega t\u00e4ida k\u00fc\u00fcnarliigest stabiliseerivat funktsiooni, kuid pakub t\u00e4iendavat mugavust ja tuge igap\u00e4evaste tegevuste v\u00f5i taastusravi ajal.<\/p>","protected":false},"featured_media":20557,"comment_status":"open","ping_status":"closed","template":"","meta":[],"product_brand":[],"product_cat":[139,133],"product_tag":[],"class_list":{"0":"post-20571","1":"product","2":"type-product","3":"status-publish","4":"has-post-thumbnail","6":"product_cat-rokas-un-plaukstai","7":"product_cat-ortozes","9":"first","10":"instock","11":"taxable","12":"shipping-taxable","13":"purchasable","14":"product-type-variable"},"_links":{"self":[{"href":"https:\/\/medapp.lv\/et\/wp-json\/wp\/v2\/product\/20571","targetHints":{"allow":["GET"]}}],"collection":[{"href":"https:\/\/medapp.lv\/et\/wp-json\/wp\/v2\/product"}],"about":[{"href":"https:\/\/medapp.lv\/et\/wp-json\/wp\/v2\/types\/product"}],"replies":[{"embeddable":true,"href":"https:\/\/medapp.lv\/et\/wp-json\/wp\/v2\/comments?post=20571"}],"version-history":[{"count":1,"href":"https:\/\/medapp.lv\/et\/wp-json\/wp\/v2\/product\/20571\/revisions"}],"predecessor-version":[{"id":20573,"href":"https:\/\/medapp.lv\/et\/wp-json\/wp\/v2\/product\/20571\/revisions\/20573"}],"wp:featuredmedia":[{"embeddable":true,"href":"https:\/\/medapp.lv\/et\/wp-json\/wp\/v2\/media\/20557"}],"wp:attachment":[{"href":"https:\/\/medapp.lv\/et\/wp-json\/wp\/v2\/media?parent=20571"}],"wp:term":[{"taxonomy":"product_brand","embeddable":true,"href":"https:\/\/medapp.lv\/et\/wp-json\/wp\/v2\/product_brand?post=20571"},{"taxonomy":"product_cat","embeddable":true,"href":"https:\/\/medapp.lv\/et\/wp-json\/wp\/v2\/product_cat?post=20571"},{"taxonomy":"product_tag","embeddable":true,"href":"https:\/\/medapp.lv\/et\/wp-json\/wp\/v2\/product_tag?post=20571"}],"curies":[{"name":"t\u00f6\u00f6leht","href":"https:\/\/api.w.org\/{rel}","templated":true}]}}