{"id":20602,"date":"2025-02-25T11:17:53","date_gmt":"2025-02-25T09:17:53","guid":{"rendered":"https:\/\/medapp.lv\/?post_type=product&#038;p=20602"},"modified":"2026-02-17T09:57:27","modified_gmt":"2026-02-17T07:57:27","slug":"revvi-aukstuma-gels-100ml","status":"publish","type":"product","link":"https:\/\/medapp.lv\/et\/product\/revvi-aukstuma-gels-100ml\/","title":{"rendered":"R\u00c9VVI K\u00fclmageel 100ml"},"content":{"rendered":"<p>See intensiivselt jahutav geel tungib s\u00fcgavale nahka ning ravib ja rahustab valusaid ja v\u00e4sinud lihaseid. Jahutab ja rahustab valulikke lihaseid ja k\u00f5\u00f5luseid. V\u00e4hendab valu ja turset, mis on p\u00f5hjustatud nikastusest, valulikkusest v\u00f5i \u00fclekoormusest. Leevendab luude kasvu valu lastel.<\/p>\n<p>Sisaldab:<\/p>\n<ul>\n<li>Kastoor\u00f5li l\u00f5dvestab lihaseid ja niisutab nahka.<\/li>\n<li>Kamparil on p\u00f5letikuvastane ja valuvaigistav toime.<\/li>\n<li>Piparm\u00fcnt jahutab ja leevendab valu.<\/li>\n<\/ul>\n<p>Kasutamine:<\/p>\n<ul>\n<li>Kasutamiseks p\u00e4rast f\u00fc\u00fcsilist pingutust.<\/li>\n<li>Turse ja p\u00f5letiku korral.<\/li>\n<li>Sobib igap\u00e4evaseks kasutamiseks.<\/li>\n<li>Igas vanuses (alates 12 eluaastast).<\/li>\n<li>Seej\u00e4rel pese k\u00e4ed.<\/li>\n<li>Ainult v\u00e4lispidiseks kasutamiseks.<\/li>\n<li>V\u00e4ltida kokkupuudet silmade ja lahtiste haavadega.<\/li>\n<li>Ei tekita kleepuvat tunnet ega j\u00e4ta nahale ega riietele v\u00e4rvij\u00e4lgi.<\/li>\n<\/ul>\n<p>K\u00f5lblikkusaeg: 12 kuud p\u00e4rast avamist.<\/p>","protected":false},"excerpt":{"rendered":"<p>R\u00c9VVI k\u00fclmageel leevendab kiiresti lihas- ja k\u00f5\u00f5lustevalu, v\u00e4hendab turset. Looduslikud koostisosad, sobivad k\u00f5igile alates 12. eluaastast Ideaalne p\u00e4rast sporti v\u00f5i valu.<\/p>","protected":false},"featured_media":20604,"comment_status":"open","ping_status":"closed","template":"","meta":[],"product_brand":[],"product_cat":[142,141],"product_tag":[],"class_list":{"0":"post-20602","1":"product","2":"type-product","3":"status-publish","4":"has-post-thumbnail","6":"product_cat-geli","7":"product_cat-preces-muskuliem","9":"first","10":"instock","11":"virtual","12":"taxable","13":"purchasable","14":"product-type-simple"},"_links":{"self":[{"href":"https:\/\/medapp.lv\/et\/wp-json\/wp\/v2\/product\/20602","targetHints":{"allow":["GET"]}}],"collection":[{"href":"https:\/\/medapp.lv\/et\/wp-json\/wp\/v2\/product"}],"about":[{"href":"https:\/\/medapp.lv\/et\/wp-json\/wp\/v2\/types\/product"}],"replies":[{"embeddable":true,"href":"https:\/\/medapp.lv\/et\/wp-json\/wp\/v2\/comments?post=20602"}],"version-history":[{"count":1,"href":"https:\/\/medapp.lv\/et\/wp-json\/wp\/v2\/product\/20602\/revisions"}],"predecessor-version":[{"id":20605,"href":"https:\/\/medapp.lv\/et\/wp-json\/wp\/v2\/product\/20602\/revisions\/20605"}],"wp:featuredmedia":[{"embeddable":true,"href":"https:\/\/medapp.lv\/et\/wp-json\/wp\/v2\/media\/20604"}],"wp:attachment":[{"href":"https:\/\/medapp.lv\/et\/wp-json\/wp\/v2\/media?parent=20602"}],"wp:term":[{"taxonomy":"product_brand","embeddable":true,"href":"https:\/\/medapp.lv\/et\/wp-json\/wp\/v2\/product_brand?post=20602"},{"taxonomy":"product_cat","embeddable":true,"href":"https:\/\/medapp.lv\/et\/wp-json\/wp\/v2\/product_cat?post=20602"},{"taxonomy":"product_tag","embeddable":true,"href":"https:\/\/medapp.lv\/et\/wp-json\/wp\/v2\/product_tag?post=20602"}],"curies":[{"name":"t\u00f6\u00f6leht","href":"https:\/\/api.w.org\/{rel}","templated":true}]}}