{"id":20606,"date":"2025-02-25T11:23:48","date_gmt":"2025-02-25T09:23:48","guid":{"rendered":"https:\/\/medapp.lv\/?post_type=product&#038;p=20606"},"modified":"2026-03-28T09:57:22","modified_gmt":"2026-03-28T07:57:22","slug":"revvi-intense-hot-sildosais-gels-100ml","status":"publish","type":"product","link":"https:\/\/medapp.lv\/et\/product\/revvi-intense-hot-sildosais-gels-100ml\/","title":{"rendered":"R\u00c9VVI Intense Hot soojendav geel 100ml"},"content":{"rendered":"<p>Ennetav ja ravigeel \u2013 soojendab lihaseid, k\u00f5\u00f5luseid ja liigeseid pikaks ajaks. Kasutamiseks enne f\u00fc\u00fcsilist pingutust ning valulike lihas- ja liigesehaiguste korral.<br \/>\n- Soojendab lihaseid ja parandab vereringet.<br \/>\n\u2013 Valmistab keha ette f\u00fc\u00fcsilisteks tegevusteks ja annab leevendust nende j\u00e4rgsetele lihastele.<br \/>\n\u2013 Leevendab kaela- ja seljavalusid, reumat, osteoartriiti ning kroonilisi lihas- ja liigesehaigusi.<\/p>","protected":false},"excerpt":{"rendered":"<p>Ennetav ja terapeutiline geel \u2013 annab lihastele, k\u00f5\u00f5lustele ja liigestele kauakestva soojuse. Kasutamiseks enne f\u00fc\u00fcsilist pingutust ning valutavate lihaste ja liigeste korral.<\/p>","protected":false},"featured_media":20603,"comment_status":"open","ping_status":"closed","template":"","meta":[],"product_brand":[],"product_cat":[142,141],"product_tag":[],"class_list":{"0":"post-20606","1":"product","2":"type-product","3":"status-publish","4":"has-post-thumbnail","6":"product_cat-geli","7":"product_cat-preces-muskuliem","9":"first","10":"instock","11":"taxable","12":"shipping-taxable","13":"purchasable","14":"product-type-simple"},"_links":{"self":[{"href":"https:\/\/medapp.lv\/et\/wp-json\/wp\/v2\/product\/20606","targetHints":{"allow":["GET"]}}],"collection":[{"href":"https:\/\/medapp.lv\/et\/wp-json\/wp\/v2\/product"}],"about":[{"href":"https:\/\/medapp.lv\/et\/wp-json\/wp\/v2\/types\/product"}],"replies":[{"embeddable":true,"href":"https:\/\/medapp.lv\/et\/wp-json\/wp\/v2\/comments?post=20606"}],"version-history":[{"count":2,"href":"https:\/\/medapp.lv\/et\/wp-json\/wp\/v2\/product\/20606\/revisions"}],"predecessor-version":[{"id":20701,"href":"https:\/\/medapp.lv\/et\/wp-json\/wp\/v2\/product\/20606\/revisions\/20701"}],"wp:featuredmedia":[{"embeddable":true,"href":"https:\/\/medapp.lv\/et\/wp-json\/wp\/v2\/media\/20603"}],"wp:attachment":[{"href":"https:\/\/medapp.lv\/et\/wp-json\/wp\/v2\/media?parent=20606"}],"wp:term":[{"taxonomy":"product_brand","embeddable":true,"href":"https:\/\/medapp.lv\/et\/wp-json\/wp\/v2\/product_brand?post=20606"},{"taxonomy":"product_cat","embeddable":true,"href":"https:\/\/medapp.lv\/et\/wp-json\/wp\/v2\/product_cat?post=20606"},{"taxonomy":"product_tag","embeddable":true,"href":"https:\/\/medapp.lv\/et\/wp-json\/wp\/v2\/product_tag?post=20606"}],"curies":[{"name":"t\u00f6\u00f6leht","href":"https:\/\/api.w.org\/{rel}","templated":true}]}}