{"id":20693,"date":"2025-06-11T12:08:11","date_gmt":"2025-06-11T10:08:11","guid":{"rendered":"https:\/\/medapp.lv\/?post_type=product&#038;p=20693"},"modified":"2026-02-17T08:24:26","modified_gmt":"2026-02-17T06:24:26","slug":"fiksacijas-plaksteris","status":"publish","type":"product","link":"https:\/\/medapp.lv\/et\/product\/fiksacijas-plaksteris\/","title":{"rendered":"Fikseerimisplaaster"},"content":{"rendered":"<p>M\u00f5eldud n\u00f5elte, drenaa\u017eitorude, kateetrite, sondide jms kinnitamiseks. Sobib l\u00f5ikamiseks sidemete kinnitamiseks kehale. Mittesteriilne, ainult \u00fchekordseks kasutamiseks.<\/p>","protected":false},"excerpt":{"rendered":"<p>Paredz\u0113ta, lai nostiprin\u0101tu adatas, dren\u0101\u017eas caurules, katetras, zondes utt. Piem\u0113rot grie\u0161anai, lai var\u0113tu nostiprin\u0101t p\u0101rs\u0113jus uz \u0137erme\u0146a. Nesterils, paredz\u0113ts vienreiz\u0113jai<\/p>","protected":false},"featured_media":20828,"comment_status":"open","ping_status":"closed","template":"","meta":[],"product_brand":[290],"product_cat":[261],"product_tag":[],"class_list":{"0":"post-20693","1":"product","2":"type-product","3":"status-publish","4":"has-post-thumbnail","6":"product_brand-meditrade","7":"product_cat-parseji-un-plaksteri","9":"first","10":"instock","11":"taxable","12":"shipping-taxable","13":"purchasable","14":"product-type-variable"},"_links":{"self":[{"href":"https:\/\/medapp.lv\/et\/wp-json\/wp\/v2\/product\/20693","targetHints":{"allow":["GET"]}}],"collection":[{"href":"https:\/\/medapp.lv\/et\/wp-json\/wp\/v2\/product"}],"about":[{"href":"https:\/\/medapp.lv\/et\/wp-json\/wp\/v2\/types\/product"}],"replies":[{"embeddable":true,"href":"https:\/\/medapp.lv\/et\/wp-json\/wp\/v2\/comments?post=20693"}],"version-history":[{"count":1,"href":"https:\/\/medapp.lv\/et\/wp-json\/wp\/v2\/product\/20693\/revisions"}],"predecessor-version":[{"id":20699,"href":"https:\/\/medapp.lv\/et\/wp-json\/wp\/v2\/product\/20693\/revisions\/20699"}],"wp:featuredmedia":[{"embeddable":true,"href":"https:\/\/medapp.lv\/et\/wp-json\/wp\/v2\/media\/20828"}],"wp:attachment":[{"href":"https:\/\/medapp.lv\/et\/wp-json\/wp\/v2\/media?parent=20693"}],"wp:term":[{"taxonomy":"product_brand","embeddable":true,"href":"https:\/\/medapp.lv\/et\/wp-json\/wp\/v2\/product_brand?post=20693"},{"taxonomy":"product_cat","embeddable":true,"href":"https:\/\/medapp.lv\/et\/wp-json\/wp\/v2\/product_cat?post=20693"},{"taxonomy":"product_tag","embeddable":true,"href":"https:\/\/medapp.lv\/et\/wp-json\/wp\/v2\/product_tag?post=20693"}],"curies":[{"name":"t\u00f6\u00f6leht","href":"https:\/\/api.w.org\/{rel}","templated":true}]}}