{"id":20879,"date":"2025-06-27T09:42:48","date_gmt":"2025-06-27T07:42:48","guid":{"rendered":"https:\/\/medapp.lv\/?post_type=product&#038;p=20879"},"modified":"2025-07-17T10:11:47","modified_gmt":"2025-07-17T08:11:47","slug":"gentle-skin-micro-op-lateksa-kirurgiskie-cimdi","status":"publish","type":"product","link":"https:\/\/medapp.lv\/et\/product\/gentle-skin-micro-op-lateksa-kirurgiskie-cimdi\/","title":{"rendered":"\u00d5rna nahaga mikro-OP lateksist kirurgilised kindad"},"content":{"rendered":"<p>Steriilsed \u00fchekordselt kasutatavad kirurgilised kindad, mis on valmistatud kvaliteetsest naturaalsest lateksist. Puudrivabad, s\u00f5rmedel mikrokaredusega t\u00e4psema haarde tagamiseks. Anatoomiliselt sobivad nii paremale kui ka vasakule k\u00e4ele. Pakendatud paarikaupa, ideaalsed kasutamiseks operatsioonisaalides ja muudel steriilsust n\u00f5udvatel protseduuridel.<\/p>\n<p>Saadaval olevad suurused: 6,5, 7, 7,5, 8, 8,5, 9.<\/p>\n<p>K\u00f5ik suurused 50 tk\/pakend<\/p>","protected":false},"excerpt":{"rendered":"<p>Sterili, vienreizlietojami \u0137irur\u0123iskie cimdi no augstas kvalit\u0101tes dab\u012bg\u0101 lateksa. Bez p\u016bdera, ar mikro raupjumu uz pirkstiem prec\u012bz\u0101kai satver\u0161anai. Anatomiski piem\u0113roti<\/p>","protected":false},"featured_media":20880,"comment_status":"open","ping_status":"closed","template":"","meta":[],"product_brand":[290],"product_cat":[236],"product_tag":[],"class_list":{"0":"post-20879","1":"product","2":"type-product","3":"status-publish","4":"has-post-thumbnail","6":"product_brand-meditrade","7":"product_cat-kirurgiskie-cimdi-apgerbs","9":"first","10":"instock","11":"taxable","12":"shipping-taxable","13":"product-type-simple"},"_links":{"self":[{"href":"https:\/\/medapp.lv\/et\/wp-json\/wp\/v2\/product\/20879","targetHints":{"allow":["GET"]}}],"collection":[{"href":"https:\/\/medapp.lv\/et\/wp-json\/wp\/v2\/product"}],"about":[{"href":"https:\/\/medapp.lv\/et\/wp-json\/wp\/v2\/types\/product"}],"replies":[{"embeddable":true,"href":"https:\/\/medapp.lv\/et\/wp-json\/wp\/v2\/comments?post=20879"}],"version-history":[{"count":1,"href":"https:\/\/medapp.lv\/et\/wp-json\/wp\/v2\/product\/20879\/revisions"}],"predecessor-version":[{"id":20881,"href":"https:\/\/medapp.lv\/et\/wp-json\/wp\/v2\/product\/20879\/revisions\/20881"}],"wp:featuredmedia":[{"embeddable":true,"href":"https:\/\/medapp.lv\/et\/wp-json\/wp\/v2\/media\/20880"}],"wp:attachment":[{"href":"https:\/\/medapp.lv\/et\/wp-json\/wp\/v2\/media?parent=20879"}],"wp:term":[{"taxonomy":"product_brand","embeddable":true,"href":"https:\/\/medapp.lv\/et\/wp-json\/wp\/v2\/product_brand?post=20879"},{"taxonomy":"product_cat","embeddable":true,"href":"https:\/\/medapp.lv\/et\/wp-json\/wp\/v2\/product_cat?post=20879"},{"taxonomy":"product_tag","embeddable":true,"href":"https:\/\/medapp.lv\/et\/wp-json\/wp\/v2\/product_tag?post=20879"}],"curies":[{"name":"t\u00f6\u00f6leht","href":"https:\/\/api.w.org\/{rel}","templated":true}]}}