{"id":20900,"date":"2025-06-27T10:08:21","date_gmt":"2025-06-27T08:08:21","guid":{"rendered":"https:\/\/medapp.lv\/?post_type=product&#038;p=20900"},"modified":"2025-07-17T10:11:44","modified_gmt":"2025-07-17T08:11:44","slug":"violeti-nitrila-cimdi","status":"publish","type":"product","link":"https:\/\/medapp.lv\/et\/product\/violeti-nitrila-cimdi\/","title":{"rendered":"Lillad nitriilkindad"},"content":{"rendered":"<p>Lillad nitriilkindad, puudrivabad, lateksivabad, mittesteriilsed, m\u00f5lema k\u00e4e jaoks, \u00fchekordseks kasutamiseks.<\/p>\n<p>K\u00f5ik suurused 100 tk\/pakend<\/p>","protected":false},"excerpt":{"rendered":"<p>Lillad nitriilkindad, puudrivabad, lateksivabad, mittesteriilsed, m\u00f5lema k\u00e4e jaoks, \u00fchekordseks kasutamiseks. K\u00f5ik suurused 100 tk\/pakis.<\/p>","protected":false},"featured_media":20906,"comment_status":"open","ping_status":"closed","template":"","meta":[],"product_brand":[290],"product_cat":[267],"product_tag":[],"class_list":{"0":"post-20900","1":"product","2":"type-product","3":"status-publish","4":"has-post-thumbnail","6":"product_brand-meditrade","7":"product_cat-vienreizlietojamie-medicinas-aizsarglidzekli","9":"first","10":"instock","11":"taxable","12":"shipping-taxable","13":"purchasable","14":"product-type-variable","15":"has-default-attributes"},"_links":{"self":[{"href":"https:\/\/medapp.lv\/et\/wp-json\/wp\/v2\/product\/20900","targetHints":{"allow":["GET"]}}],"collection":[{"href":"https:\/\/medapp.lv\/et\/wp-json\/wp\/v2\/product"}],"about":[{"href":"https:\/\/medapp.lv\/et\/wp-json\/wp\/v2\/types\/product"}],"replies":[{"embeddable":true,"href":"https:\/\/medapp.lv\/et\/wp-json\/wp\/v2\/comments?post=20900"}],"version-history":[{"count":1,"href":"https:\/\/medapp.lv\/et\/wp-json\/wp\/v2\/product\/20900\/revisions"}],"predecessor-version":[{"id":20907,"href":"https:\/\/medapp.lv\/et\/wp-json\/wp\/v2\/product\/20900\/revisions\/20907"}],"wp:featuredmedia":[{"embeddable":true,"href":"https:\/\/medapp.lv\/et\/wp-json\/wp\/v2\/media\/20906"}],"wp:attachment":[{"href":"https:\/\/medapp.lv\/et\/wp-json\/wp\/v2\/media?parent=20900"}],"wp:term":[{"taxonomy":"product_brand","embeddable":true,"href":"https:\/\/medapp.lv\/et\/wp-json\/wp\/v2\/product_brand?post=20900"},{"taxonomy":"product_cat","embeddable":true,"href":"https:\/\/medapp.lv\/et\/wp-json\/wp\/v2\/product_cat?post=20900"},{"taxonomy":"product_tag","embeddable":true,"href":"https:\/\/medapp.lv\/et\/wp-json\/wp\/v2\/product_tag?post=20900"}],"curies":[{"name":"t\u00f6\u00f6leht","href":"https:\/\/api.w.org\/{rel}","templated":true}]}}