{"id":20908,"date":"2025-06-27T10:20:09","date_gmt":"2025-06-27T08:20:09","guid":{"rendered":"https:\/\/medapp.lv\/?post_type=product&#038;p=20908"},"modified":"2025-07-17T10:27:38","modified_gmt":"2025-07-17T08:27:38","slug":"sejas-maskas","status":"publish","type":"product","link":"https:\/\/medapp.lv\/et\/product\/sejas-maskas\/","title":{"rendered":"N\u00e4omaskid"},"content":{"rendered":"<p>Mustad v\u00f5i sinised n\u00e4omaskid elastsete k\u00f5rvasilmustega, 3-kihilised, mittesteriilsed, \u00fchekordseks kasutamiseks<\/p>\n<p>50 tk\/pakend<\/p>","protected":false},"excerpt":{"rendered":"<p>Mustad v\u00f5i sinised n\u00e4omaskid elastsete k\u00f5rvasilmustega, 3-kihilised, mittesteriilsed, \u00fchekordseks kasutamiseks, 50 tk\/pakend<\/p>","protected":false},"featured_media":20910,"comment_status":"open","ping_status":"closed","template":"","meta":[],"product_brand":[290],"product_cat":[267],"product_tag":[],"class_list":{"0":"post-20908","1":"product","2":"type-product","3":"status-publish","4":"has-post-thumbnail","6":"product_brand-meditrade","7":"product_cat-vienreizlietojamie-medicinas-aizsarglidzekli","9":"first","10":"instock","11":"taxable","12":"shipping-taxable","13":"purchasable","14":"product-type-variable","15":"has-default-attributes"},"_links":{"self":[{"href":"https:\/\/medapp.lv\/et\/wp-json\/wp\/v2\/product\/20908","targetHints":{"allow":["GET"]}}],"collection":[{"href":"https:\/\/medapp.lv\/et\/wp-json\/wp\/v2\/product"}],"about":[{"href":"https:\/\/medapp.lv\/et\/wp-json\/wp\/v2\/types\/product"}],"replies":[{"embeddable":true,"href":"https:\/\/medapp.lv\/et\/wp-json\/wp\/v2\/comments?post=20908"}],"version-history":[{"count":1,"href":"https:\/\/medapp.lv\/et\/wp-json\/wp\/v2\/product\/20908\/revisions"}],"predecessor-version":[{"id":20913,"href":"https:\/\/medapp.lv\/et\/wp-json\/wp\/v2\/product\/20908\/revisions\/20913"}],"wp:featuredmedia":[{"embeddable":true,"href":"https:\/\/medapp.lv\/et\/wp-json\/wp\/v2\/media\/20910"}],"wp:attachment":[{"href":"https:\/\/medapp.lv\/et\/wp-json\/wp\/v2\/media?parent=20908"}],"wp:term":[{"taxonomy":"product_brand","embeddable":true,"href":"https:\/\/medapp.lv\/et\/wp-json\/wp\/v2\/product_brand?post=20908"},{"taxonomy":"product_cat","embeddable":true,"href":"https:\/\/medapp.lv\/et\/wp-json\/wp\/v2\/product_cat?post=20908"},{"taxonomy":"product_tag","embeddable":true,"href":"https:\/\/medapp.lv\/et\/wp-json\/wp\/v2\/product_tag?post=20908"}],"curies":[{"name":"t\u00f6\u00f6leht","href":"https:\/\/api.w.org\/{rel}","templated":true}]}}