{"id":20931,"date":"2025-06-27T10:46:46","date_gmt":"2025-06-27T08:46:46","guid":{"rendered":"https:\/\/medapp.lv\/?post_type=product&#038;p=20931"},"modified":"2026-02-22T20:24:37","modified_gmt":"2026-02-22T18:24:37","slug":"spirta-salvetites","status":"publish","type":"product","link":"https:\/\/medapp.lv\/et\/product\/spirta-salvetites\/","title":{"rendered":"Alkoholiga immutatud salvr\u00e4tikud"},"content":{"rendered":"<p>Alkoholiga immutatud salvr\u00e4tikud terve naha puhastamiseks, mittesteriilsed, ainult \u00fchekordseks kasutamiseks.<\/p>\n<p>Suurus: 3 x 6 cm 100 tk\/pakis<\/p>","protected":false},"excerpt":{"rendered":"<p>Spirta salvet\u012btes, neskartas \u0101das t\u012br\u012b\u0161anai, nesterilas, paredz\u0113tas tikai vienreiz\u0113jai lieto\u0161anai. Izm\u0113rs: 3 x 6 cm 100gb\/iepakojum\u0101<\/p>","protected":false},"featured_media":20932,"comment_status":"open","ping_status":"closed","template":"","meta":[],"product_brand":[290],"product_cat":[132],"product_tag":[],"class_list":{"0":"post-20931","1":"product","2":"type-product","3":"status-publish","4":"has-post-thumbnail","6":"product_brand-meditrade","7":"product_cat-citi","9":"first","10":"instock","11":"taxable","12":"shipping-taxable","13":"purchasable","14":"product-type-simple"},"_links":{"self":[{"href":"https:\/\/medapp.lv\/et\/wp-json\/wp\/v2\/product\/20931","targetHints":{"allow":["GET"]}}],"collection":[{"href":"https:\/\/medapp.lv\/et\/wp-json\/wp\/v2\/product"}],"about":[{"href":"https:\/\/medapp.lv\/et\/wp-json\/wp\/v2\/types\/product"}],"replies":[{"embeddable":true,"href":"https:\/\/medapp.lv\/et\/wp-json\/wp\/v2\/comments?post=20931"}],"version-history":[{"count":1,"href":"https:\/\/medapp.lv\/et\/wp-json\/wp\/v2\/product\/20931\/revisions"}],"predecessor-version":[{"id":20933,"href":"https:\/\/medapp.lv\/et\/wp-json\/wp\/v2\/product\/20931\/revisions\/20933"}],"wp:featuredmedia":[{"embeddable":true,"href":"https:\/\/medapp.lv\/et\/wp-json\/wp\/v2\/media\/20932"}],"wp:attachment":[{"href":"https:\/\/medapp.lv\/et\/wp-json\/wp\/v2\/media?parent=20931"}],"wp:term":[{"taxonomy":"product_brand","embeddable":true,"href":"https:\/\/medapp.lv\/et\/wp-json\/wp\/v2\/product_brand?post=20931"},{"taxonomy":"product_cat","embeddable":true,"href":"https:\/\/medapp.lv\/et\/wp-json\/wp\/v2\/product_cat?post=20931"},{"taxonomy":"product_tag","embeddable":true,"href":"https:\/\/medapp.lv\/et\/wp-json\/wp\/v2\/product_tag?post=20931"}],"curies":[{"name":"t\u00f6\u00f6leht","href":"https:\/\/api.w.org\/{rel}","templated":true}]}}