{"id":20941,"date":"2025-06-27T11:05:35","date_gmt":"2025-06-27T09:05:35","guid":{"rendered":"https:\/\/medapp.lv\/?post_type=product&#038;p=20941"},"modified":"2026-02-17T08:24:26","modified_gmt":"2026-02-17T06:24:26","slug":"absorbejoss-plaksteris","status":"publish","type":"product","link":"https:\/\/medapp.lv\/et\/product\/absorbejoss-plaksteris\/","title":{"rendered":"Imendav plaaster"},"content":{"rendered":"<p>Imendav plaaster, h\u00fcpoallergeenne, steriilne, ainult \u00fchekordseks kasutamiseks.<\/p>\n<p>5 x 7 cm (100 tk)<\/p>\n<p>6 x 10 cm (50 tk)<\/p>\n<p>8 x 10 cm (50 tk)<\/p>\n<p>15 x 10 cm (50 tk)<\/p>\n<p>20 x 10 cm (50 tk)<\/p>\n<p>25 x 10 cm (25 tk)<\/p>\n<p>35 x 10 cm (25 tk)<\/p>\n<p>&nbsp;<\/p>","protected":false},"excerpt":{"rendered":"<p>Absorb\u0113jo\u0161s pl\u0101ksteris, hipoaler\u0123isks, sterils, paredz\u0113ts tikai vienreiz\u0113jai lieto\u0161anai. 5 x 7 cm (100gb) 6 x 10 cm (50gb) 8 x<\/p>","protected":false},"featured_media":20950,"comment_status":"open","ping_status":"closed","template":"","meta":[],"product_brand":[290],"product_cat":[261],"product_tag":[],"class_list":{"0":"post-20941","1":"product","2":"type-product","3":"status-publish","4":"has-post-thumbnail","6":"product_brand-meditrade","7":"product_cat-parseji-un-plaksteri","9":"first","10":"instock","11":"taxable","12":"shipping-taxable","13":"purchasable","14":"product-type-variable"},"_links":{"self":[{"href":"https:\/\/medapp.lv\/et\/wp-json\/wp\/v2\/product\/20941","targetHints":{"allow":["GET"]}}],"collection":[{"href":"https:\/\/medapp.lv\/et\/wp-json\/wp\/v2\/product"}],"about":[{"href":"https:\/\/medapp.lv\/et\/wp-json\/wp\/v2\/types\/product"}],"replies":[{"embeddable":true,"href":"https:\/\/medapp.lv\/et\/wp-json\/wp\/v2\/comments?post=20941"}],"version-history":[{"count":1,"href":"https:\/\/medapp.lv\/et\/wp-json\/wp\/v2\/product\/20941\/revisions"}],"predecessor-version":[{"id":20951,"href":"https:\/\/medapp.lv\/et\/wp-json\/wp\/v2\/product\/20941\/revisions\/20951"}],"wp:featuredmedia":[{"embeddable":true,"href":"https:\/\/medapp.lv\/et\/wp-json\/wp\/v2\/media\/20950"}],"wp:attachment":[{"href":"https:\/\/medapp.lv\/et\/wp-json\/wp\/v2\/media?parent=20941"}],"wp:term":[{"taxonomy":"product_brand","embeddable":true,"href":"https:\/\/medapp.lv\/et\/wp-json\/wp\/v2\/product_brand?post=20941"},{"taxonomy":"product_cat","embeddable":true,"href":"https:\/\/medapp.lv\/et\/wp-json\/wp\/v2\/product_cat?post=20941"},{"taxonomy":"product_tag","embeddable":true,"href":"https:\/\/medapp.lv\/et\/wp-json\/wp\/v2\/product_tag?post=20941"}],"curies":[{"name":"t\u00f6\u00f6leht","href":"https:\/\/api.w.org\/{rel}","templated":true}]}}