{"id":20952,"date":"2025-06-27T11:11:43","date_gmt":"2025-06-27T09:11:43","guid":{"rendered":"https:\/\/medapp.lv\/?post_type=product&#038;p=20952"},"modified":"2025-07-17T10:04:24","modified_gmt":"2025-07-17T08:04:24","slug":"marles-bumbinas","status":"publish","type":"product","link":"https:\/\/medapp.lv\/et\/product\/marles-bumbinas\/","title":{"rendered":"Marli pallid"},"content":{"rendered":"<p>Vere ja vedelike imamiseks, mittesteriilne, ainult \u00fchekordseks kasutamiseks.<\/p>\n<p>Saadaval olevad suurused:<br \/>\n\u2022 10 x 10 cm (500 tk)<br \/>\n\u2022 15 x 16 cm (500 tk)<br \/>\n\u2022 20 x 20 cm (250 tk)<br \/>\n\u2022 25 x 26 cm (250 tk)<br \/>\n\u2022 30 x 30 cm (100 tk)<br \/>\n\u2022 30 x 40 cm (100 tk)<br \/>\n\u2022 40 x 50 cm (100 t\u00fckki)<\/p>","protected":false},"excerpt":{"rendered":"<p>Asins un \u0161\u0137idrumu uzs\u016bk\u0161anai, nesterils, paredz\u0113ts tikai vienreiz\u0113jai lieto\u0161anai. Pieejamie izm\u0113ri: \u2022 10 x 10 cm (500 gab.) \u2022 15<\/p>","protected":false},"featured_media":20961,"comment_status":"open","ping_status":"closed","template":"","meta":[],"product_brand":[290],"product_cat":[314],"product_tag":[],"class_list":{"0":"post-20952","1":"product","2":"type-product","3":"status-publish","4":"has-post-thumbnail","6":"product_brand-meditrade","7":"product_cat-operaciju-vienreizlietojamie-materiali","9":"first","10":"instock","11":"taxable","12":"shipping-taxable","13":"product-type-simple"},"_links":{"self":[{"href":"https:\/\/medapp.lv\/et\/wp-json\/wp\/v2\/product\/20952","targetHints":{"allow":["GET"]}}],"collection":[{"href":"https:\/\/medapp.lv\/et\/wp-json\/wp\/v2\/product"}],"about":[{"href":"https:\/\/medapp.lv\/et\/wp-json\/wp\/v2\/types\/product"}],"replies":[{"embeddable":true,"href":"https:\/\/medapp.lv\/et\/wp-json\/wp\/v2\/comments?post=20952"}],"version-history":[{"count":1,"href":"https:\/\/medapp.lv\/et\/wp-json\/wp\/v2\/product\/20952\/revisions"}],"predecessor-version":[{"id":20962,"href":"https:\/\/medapp.lv\/et\/wp-json\/wp\/v2\/product\/20952\/revisions\/20962"}],"wp:featuredmedia":[{"embeddable":true,"href":"https:\/\/medapp.lv\/et\/wp-json\/wp\/v2\/media\/20961"}],"wp:attachment":[{"href":"https:\/\/medapp.lv\/et\/wp-json\/wp\/v2\/media?parent=20952"}],"wp:term":[{"taxonomy":"product_brand","embeddable":true,"href":"https:\/\/medapp.lv\/et\/wp-json\/wp\/v2\/product_brand?post=20952"},{"taxonomy":"product_cat","embeddable":true,"href":"https:\/\/medapp.lv\/et\/wp-json\/wp\/v2\/product_cat?post=20952"},{"taxonomy":"product_tag","embeddable":true,"href":"https:\/\/medapp.lv\/et\/wp-json\/wp\/v2\/product_tag?post=20952"}],"curies":[{"name":"t\u00f6\u00f6leht","href":"https:\/\/api.w.org\/{rel}","templated":true}]}}