{"id":20963,"date":"2025-06-27T11:14:48","date_gmt":"2025-06-27T09:14:48","guid":{"rendered":"https:\/\/medapp.lv\/?post_type=product&#038;p=20963"},"modified":"2025-07-17T10:04:23","modified_gmt":"2025-07-17T08:04:23","slug":"injekciju-plaksteri","status":"publish","type":"product","link":"https:\/\/medapp.lv\/et\/product\/injekciju-plaksteri\/","title":{"rendered":"S\u00fcstimisplaastrid"},"content":{"rendered":"<p>Plaastrid haavade hooldamiseks p\u00e4rast vereproovi v\u00f5tmist, samuti v\u00e4iksemate vigastuste, marrastuste v\u00f5i pindmiste l\u00f5ikehaavade korral. Mittesteriilsed, ainult \u00fchekordseks kasutamiseks.<\/p>\n<p>Suurus: 4 x 2 cm | 500 tk\/pakis<\/p>","protected":false},"excerpt":{"rendered":"<p>Plaastrid haavade hooldamiseks p\u00e4rast vereproovi v\u00f5tmist, samuti v\u00e4iksemate vigastuste, marrastuste v\u00f5i pindmiste l\u00f5ikehaavade korral. Mittesteriilsed, ainult \u00fchekordseks kasutamiseks.<\/p>","protected":false},"featured_media":20964,"comment_status":"open","ping_status":"closed","template":"","meta":[],"product_brand":[290],"product_cat":[245],"product_tag":[],"class_list":{"0":"post-20963","1":"product","2":"type-product","3":"status-publish","4":"has-post-thumbnail","6":"product_brand-meditrade","7":"product_cat-parsiejamie-materiali","9":"first","10":"instock","11":"taxable","12":"shipping-taxable","13":"product-type-simple"},"_links":{"self":[{"href":"https:\/\/medapp.lv\/et\/wp-json\/wp\/v2\/product\/20963","targetHints":{"allow":["GET"]}}],"collection":[{"href":"https:\/\/medapp.lv\/et\/wp-json\/wp\/v2\/product"}],"about":[{"href":"https:\/\/medapp.lv\/et\/wp-json\/wp\/v2\/types\/product"}],"replies":[{"embeddable":true,"href":"https:\/\/medapp.lv\/et\/wp-json\/wp\/v2\/comments?post=20963"}],"version-history":[{"count":1,"href":"https:\/\/medapp.lv\/et\/wp-json\/wp\/v2\/product\/20963\/revisions"}],"predecessor-version":[{"id":20965,"href":"https:\/\/medapp.lv\/et\/wp-json\/wp\/v2\/product\/20963\/revisions\/20965"}],"wp:featuredmedia":[{"embeddable":true,"href":"https:\/\/medapp.lv\/et\/wp-json\/wp\/v2\/media\/20964"}],"wp:attachment":[{"href":"https:\/\/medapp.lv\/et\/wp-json\/wp\/v2\/media?parent=20963"}],"wp:term":[{"taxonomy":"product_brand","embeddable":true,"href":"https:\/\/medapp.lv\/et\/wp-json\/wp\/v2\/product_brand?post=20963"},{"taxonomy":"product_cat","embeddable":true,"href":"https:\/\/medapp.lv\/et\/wp-json\/wp\/v2\/product_cat?post=20963"},{"taxonomy":"product_tag","embeddable":true,"href":"https:\/\/medapp.lv\/et\/wp-json\/wp\/v2\/product_tag?post=20963"}],"curies":[{"name":"t\u00f6\u00f6leht","href":"https:\/\/api.w.org\/{rel}","templated":true}]}}